{"id":214158,"date":"2025-12-26T19:41:54","date_gmt":"2025-12-26T16:41:54","guid":{"rendered":"https:\/\/baldumarket.lt\/?post_type=product&#038;p=214158"},"modified":"2026-02-03T23:15:03","modified_gmt":"2026-02-03T20:15:03","slug":"lozko-kontynentalne-bono-180x200-tapicerowane-materac-topper-pojemnik","status":"publish","type":"product","link":"https:\/\/baldumarket.lt\/lt\/product\/lozko-kontynentalne-bono-180x200-tapicerowane-materac-topper-pojemnik\/","title":{"rendered":"Bono kontinentin\u0117 lova 180\u00d7200, apmu\u0161ta, \u010diu\u017einys, \u010diu\u017einuko u\u017etiesalas, konteineris"},"content":{"rendered":"<p>\u201eBono\u201c mink\u0161ta kontinentin\u0117 lova, kurios miegamojo plotas yra 180 \u00d7 200 cm, puikiai tinka \u0161iuolaiki\u0161kam miegamajam. Jos modern\u0173, minimalistin\u012f stili\u0173 pabr\u0117\u017eia subtilios mink\u0161to galv\u016bgalio si\u016bl\u0117s. Apatin\u0117je lovos dalyje yra du patalyn\u0117s skyriai, atsidarantys i\u0161 abiej\u0173 lovos pusi\u0173. Prieiga prie skyri\u0173 yra palengvinama automatini\u0173 spyruokli\u0173 mechanizm\u0173, kurie leid\u017eia lengvai pakelti \u010diu\u017einius. Vir\u0161utin\u0117je lovos dalyje yra 5 cm storio putplas\u010dio \u010diu\u017einys su nuimamu u\u017evalkalu. Po juo yra pagrindinis \u010diu\u017einys \u2013 septyni\u0173 zon\u0173, i\u0161 anksto suprojektuotas \u010diu\u017einys. Komplektas pagamintas i\u0161 i\u0161samaus apmu\u0161al\u0173 audini\u0173 pavyzd\u017eio, \u012ftraukto \u012f \u201eProduct Creator\u201c rinkin\u012f. Baldams reikia minimalaus surinkimo.<\/p>","protected":false},"excerpt":{"rendered":"<p>Plotis: 180 cm<br \/>\nIlgis: 213 cm<br \/>\nAuk\u0161tis: 120 cm<br \/>\nMiegamoji erdv\u0117: 180 \u00d7 200 cm<br \/>\nMiegamosios dalies auk\u0161tis: 64 cm<\/p>","protected":false},"featured_media":214282,"comment_status":"open","ping_status":"closed","template":"","meta":[],"product_brand":[],"product_cat":[505,1972,514,7271],"product_tag":[],"class_list":{"0":"post-214158","1":"product","2":"type-product","3":"status-publish","4":"has-post-thumbnail","6":"product_cat-bedroom-beds","7":"product_cat-beds-180x200","8":"product_cat-continental-beds","9":"product_cat-meble-gruszka","11":"first","12":"instock","13":"shipping-taxable","14":"purchasable","15":"product-type-variable","16":"wvs-archive-product-wrapper"},"_links":{"self":[{"href":"https:\/\/baldumarket.lt\/lt\/wp-json\/wp\/v2\/product\/214158","targetHints":{"allow":["GET"]}}],"collection":[{"href":"https:\/\/baldumarket.lt\/lt\/wp-json\/wp\/v2\/product"}],"about":[{"href":"https:\/\/baldumarket.lt\/lt\/wp-json\/wp\/v2\/types\/product"}],"replies":[{"embeddable":true,"href":"https:\/\/baldumarket.lt\/lt\/wp-json\/wp\/v2\/comments?post=214158"}],"wp:featuredmedia":[{"embeddable":true,"href":"https:\/\/baldumarket.lt\/lt\/wp-json\/wp\/v2\/media\/214282"}],"wp:attachment":[{"href":"https:\/\/baldumarket.lt\/lt\/wp-json\/wp\/v2\/media?parent=214158"}],"wp:term":[{"taxonomy":"product_brand","embeddable":true,"href":"https:\/\/baldumarket.lt\/lt\/wp-json\/wp\/v2\/product_brand?post=214158"},{"taxonomy":"product_cat","embeddable":true,"href":"https:\/\/baldumarket.lt\/lt\/wp-json\/wp\/v2\/product_cat?post=214158"},{"taxonomy":"product_tag","embeddable":true,"href":"https:\/\/baldumarket.lt\/lt\/wp-json\/wp\/v2\/product_tag?post=214158"}],"curies":[{"name":"wp","href":"https:\/\/api.w.org\/{rel}","templated":true}]}}