{"id":214156,"date":"2025-12-26T19:41:51","date_gmt":"2025-12-26T16:41:51","guid":{"rendered":"https:\/\/baldumarket.lt\/?post_type=product&#038;p=214156"},"modified":"2026-02-03T23:15:03","modified_gmt":"2026-02-03T20:15:03","slug":"lozko-kontynentalne-bono-200x200-tapicerowane-materac-topper-pojemnik","status":"publish","type":"product","link":"https:\/\/baldumarket.lt\/lt\/product\/lozko-kontynentalne-bono-200x200-tapicerowane-materac-topper-pojemnik\/","title":{"rendered":"Bono kontinentin\u0117 lova 200\u00d7200, apmu\u0161ta, \u010diu\u017einys, \u010diu\u017einuko u\u017etiesalas, konteineris"},"content":{"rendered":"<p>\u201eBono\u201c kontinentin\u0117 lova, kurios miegamojo plotas yra 200 \u00d7 200 cm, pasi\u017eymi auk\u0161tu galv\u016bgaliu, dekoruotu subtiliomis si\u016bl\u0117mis, pabr\u0117\u017eian\u010diomis modern\u0173 ir minimalistin\u012f jos charakter\u012f. Joje yra du patalyn\u0117s skyriai, atsidarantys i\u0161 abiej\u0173 lovos pusi\u0173. \u0160is atidarymas nereikalauja daug pastang\u0173 d\u0117l automatini\u0173 spyruokli\u0173 mechanizm\u0173. Vir\u0161utin\u0117je dalyje yra patogus septyni\u0173 zon\u0173 ki\u0161enini\u0173 spyruokli\u0173 \u010diu\u017einys ir putplas\u010dio \u010diu\u017einys. Komplekt\u0105 surinkti reikia minimaliai. Audini\u0173 pavyzd\u017eius rasite gamini\u0173 vedlyje.<\/p>","protected":false},"excerpt":{"rendered":"<p>Plotis: 200 cm<br \/>\nIlgis: 213 cm<br \/>\nAuk\u0161tis: 120 cm<br \/>\nMiegamasis plotas: 200 \u00d7 200 cm<br \/>\nMiegojimo auk\u0161tis: 64 cm<\/p>","protected":false},"featured_media":214276,"comment_status":"open","ping_status":"closed","template":"","meta":[],"product_brand":[],"product_cat":[505,9143,514,7271],"product_tag":[],"class_list":{"0":"post-214156","1":"product","2":"type-product","3":"status-publish","4":"has-post-thumbnail","6":"product_cat-bedroom-beds","7":"product_cat-beds-200x200","8":"product_cat-continental-beds","9":"product_cat-meble-gruszka","11":"first","12":"instock","13":"shipping-taxable","14":"purchasable","15":"product-type-variable","16":"wvs-archive-product-wrapper"},"_links":{"self":[{"href":"https:\/\/baldumarket.lt\/lt\/wp-json\/wp\/v2\/product\/214156","targetHints":{"allow":["GET"]}}],"collection":[{"href":"https:\/\/baldumarket.lt\/lt\/wp-json\/wp\/v2\/product"}],"about":[{"href":"https:\/\/baldumarket.lt\/lt\/wp-json\/wp\/v2\/types\/product"}],"replies":[{"embeddable":true,"href":"https:\/\/baldumarket.lt\/lt\/wp-json\/wp\/v2\/comments?post=214156"}],"wp:featuredmedia":[{"embeddable":true,"href":"https:\/\/baldumarket.lt\/lt\/wp-json\/wp\/v2\/media\/214276"}],"wp:attachment":[{"href":"https:\/\/baldumarket.lt\/lt\/wp-json\/wp\/v2\/media?parent=214156"}],"wp:term":[{"taxonomy":"product_brand","embeddable":true,"href":"https:\/\/baldumarket.lt\/lt\/wp-json\/wp\/v2\/product_brand?post=214156"},{"taxonomy":"product_cat","embeddable":true,"href":"https:\/\/baldumarket.lt\/lt\/wp-json\/wp\/v2\/product_cat?post=214156"},{"taxonomy":"product_tag","embeddable":true,"href":"https:\/\/baldumarket.lt\/lt\/wp-json\/wp\/v2\/product_tag?post=214156"}],"curies":[{"name":"wp","href":"https:\/\/api.w.org\/{rel}","templated":true}]}}