{"id":214140,"date":"2025-12-26T19:41:15","date_gmt":"2025-12-26T16:41:15","guid":{"rendered":"https:\/\/baldumarket.lt\/?post_type=product&#038;p=214140"},"modified":"2026-02-03T23:15:03","modified_gmt":"2026-02-03T20:15:03","slug":"lozko-kontynentalne-brando-120x200-tapicerowane-materac-topper-pojemnik","status":"publish","type":"product","link":"https:\/\/baldumarket.lt\/lt\/product\/lozko-kontynentalne-brando-120x200-tapicerowane-materac-topper-pojemnik\/","title":{"rendered":"Brando kontinentin\u0117 lova 120\u00d7200, apmu\u0161ta, \u010diu\u017einys, \u010diu\u017einuko u\u017etiesalas, konteineris"},"content":{"rendered":"<p>Jei ie\u0161kote patrauklios, prabangios lovos su gausiai dekoruotu galv\u016bgaliu, turime jums puik\u0173 pasirinkim\u0105: \u201eBrando\u201c lov\u0105! Jos gra\u017eus, stilizuotas galv\u016bgalis puo\u0161tas giliomis, kry\u017emin\u0117mis si\u016bl\u0117mis, einan\u010diomis per vis\u0105 ilg\u012f. Jis taip pat suteikia puiki\u0105 nugaros atram\u0105 vakarui \u017ei\u016brint filmus ar skaitant m\u0117gstam\u0105 knyg\u0105. Lovoje yra simetri\u0161kai i\u0161 abiej\u0173 pusi\u0173 i\u0161d\u0117styti patalyn\u0117s skyriai, vir\u0161 kuri\u0173 yra ki\u0161enini\u0173 spyruokli\u0173 \u010diu\u017einiai, kurie atsidaro spyruokliniu mechanizmu. Ant lovos vir\u0161aus u\u017ed\u0117tas ma\u017edaug 5 cm storio putplas\u010dio ant\u010diu\u017einis. Visa lova remiasi \u012f stilingas, blizgan\u010dias, chromuotas metalines kojeles. Lov\u0105 galima u\u017esisakyti i\u0161 plataus audini\u0173 pavyzd\u017ei\u0173 asortimento.<\/p>","protected":false},"excerpt":{"rendered":"<p>Plotis: 122 cm<br \/>\nIlgis: 208 cm<br \/>\n\u016agis: 123 cm<br \/>\nMiegamasis plotas: 120 \u00d7 200 cm<br \/>\nMiegojimo auk\u0161tis: 61 cm<\/p>","protected":false},"featured_media":214265,"comment_status":"open","ping_status":"closed","template":"","meta":[],"product_brand":[],"product_cat":[505,1969,514,7271],"product_tag":[],"class_list":{"0":"post-214140","1":"product","2":"type-product","3":"status-publish","4":"has-post-thumbnail","6":"product_cat-bedroom-beds","7":"product_cat-beds-120x200","8":"product_cat-continental-beds","9":"product_cat-meble-gruszka","11":"first","12":"instock","13":"shipping-taxable","14":"purchasable","15":"product-type-variable","16":"wvs-archive-product-wrapper"},"_links":{"self":[{"href":"https:\/\/baldumarket.lt\/lt\/wp-json\/wp\/v2\/product\/214140","targetHints":{"allow":["GET"]}}],"collection":[{"href":"https:\/\/baldumarket.lt\/lt\/wp-json\/wp\/v2\/product"}],"about":[{"href":"https:\/\/baldumarket.lt\/lt\/wp-json\/wp\/v2\/types\/product"}],"replies":[{"embeddable":true,"href":"https:\/\/baldumarket.lt\/lt\/wp-json\/wp\/v2\/comments?post=214140"}],"wp:featuredmedia":[{"embeddable":true,"href":"https:\/\/baldumarket.lt\/lt\/wp-json\/wp\/v2\/media\/214265"}],"wp:attachment":[{"href":"https:\/\/baldumarket.lt\/lt\/wp-json\/wp\/v2\/media?parent=214140"}],"wp:term":[{"taxonomy":"product_brand","embeddable":true,"href":"https:\/\/baldumarket.lt\/lt\/wp-json\/wp\/v2\/product_brand?post=214140"},{"taxonomy":"product_cat","embeddable":true,"href":"https:\/\/baldumarket.lt\/lt\/wp-json\/wp\/v2\/product_cat?post=214140"},{"taxonomy":"product_tag","embeddable":true,"href":"https:\/\/baldumarket.lt\/lt\/wp-json\/wp\/v2\/product_tag?post=214140"}],"curies":[{"name":"wp","href":"https:\/\/api.w.org\/{rel}","templated":true}]}}