{"id":214131,"date":"2025-12-26T19:40:47","date_gmt":"2025-12-26T16:40:47","guid":{"rendered":"https:\/\/baldumarket.lt\/?post_type=product&#038;p=214131"},"modified":"2026-02-03T23:15:03","modified_gmt":"2026-02-03T20:15:03","slug":"lozko-kontynentalne-brando-140x200-tapicerowane-materac-topper-pojemnik","status":"publish","type":"product","link":"https:\/\/baldumarket.lt\/lt\/product\/lozko-kontynentalne-brando-140x200-tapicerowane-materac-topper-pojemnik\/","title":{"rendered":"Brando kontinentin\u0117 lova 140\u00d7200, apmu\u0161ta, \u010diu\u017einys, \u010diu\u017einuko u\u017etiesalas, konteineris"},"content":{"rendered":"<p>\u2019Brando\u201c kontinentin\u0117 lova, kurios miegamojo plotas yra 140 \u00d7 200 cm, idealiai tinka ma\u017eesniems miegamiesiems ir paaugli\u0173 kambariams. Pagaminta prabangiu stiliumi, ji i\u0161siskiria gra\u017eiu chromuotu pagrindu ir galv\u016bgaliu, dygsniuotais \u012fstri\u017eais, susikertan\u010diais linijomis. Lovoje yra ki\u0161enini\u0173 spyruokli\u0173 \u010diu\u017einys ir poliuretano put\u0173 \u010diu\u017einys. Apatin\u0117je lovos dalyje yra du patalyn\u0117s skyriai, kiekvienas atidaromas spyruokliniais mechanizmais. Lova pristatoma i\u0161ardyta. Audini\u0173 pavyzd\u017eius rasite gamini\u0173 vedlyje.<\/p>","protected":false},"excerpt":{"rendered":"<p>Plotis: 142 cm<br \/>\nIlgis: 208 cm<br \/>\n\u016agis: 123 cm<br \/>\nMiegamasis plotas: 140 \u00d7 200 cm<br \/>\nMiegamosios dalies auk\u0161tis: 61 cm<\/p>","protected":false},"featured_media":214258,"comment_status":"open","ping_status":"closed","template":"","meta":[],"product_brand":[],"product_cat":[505,1970,514,7271],"product_tag":[],"class_list":{"0":"post-214131","1":"product","2":"type-product","3":"status-publish","4":"has-post-thumbnail","6":"product_cat-bedroom-beds","7":"product_cat-beds-140x200","8":"product_cat-continental-beds","9":"product_cat-meble-gruszka","11":"first","12":"instock","13":"shipping-taxable","14":"purchasable","15":"product-type-variable","16":"wvs-archive-product-wrapper"},"_links":{"self":[{"href":"https:\/\/baldumarket.lt\/lt\/wp-json\/wp\/v2\/product\/214131","targetHints":{"allow":["GET"]}}],"collection":[{"href":"https:\/\/baldumarket.lt\/lt\/wp-json\/wp\/v2\/product"}],"about":[{"href":"https:\/\/baldumarket.lt\/lt\/wp-json\/wp\/v2\/types\/product"}],"replies":[{"embeddable":true,"href":"https:\/\/baldumarket.lt\/lt\/wp-json\/wp\/v2\/comments?post=214131"}],"wp:featuredmedia":[{"embeddable":true,"href":"https:\/\/baldumarket.lt\/lt\/wp-json\/wp\/v2\/media\/214258"}],"wp:attachment":[{"href":"https:\/\/baldumarket.lt\/lt\/wp-json\/wp\/v2\/media?parent=214131"}],"wp:term":[{"taxonomy":"product_brand","embeddable":true,"href":"https:\/\/baldumarket.lt\/lt\/wp-json\/wp\/v2\/product_brand?post=214131"},{"taxonomy":"product_cat","embeddable":true,"href":"https:\/\/baldumarket.lt\/lt\/wp-json\/wp\/v2\/product_cat?post=214131"},{"taxonomy":"product_tag","embeddable":true,"href":"https:\/\/baldumarket.lt\/lt\/wp-json\/wp\/v2\/product_tag?post=214131"}],"curies":[{"name":"wp","href":"https:\/\/api.w.org\/{rel}","templated":true}]}}