{"id":214129,"date":"2025-12-26T19:40:44","date_gmt":"2025-12-26T16:40:44","guid":{"rendered":"https:\/\/baldumarket.lt\/?post_type=product&#038;p=214129"},"modified":"2026-02-03T23:15:04","modified_gmt":"2026-02-03T20:15:04","slug":"lozko-kontynentalne-brando-160x200-tapicerowane-materac-topper-pojemnik","status":"publish","type":"product","link":"https:\/\/baldumarket.lt\/lt\/product\/lozko-kontynentalne-brando-160x200-tapicerowane-materac-topper-pojemnik\/","title":{"rendered":"Brando kontinentin\u0117 lova 160\u00d7200, apmu\u0161ta, \u010diu\u017einys, \u010diu\u017einuko u\u017etiesalas, konteineris"},"content":{"rendered":"<p>Gra\u017eioji \u201eBrando\u201c kontinentin\u0117 lova, 160 \u00d7 200 cm, pasi\u017eymi \u017eavingu dizainu, kur\u012f pabr\u0117\u017eia chromuota metalin\u0117 koja. Galv\u016bgalis puo\u0161tas i\u0161skirtin\u0117mis \u012fstri\u017eomis si\u016bl\u0117mis. Lovoje yra du erdv\u016bs patalyn\u0117s skyriai, kiekvienas atidaromas spyruokliniais mechanizmais. Septyni\u0173 zon\u0173 ki\u0161enini\u0173 spyruokli\u0173 \u010diu\u017einys su putplas\u010dio vir\u0161utiniu sluoksniu u\u017etikrina patog\u0173 dienos ir nakties poils\u012f. Baldai pagaminti i\u0161 i\u0161samaus audini\u0173 pavyzd\u017ei\u0173 rinkinio, kur\u012f galite rasti \u201eProduct Creator\u201c svetain\u0117je. Komplekt\u0105 reikia surinkti minimaliai.<\/p>","protected":false},"excerpt":{"rendered":"<p>Plotis: 162 cm<br \/>\nIlgis: 208 cm<br \/>\n\u016agis: 123 cm<br \/>\nMiegamoji erdv\u0117: 160 \u00d7 200 cm<br \/>\nMiegojimo auk\u0161tis: 61 cm<\/p>","protected":false},"featured_media":214247,"comment_status":"open","ping_status":"closed","template":"","meta":[],"product_brand":[],"product_cat":[505,1971,514,7271],"product_tag":[],"class_list":{"0":"post-214129","1":"product","2":"type-product","3":"status-publish","4":"has-post-thumbnail","6":"product_cat-bedroom-beds","7":"product_cat-beds-160x200","8":"product_cat-continental-beds","9":"product_cat-meble-gruszka","11":"first","12":"instock","13":"shipping-taxable","14":"purchasable","15":"product-type-variable","16":"wvs-archive-product-wrapper"},"_links":{"self":[{"href":"https:\/\/baldumarket.lt\/lt\/wp-json\/wp\/v2\/product\/214129","targetHints":{"allow":["GET"]}}],"collection":[{"href":"https:\/\/baldumarket.lt\/lt\/wp-json\/wp\/v2\/product"}],"about":[{"href":"https:\/\/baldumarket.lt\/lt\/wp-json\/wp\/v2\/types\/product"}],"replies":[{"embeddable":true,"href":"https:\/\/baldumarket.lt\/lt\/wp-json\/wp\/v2\/comments?post=214129"}],"wp:featuredmedia":[{"embeddable":true,"href":"https:\/\/baldumarket.lt\/lt\/wp-json\/wp\/v2\/media\/214247"}],"wp:attachment":[{"href":"https:\/\/baldumarket.lt\/lt\/wp-json\/wp\/v2\/media?parent=214129"}],"wp:term":[{"taxonomy":"product_brand","embeddable":true,"href":"https:\/\/baldumarket.lt\/lt\/wp-json\/wp\/v2\/product_brand?post=214129"},{"taxonomy":"product_cat","embeddable":true,"href":"https:\/\/baldumarket.lt\/lt\/wp-json\/wp\/v2\/product_cat?post=214129"},{"taxonomy":"product_tag","embeddable":true,"href":"https:\/\/baldumarket.lt\/lt\/wp-json\/wp\/v2\/product_tag?post=214129"}],"curies":[{"name":"wp","href":"https:\/\/api.w.org\/{rel}","templated":true}]}}