{"id":214113,"date":"2025-12-26T19:40:03","date_gmt":"2025-12-26T16:40:03","guid":{"rendered":"https:\/\/baldumarket.lt\/?post_type=product&#038;p=214113"},"modified":"2026-02-03T23:15:04","modified_gmt":"2026-02-03T20:15:04","slug":"lozko-kontynentalne-brando-180x200-tapicerowane-materac-topper-pojemnik","status":"publish","type":"product","link":"https:\/\/baldumarket.lt\/lt\/product\/lozko-kontynentalne-brando-180x200-tapicerowane-materac-topper-pojemnik\/","title":{"rendered":"Brando kontinentin\u0117 lova 180\u00d7200, apmu\u0161ta, \u010diu\u017einys, \u010diu\u017einuko u\u017etiesalas, konteineris"},"content":{"rendered":"<p>Jei ie\u0161kote patrauklios, prabangios lovos su gausiai dekoruotu galv\u016bgaliu, turime jums puik\u0173 pasirinkim\u0105: \u201eBrando\u201c lov\u0105 su 180 \u00d7 200 cm miegojimo erdve! Jos gra\u017eus, stilizuotas galv\u016bgalis puo\u0161tas giliomis, kry\u017emin\u0117mis si\u016bl\u0117mis, einan\u010diomis per vis\u0105 lov\u0105. Jis taip pat suteikia puiki\u0105 nugaros atram\u0105 vakarui \u017ei\u016brint film\u0105 ar skaitant m\u0117gstam\u0105 knyg\u0105. Balde yra du patalyn\u0117s skyriai, kurie atsidaro abiejose lovos pus\u0117se. Prieiga prie \u0161i\u0173 skyri\u0173 yra lengva d\u0117l automatini\u0173 spyruokli\u0173 mechanizm\u0173, tod\u0117l tai daroma nesunkiai. Ant vir\u0161aus u\u017ed\u0117tas putplas\u010dio ant\u010diu\u017einis su nuimamu u\u017evalkalu. Tiesiai po juo yra pagrindinis \u010diu\u017einys \u2013 septyni\u0173 zon\u0173 ki\u0161enin\u0117 spyruokl\u0117. Visas baldas remiasi \u012f stilingas chromuotas kojeles, kurios pabr\u0117\u017eia baldo charakter\u012f. Apmu\u0161al\u0173 audini\u0173 pavyzd\u012f galite rasti \u201eProduct Creator\u201c svetain\u0117je. Baldams reikia minimalaus surinkimo.<\/p>","protected":false},"excerpt":{"rendered":"<p>Plotis: 182 cm<br \/>\nIlgis: 208 cm<br \/>\n\u016agis: 123 cm<br \/>\nMiegamoji erdv\u0117: 180 \u00d7 200 cm<br \/>\nMiegojimo auk\u0161tis: 61 cm<\/p>","protected":false},"featured_media":214240,"comment_status":"open","ping_status":"closed","template":"","meta":[],"product_brand":[],"product_cat":[505,1972,514,7271],"product_tag":[],"class_list":{"0":"post-214113","1":"product","2":"type-product","3":"status-publish","4":"has-post-thumbnail","6":"product_cat-bedroom-beds","7":"product_cat-beds-180x200","8":"product_cat-continental-beds","9":"product_cat-meble-gruszka","11":"first","12":"instock","13":"shipping-taxable","14":"purchasable","15":"product-type-variable","16":"wvs-archive-product-wrapper"},"_links":{"self":[{"href":"https:\/\/baldumarket.lt\/lt\/wp-json\/wp\/v2\/product\/214113","targetHints":{"allow":["GET"]}}],"collection":[{"href":"https:\/\/baldumarket.lt\/lt\/wp-json\/wp\/v2\/product"}],"about":[{"href":"https:\/\/baldumarket.lt\/lt\/wp-json\/wp\/v2\/types\/product"}],"replies":[{"embeddable":true,"href":"https:\/\/baldumarket.lt\/lt\/wp-json\/wp\/v2\/comments?post=214113"}],"wp:featuredmedia":[{"embeddable":true,"href":"https:\/\/baldumarket.lt\/lt\/wp-json\/wp\/v2\/media\/214240"}],"wp:attachment":[{"href":"https:\/\/baldumarket.lt\/lt\/wp-json\/wp\/v2\/media?parent=214113"}],"wp:term":[{"taxonomy":"product_brand","embeddable":true,"href":"https:\/\/baldumarket.lt\/lt\/wp-json\/wp\/v2\/product_brand?post=214113"},{"taxonomy":"product_cat","embeddable":true,"href":"https:\/\/baldumarket.lt\/lt\/wp-json\/wp\/v2\/product_cat?post=214113"},{"taxonomy":"product_tag","embeddable":true,"href":"https:\/\/baldumarket.lt\/lt\/wp-json\/wp\/v2\/product_tag?post=214113"}],"curies":[{"name":"wp","href":"https:\/\/api.w.org\/{rel}","templated":true}]}}