{"id":214097,"date":"2025-12-26T19:39:21","date_gmt":"2025-12-26T16:39:21","guid":{"rendered":"https:\/\/baldumarket.lt\/?post_type=product&#038;p=214097"},"modified":"2026-02-03T23:15:04","modified_gmt":"2026-02-03T20:15:04","slug":"lozko-kontynentalne-california-140x200-z-oswietleniem-tapicerowane-materace-topper-pojemnik","status":"publish","type":"product","link":"https:\/\/baldumarket.lt\/lt\/product\/lozko-kontynentalne-california-140x200-z-oswietleniem-tapicerowane-materace-topper-pojemnik\/","title":{"rendered":"Kalifornijos kontinentin\u0117 lova 140\u00d7200, su ap\u0161vietimu, apmu\u0161ta, \u010diu\u017einiais, \u010diu\u017einio u\u017etiesalu, konteineriu"},"content":{"rendered":"<p>\u201eGruszka Meble\u201c lova \u201eCalifornia 140\u00d7200\u201c, kuri\u0105 galima \u012fsigyti \u201eMeblostrada24.pl\u201c, yra puikus pasirinkimas tiems, kurie vertina patog\u0173 mieg\u0105, modern\u0173 dizain\u0105 ir subtil\u0173, prabang\u0173 interjero akcent\u0105. Tai ne tik baldas \u2013 tai tikra miegamojo puo\u0161mena, \u017eavinti savo estetika ir prakti\u0161kais sprendimais.<\/p>","protected":false},"excerpt":{"rendered":"<p>Plotis: 172 cm<br \/>\nIlgis: 208 cm<br \/>\n\u016agis: 118 cm<br \/>\nMiegamasis plotas: 140 \u00d7 200 cm<br \/>\nMiegamosios dalies auk\u0161tis: 62 cm<\/p>","protected":false},"featured_media":214222,"comment_status":"open","ping_status":"closed","template":"","meta":[],"product_brand":[],"product_cat":[505,1970,514,7271],"product_tag":[],"class_list":{"0":"post-214097","1":"product","2":"type-product","3":"status-publish","4":"has-post-thumbnail","6":"product_cat-bedroom-beds","7":"product_cat-beds-140x200","8":"product_cat-continental-beds","9":"product_cat-meble-gruszka","11":"first","12":"instock","13":"shipping-taxable","14":"purchasable","15":"product-type-variable","16":"wvs-archive-product-wrapper"},"_links":{"self":[{"href":"https:\/\/baldumarket.lt\/lt\/wp-json\/wp\/v2\/product\/214097","targetHints":{"allow":["GET"]}}],"collection":[{"href":"https:\/\/baldumarket.lt\/lt\/wp-json\/wp\/v2\/product"}],"about":[{"href":"https:\/\/baldumarket.lt\/lt\/wp-json\/wp\/v2\/types\/product"}],"replies":[{"embeddable":true,"href":"https:\/\/baldumarket.lt\/lt\/wp-json\/wp\/v2\/comments?post=214097"}],"wp:featuredmedia":[{"embeddable":true,"href":"https:\/\/baldumarket.lt\/lt\/wp-json\/wp\/v2\/media\/214222"}],"wp:attachment":[{"href":"https:\/\/baldumarket.lt\/lt\/wp-json\/wp\/v2\/media?parent=214097"}],"wp:term":[{"taxonomy":"product_brand","embeddable":true,"href":"https:\/\/baldumarket.lt\/lt\/wp-json\/wp\/v2\/product_brand?post=214097"},{"taxonomy":"product_cat","embeddable":true,"href":"https:\/\/baldumarket.lt\/lt\/wp-json\/wp\/v2\/product_cat?post=214097"},{"taxonomy":"product_tag","embeddable":true,"href":"https:\/\/baldumarket.lt\/lt\/wp-json\/wp\/v2\/product_tag?post=214097"}],"curies":[{"name":"wp","href":"https:\/\/api.w.org\/{rel}","templated":true}]}}