{"id":214083,"date":"2025-12-26T19:38:42","date_gmt":"2025-12-26T16:38:42","guid":{"rendered":"https:\/\/baldumarket.lt\/?post_type=product&#038;p=214083"},"modified":"2026-02-03T23:15:04","modified_gmt":"2026-02-03T20:15:04","slug":"lozko-kontynentalne-california-180x200-z-oswietleniem-tapicerowane-materace-topper-pojemnik","status":"publish","type":"product","link":"https:\/\/baldumarket.lt\/lt\/product\/lozko-kontynentalne-california-180x200-z-oswietleniem-tapicerowane-materace-topper-pojemnik\/","title":{"rendered":"Kalifornijos kontinentin\u0117 lova 180\u00d7200, su ap\u0161vietimu, apmu\u0161ta, \u010diu\u017einiais, \u010diu\u017einio u\u017etiesalu, konteineriu"},"content":{"rendered":"<p>Garsaus \u201eGruszka Meble\u201c prek\u0117s \u017eenklo \u201eCalifornia\u201c lova, 180 \u00d7 200 cm, kuri\u0105 galima \u012fsigyti \u201eMeblostrada24.pl\u201c, \u012fk\u016bnija modernaus elegancijos ir prakti\u0161ko po\u017ei\u016brio \u012f kasdien\u012f poils\u012f esm\u0119. D\u0117l didelio dyd\u017eio ir unikalios estetikos ji idealiai tinka erdviems miegamiesiems, kur svarbus ir stilius, ir komfortas.<\/p>","protected":false},"excerpt":{"rendered":"<p>Plotis: 212 cm<br \/>\nIlgis: 208 cm<br \/>\n\u016agis: 118 cm<br \/>\nMiegamoji erdv\u0117: 180 \u00d7 200 cm<br \/>\nMiegojimo auk\u0161tis: 62 cm<\/p>","protected":false},"featured_media":214205,"comment_status":"open","ping_status":"closed","template":"","meta":[],"product_brand":[],"product_cat":[505,1972,514,7271],"product_tag":[],"class_list":{"0":"post-214083","1":"product","2":"type-product","3":"status-publish","4":"has-post-thumbnail","6":"product_cat-bedroom-beds","7":"product_cat-beds-180x200","8":"product_cat-continental-beds","9":"product_cat-meble-gruszka","11":"first","12":"instock","13":"shipping-taxable","14":"purchasable","15":"product-type-variable","16":"wvs-archive-product-wrapper"},"_links":{"self":[{"href":"https:\/\/baldumarket.lt\/lt\/wp-json\/wp\/v2\/product\/214083","targetHints":{"allow":["GET"]}}],"collection":[{"href":"https:\/\/baldumarket.lt\/lt\/wp-json\/wp\/v2\/product"}],"about":[{"href":"https:\/\/baldumarket.lt\/lt\/wp-json\/wp\/v2\/types\/product"}],"replies":[{"embeddable":true,"href":"https:\/\/baldumarket.lt\/lt\/wp-json\/wp\/v2\/comments?post=214083"}],"wp:featuredmedia":[{"embeddable":true,"href":"https:\/\/baldumarket.lt\/lt\/wp-json\/wp\/v2\/media\/214205"}],"wp:attachment":[{"href":"https:\/\/baldumarket.lt\/lt\/wp-json\/wp\/v2\/media?parent=214083"}],"wp:term":[{"taxonomy":"product_brand","embeddable":true,"href":"https:\/\/baldumarket.lt\/lt\/wp-json\/wp\/v2\/product_brand?post=214083"},{"taxonomy":"product_cat","embeddable":true,"href":"https:\/\/baldumarket.lt\/lt\/wp-json\/wp\/v2\/product_cat?post=214083"},{"taxonomy":"product_tag","embeddable":true,"href":"https:\/\/baldumarket.lt\/lt\/wp-json\/wp\/v2\/product_tag?post=214083"}],"curies":[{"name":"wp","href":"https:\/\/api.w.org\/{rel}","templated":true}]}}