{"id":214081,"date":"2025-12-26T19:38:40","date_gmt":"2025-12-26T16:38:40","guid":{"rendered":"https:\/\/baldumarket.lt\/?post_type=product&#038;p=214081"},"modified":"2026-02-03T23:15:04","modified_gmt":"2026-02-03T20:15:04","slug":"lozko-kontynentalne-california-200x200-z-oswietleniem-tapicerowane-materace-topper-pojemnik","status":"publish","type":"product","link":"https:\/\/baldumarket.lt\/lt\/product\/lozko-kontynentalne-california-200x200-z-oswietleniem-tapicerowane-materace-topper-pojemnik\/","title":{"rendered":"Kalifornijos kontinentin\u0117 lova 200\u00d7200, su ap\u0161vietimu, apmu\u0161ta, \u010diu\u017einiais, \u010diu\u017einio u\u017etiesalu, konteineriu"},"content":{"rendered":"<p>\u201eGruszka Meble\u201c 200 \u00d7 200 cm dyd\u017eio Kalifornijos lova, kuri\u0105 galima \u012fsigyti \u201eMeblostrada24.pl\u201c, yra puikus pasirinkimas ie\u0161kantiems erdvios, patogios ir stilingos lovos savo miegamajam. \u0160is modelis apjungia modern\u0173 dizain\u0105, funkcionalum\u0105 ir auk\u0161\u010diausi\u0105 komforto lyg\u012f, tod\u0117l puikiai tinka bet kuriam dideliam miegamajam.<\/p>","protected":false},"excerpt":{"rendered":"<p>Plotis: 232 cm<br \/>\nIlgis: 208 cm<br \/>\n\u016agis: 118 cm<br \/>\nMiegamasis plotas: 200 \u00d7 200 cm<br \/>\nMiegojimo auk\u0161tis: 62 cm<\/p>","protected":false},"featured_media":214195,"comment_status":"open","ping_status":"closed","template":"","meta":[],"product_brand":[],"product_cat":[505,9143,514,7271],"product_tag":[],"class_list":{"0":"post-214081","1":"product","2":"type-product","3":"status-publish","4":"has-post-thumbnail","6":"product_cat-bedroom-beds","7":"product_cat-beds-200x200","8":"product_cat-continental-beds","9":"product_cat-meble-gruszka","11":"first","12":"instock","13":"shipping-taxable","14":"purchasable","15":"product-type-variable","16":"wvs-archive-product-wrapper"},"_links":{"self":[{"href":"https:\/\/baldumarket.lt\/lt\/wp-json\/wp\/v2\/product\/214081","targetHints":{"allow":["GET"]}}],"collection":[{"href":"https:\/\/baldumarket.lt\/lt\/wp-json\/wp\/v2\/product"}],"about":[{"href":"https:\/\/baldumarket.lt\/lt\/wp-json\/wp\/v2\/types\/product"}],"replies":[{"embeddable":true,"href":"https:\/\/baldumarket.lt\/lt\/wp-json\/wp\/v2\/comments?post=214081"}],"wp:featuredmedia":[{"embeddable":true,"href":"https:\/\/baldumarket.lt\/lt\/wp-json\/wp\/v2\/media\/214195"}],"wp:attachment":[{"href":"https:\/\/baldumarket.lt\/lt\/wp-json\/wp\/v2\/media?parent=214081"}],"wp:term":[{"taxonomy":"product_brand","embeddable":true,"href":"https:\/\/baldumarket.lt\/lt\/wp-json\/wp\/v2\/product_brand?post=214081"},{"taxonomy":"product_cat","embeddable":true,"href":"https:\/\/baldumarket.lt\/lt\/wp-json\/wp\/v2\/product_cat?post=214081"},{"taxonomy":"product_tag","embeddable":true,"href":"https:\/\/baldumarket.lt\/lt\/wp-json\/wp\/v2\/product_tag?post=214081"}],"curies":[{"name":"wp","href":"https:\/\/api.w.org\/{rel}","templated":true}]}}