{"id":214067,"date":"2025-12-26T19:38:00","date_gmt":"2025-12-26T16:38:00","guid":{"rendered":"https:\/\/baldumarket.lt\/?post_type=product&#038;p=214067"},"modified":"2026-02-03T23:15:05","modified_gmt":"2026-02-03T20:15:05","slug":"lozko-kontynentalne-calvani-140x200-tapicerowane-materace-topper-pojemnik","status":"publish","type":"product","link":"https:\/\/baldumarket.lt\/lt\/product\/lozko-kontynentalne-calvani-140x200-tapicerowane-materace-topper-pojemnik\/","title":{"rendered":"Calvani kontinentin\u0117 lova 140\u00d7200, apmu\u0161ta, \u010diu\u017einiai, \u010diu\u017einys su u\u017etiesalu, konteineris"},"content":{"rendered":"<p>Ie\u0161kote modernios lovos savo miegamajam, kurioje der\u0117t\u0173 eleganti\u0161kas dizainas, patogus miegas ir prakti\u0161ka daikt\u0173 laikymo vieta? \u201eCalvani\u201c 140 \u00d7 200 cm kontinentin\u0117 lova, kuri\u0105 galima \u012fsigyti \u201eMebloStrada24.pl\u201c, skirta i\u0161rankiems vartotojams, vertinantiems estetik\u0105 ir komfort\u0105.<\/p>","protected":false},"excerpt":{"rendered":"<p>Plotis: 144 cm<br \/>\nIlgis: 214 cm<br \/>\nAuk\u0161tis: 103 cm<br \/>\nMiegamasis plotas: 140 \u00d7 200 cm<br \/>\nMiegamosios dalies auk\u0161tis: 51 cm<\/p>","protected":false},"featured_media":214178,"comment_status":"open","ping_status":"closed","template":"","meta":[],"product_brand":[],"product_cat":[505,1970,514,7271],"product_tag":[],"class_list":{"0":"post-214067","1":"product","2":"type-product","3":"status-publish","4":"has-post-thumbnail","6":"product_cat-bedroom-beds","7":"product_cat-beds-140x200","8":"product_cat-continental-beds","9":"product_cat-meble-gruszka","11":"first","12":"instock","13":"shipping-taxable","14":"purchasable","15":"product-type-variable","16":"wvs-archive-product-wrapper"},"_links":{"self":[{"href":"https:\/\/baldumarket.lt\/lt\/wp-json\/wp\/v2\/product\/214067","targetHints":{"allow":["GET"]}}],"collection":[{"href":"https:\/\/baldumarket.lt\/lt\/wp-json\/wp\/v2\/product"}],"about":[{"href":"https:\/\/baldumarket.lt\/lt\/wp-json\/wp\/v2\/types\/product"}],"replies":[{"embeddable":true,"href":"https:\/\/baldumarket.lt\/lt\/wp-json\/wp\/v2\/comments?post=214067"}],"wp:featuredmedia":[{"embeddable":true,"href":"https:\/\/baldumarket.lt\/lt\/wp-json\/wp\/v2\/media\/214178"}],"wp:attachment":[{"href":"https:\/\/baldumarket.lt\/lt\/wp-json\/wp\/v2\/media?parent=214067"}],"wp:term":[{"taxonomy":"product_brand","embeddable":true,"href":"https:\/\/baldumarket.lt\/lt\/wp-json\/wp\/v2\/product_brand?post=214067"},{"taxonomy":"product_cat","embeddable":true,"href":"https:\/\/baldumarket.lt\/lt\/wp-json\/wp\/v2\/product_cat?post=214067"},{"taxonomy":"product_tag","embeddable":true,"href":"https:\/\/baldumarket.lt\/lt\/wp-json\/wp\/v2\/product_tag?post=214067"}],"curies":[{"name":"wp","href":"https:\/\/api.w.org\/{rel}","templated":true}]}}