{"id":21401,"date":"2025-11-14T13:17:19","date_gmt":"2025-11-14T10:17:19","guid":{"rendered":"https:\/\/baldumarket.lt\/product\/grace-lustro-okragle-na-pasku-80cm-czarny\/"},"modified":"2026-03-24T18:26:18","modified_gmt":"2026-03-24T15:26:18","slug":"grace-lustro-okragle-na-pasku-80cm-czarny","status":"publish","type":"product","link":"https:\/\/baldumarket.lt\/lt\/product\/grace-lustro-okragle-na-pasku-80cm-czarny\/","title":{"rendered":"\u201eGrace\u201c apvalus veidrodis su dir\u017eeliu, 80 cm, juodas"},"content":{"rendered":"<p>Apvalus veidrodis \u201eGrace\u201c yra labai prakti\u0161kas nam\u0173 baldas. Jis puikiai tinka miegamajam, svetainei ar vonios kambariui. Be universalaus patrauklumo, \u201eGrace\u201c veidrodis yra trij\u0173 skersmen\u0173: 60 cm, 80 cm ir 100 cm. Apvalaus veidrod\u017eio \u201eGrace\u201c aliuminio r\u0117mo plotis ir gylis yra 2 centimetrai. Papildomas privalumas yra tai, kad r\u0117me n\u0117ra matom\u0173 jung\u010di\u0173. Tai ne tik pagerina veidrod\u017eio i\u0161vaizd\u0105, bet ir jo patvarum\u0105. \u201eGrace\u201c yra dviej\u0173 r\u0117mo spalv\u0173: juodos ir baltos. M\u016bs\u0173 apvalus veidrodis pagamintas i\u0161 auk\u0161tos kokyb\u0117s stiklo, o veidrod\u017eio pavir\u0161ius padengtas specialia pl\u0117vele. Tai rei\u0161kia, kad stiklas nesudu\u017eta \u012f smulkius gabal\u0117lius, jei sudu\u017et\u0173, ir tai tikrai padeda i\u0161vengti traum\u0173. Sumontavus \u201eGrace\u201c ant sienos, tvirtinimo detal\u0117s yra pasl\u0117ptos, o kartu su veidrod\u017eiu yra prid\u0117tas pakabinimo kabliukas. Tai leid\u017eia greitai ir lengvai pakabinti \u201eGrace\u201c. 60 ir 80 centimetr\u0173 veidrod\u017eius taip pat galima \u012fsigyti su dir\u017eeliu arba virvele. Klasikin\u0117s sm\u0117lio spalvos sizalio virv\u0117, pagaminta i\u0161 agavos pluo\u0161to, suteiks j\u016bs\u0173 namams papildomo elemento. Juodas dirbtin\u0117s odos dir\u017eelis \u2013 tikras malonumas tiems, kurie vertina klasikin\u012f dizain\u0105. Dir\u017eelis ir virvel\u0117 yra dekoratyv\u016bs elementai, o veidrod\u017eiai taip pat turi nematomus kabliukus dekoracijoms pakabinti ant sienos. \u0160is sprendimas u\u017etikrina, kad veidrod\u017eiai tvirtai kab\u0117t\u0173, o virvel\u0117 ir dir\u017eelis b\u016bt\u0173 apsaugoti nuo per didelio nusid\u0117v\u0117jimo.<\/p>","protected":false},"excerpt":{"rendered":"<p>Apvalus veidrodis \u201eGrace\u201c yra labai prakti\u0161kas nam\u0173 baldas. Jis puikiai tinka miegamajam, svetainei ar vonios kambariui. Be universalaus patrauklumo, \u201eGrace\u201c veidrodis yra trij\u0173 skersmen\u0173: 60 cm, 80 cm ir 100 cm. Apvalaus veidrod\u017eio \u201eGrace\u201c aliuminio r\u0117mo plotis ir gylis yra 2 centimetrai. [\u2026]<\/p>","protected":false},"featured_media":21402,"comment_status":"open","ping_status":"open","template":"","meta":[],"product_brand":[],"product_cat":[2012,9165,1108],"product_tag":[],"class_list":{"0":"post-21401","1":"product","2":"type-product","3":"status-publish","4":"has-post-thumbnail","6":"product_cat-eltap","7":"product_cat-lustra-eltap","8":"product_cat-mirrors","9":"pa_frame-material-undefined","10":"pa_frame-material-type-undefined","11":"pa_leg-color-undefined","12":"pa_leg-material-undefined","13":"pa_linen-box-undefined","14":"pa_main-color-black","15":"pa_price-group-basic","16":"pa_seat-depth-undefined","17":"pa_seat-width-undefined","18":"pa_sleep-function-undefined","19":"pa_sleeping-area-length-undefined","20":"pa_sleeping-area-width-undefined","21":"pa_style-undefined","22":"pa_textile-lustro","23":"pa_upholstery-material-undefined","25":"first","26":"instock","27":"purchasable","28":"product-type-simple"},"_links":{"self":[{"href":"https:\/\/baldumarket.lt\/lt\/wp-json\/wp\/v2\/product\/21401","targetHints":{"allow":["GET"]}}],"collection":[{"href":"https:\/\/baldumarket.lt\/lt\/wp-json\/wp\/v2\/product"}],"about":[{"href":"https:\/\/baldumarket.lt\/lt\/wp-json\/wp\/v2\/types\/product"}],"replies":[{"embeddable":true,"href":"https:\/\/baldumarket.lt\/lt\/wp-json\/wp\/v2\/comments?post=21401"}],"wp:featuredmedia":[{"embeddable":true,"href":"https:\/\/baldumarket.lt\/lt\/wp-json\/wp\/v2\/media\/21402"}],"wp:attachment":[{"href":"https:\/\/baldumarket.lt\/lt\/wp-json\/wp\/v2\/media?parent=21401"}],"wp:term":[{"taxonomy":"product_brand","embeddable":true,"href":"https:\/\/baldumarket.lt\/lt\/wp-json\/wp\/v2\/product_brand?post=21401"},{"taxonomy":"product_cat","embeddable":true,"href":"https:\/\/baldumarket.lt\/lt\/wp-json\/wp\/v2\/product_cat?post=21401"},{"taxonomy":"product_tag","embeddable":true,"href":"https:\/\/baldumarket.lt\/lt\/wp-json\/wp\/v2\/product_tag?post=21401"}],"curies":[{"name":"wp","href":"https:\/\/api.w.org\/{rel}","templated":true}]}}