{"id":214004,"date":"2025-12-26T19:35:29","date_gmt":"2025-12-26T16:35:29","guid":{"rendered":"https:\/\/baldumarket.lt\/?post_type=product&#038;p=214004"},"modified":"2026-02-03T23:15:06","modified_gmt":"2026-02-03T20:15:06","slug":"lozko-kontynentalne-carmen-180x200-tapicerowane-materace-topper-pojemnik","status":"publish","type":"product","link":"https:\/\/baldumarket.lt\/lt\/product\/lozko-kontynentalne-carmen-180x200-tapicerowane-materace-topper-pojemnik\/","title":{"rendered":"Carmen kontinentin\u0117 lova 180&#215;200, apmu\u0161ta, \u010diu\u017einiai, \u010diu\u017einys ant\u010diu\u017einys, konteineris"},"content":{"rendered":"<p>Ie\u0161kote patogios ir esteti\u0161kai patrauklios lovos dideliam miegamajam? Garsaus \u201eGruszka Meble\u201c prek\u0117s \u017eenklo \u201eCarmen\u201c 180 \u00d7 200 cm kontinentin\u0117 lova, kuri\u0105 galima \u012fsigyti \u201eMeblostrada24.pl\u201c, yra modelis, sukurtas atsi\u017evelgiant \u012f auk\u0161\u010diausius standartus. Stilingas dizainas, puiki ergonomika ir i\u0161man\u016bs sprendimai daro j\u0105 puikiu pasirinkimu tiems, kuriems svarbiausia patogumas ir funkcionalumas.<\/p>","protected":false},"excerpt":{"rendered":"<p>Plotis: 184 cm<br \/>\nIlgis: 213 cm<br \/>\nAuk\u0161tis: 103 cm<br \/>\nMiegamoji erdv\u0117: 180 \u00d7 200 cm<br \/>\nMiegamosios dalies auk\u0161tis: 53 cm<\/p>","protected":false},"featured_media":214114,"comment_status":"open","ping_status":"closed","template":"","meta":[],"product_brand":[],"product_cat":[505,1972,514,7271],"product_tag":[],"class_list":{"0":"post-214004","1":"product","2":"type-product","3":"status-publish","4":"has-post-thumbnail","6":"product_cat-bedroom-beds","7":"product_cat-beds-180x200","8":"product_cat-continental-beds","9":"product_cat-meble-gruszka","11":"first","12":"instock","13":"shipping-taxable","14":"purchasable","15":"product-type-variable","16":"wvs-archive-product-wrapper"},"_links":{"self":[{"href":"https:\/\/baldumarket.lt\/lt\/wp-json\/wp\/v2\/product\/214004","targetHints":{"allow":["GET"]}}],"collection":[{"href":"https:\/\/baldumarket.lt\/lt\/wp-json\/wp\/v2\/product"}],"about":[{"href":"https:\/\/baldumarket.lt\/lt\/wp-json\/wp\/v2\/types\/product"}],"replies":[{"embeddable":true,"href":"https:\/\/baldumarket.lt\/lt\/wp-json\/wp\/v2\/comments?post=214004"}],"wp:featuredmedia":[{"embeddable":true,"href":"https:\/\/baldumarket.lt\/lt\/wp-json\/wp\/v2\/media\/214114"}],"wp:attachment":[{"href":"https:\/\/baldumarket.lt\/lt\/wp-json\/wp\/v2\/media?parent=214004"}],"wp:term":[{"taxonomy":"product_brand","embeddable":true,"href":"https:\/\/baldumarket.lt\/lt\/wp-json\/wp\/v2\/product_brand?post=214004"},{"taxonomy":"product_cat","embeddable":true,"href":"https:\/\/baldumarket.lt\/lt\/wp-json\/wp\/v2\/product_cat?post=214004"},{"taxonomy":"product_tag","embeddable":true,"href":"https:\/\/baldumarket.lt\/lt\/wp-json\/wp\/v2\/product_tag?post=214004"}],"curies":[{"name":"wp","href":"https:\/\/api.w.org\/{rel}","templated":true}]}}