{"id":213979,"date":"2025-12-26T19:34:27","date_gmt":"2025-12-26T16:34:27","guid":{"rendered":"https:\/\/baldumarket.lt\/?post_type=product&#038;p=213979"},"modified":"2026-02-03T23:15:06","modified_gmt":"2026-02-03T20:15:06","slug":"lozko-kontynentalne-caschmire-120x200-tapicerowane-materac-topper-pojemnik","status":"publish","type":"product","link":"https:\/\/baldumarket.lt\/lt\/product\/lozko-kontynentalne-caschmire-120x200-tapicerowane-materac-topper-pojemnik\/","title":{"rendered":"\u201eCaschmire\u201c kontinentin\u0117 lova 120\u00d7200, apmu\u0161ta, \u010diu\u017einys, \u010diu\u017einuko u\u017etiesalas, konteineris"},"content":{"rendered":"<p>\u201eCaschmire\u201c kontinentin\u0117 lova, kurios miegamoji erdv\u0117 yra 120 \u00d7 200 cm, puikiai tinka jaunimo kambariui arba ma\u017eam miegamajam. Komplektas traukia d\u0117mes\u012f gausiai dekoruotu galv\u016bgaliu su metalin\u0117mis knied\u0117mis ir dailiomis chromuotomis kojel\u0117mis. Septyni\u0173 zon\u0173 ki\u0161enini\u0173 spyruokli\u0173 \u010diu\u017einys su \u010diu\u017einio u\u017etiesalu u\u017etikrina patog\u0173 poils\u012f. U\u017etiesalas pagamintas i\u0161 ma\u017edaug 5 cm storio poliuretano put\u0173. Apatin\u0117je lovos dalyje yra du \u0161oniniai patalyn\u0117s skyriai. Apmu\u0161al\u0173 audini\u0173 pavyzd\u012f galite rasti \u201eProduct Creator\u201c svetain\u0117je. Baldams reikia minimalaus surinkimo.<\/p>","protected":false},"excerpt":{"rendered":"<p>Plotis: 122 cm<br \/>\nIlgis: 205 cm<br \/>\nAuk\u0161tis: 120 cm<br \/>\nMiegamasis plotas: 120 \u00d7 200 cm<br \/>\nMiegamosios dalies auk\u0161tis: 61 cm<\/p>","protected":false},"featured_media":214098,"comment_status":"open","ping_status":"closed","template":"","meta":[],"product_brand":[],"product_cat":[505,1969,514,7271],"product_tag":[],"class_list":{"0":"post-213979","1":"product","2":"type-product","3":"status-publish","4":"has-post-thumbnail","6":"product_cat-bedroom-beds","7":"product_cat-beds-120x200","8":"product_cat-continental-beds","9":"product_cat-meble-gruszka","11":"first","12":"instock","13":"shipping-taxable","14":"purchasable","15":"product-type-variable","16":"wvs-archive-product-wrapper"},"_links":{"self":[{"href":"https:\/\/baldumarket.lt\/lt\/wp-json\/wp\/v2\/product\/213979","targetHints":{"allow":["GET"]}}],"collection":[{"href":"https:\/\/baldumarket.lt\/lt\/wp-json\/wp\/v2\/product"}],"about":[{"href":"https:\/\/baldumarket.lt\/lt\/wp-json\/wp\/v2\/types\/product"}],"replies":[{"embeddable":true,"href":"https:\/\/baldumarket.lt\/lt\/wp-json\/wp\/v2\/comments?post=213979"}],"wp:featuredmedia":[{"embeddable":true,"href":"https:\/\/baldumarket.lt\/lt\/wp-json\/wp\/v2\/media\/214098"}],"wp:attachment":[{"href":"https:\/\/baldumarket.lt\/lt\/wp-json\/wp\/v2\/media?parent=213979"}],"wp:term":[{"taxonomy":"product_brand","embeddable":true,"href":"https:\/\/baldumarket.lt\/lt\/wp-json\/wp\/v2\/product_brand?post=213979"},{"taxonomy":"product_cat","embeddable":true,"href":"https:\/\/baldumarket.lt\/lt\/wp-json\/wp\/v2\/product_cat?post=213979"},{"taxonomy":"product_tag","embeddable":true,"href":"https:\/\/baldumarket.lt\/lt\/wp-json\/wp\/v2\/product_tag?post=213979"}],"curies":[{"name":"wp","href":"https:\/\/api.w.org\/{rel}","templated":true}]}}