{"id":213977,"date":"2025-12-26T19:34:21","date_gmt":"2025-12-26T16:34:21","guid":{"rendered":"https:\/\/baldumarket.lt\/?post_type=product&#038;p=213977"},"modified":"2026-02-03T23:15:06","modified_gmt":"2026-02-03T20:15:06","slug":"lozko-kontynentalne-caschmire-140x200-tapicerowane-materac-topper-pojemnik","status":"publish","type":"product","link":"https:\/\/baldumarket.lt\/lt\/product\/lozko-kontynentalne-caschmire-140x200-tapicerowane-materac-topper-pojemnik\/","title":{"rendered":"\u201eCaschmire\u201c kontinentin\u0117 lova 140\u00d7200, apmu\u0161ta, \u010diu\u017einys, \u010diu\u017einuko u\u017etiesalas, konteineris"},"content":{"rendered":"<p>Prabangi \u2019Caschmire\u201c kontinentin\u0117 lova, kurios miegamoji dalis yra 140 \u00d7 200 cm, puikiai tinka ma\u017eesniems miegamiesiems ir paaugli\u0173 kambariams. Baldai \u017eavi savo detaliu meistri\u0161kumu. Apmu\u0161tas galv\u016bgalis papildomai dekoruotas metalin\u0117mis knied\u0117mis. Lovoje yra septyni\u0173 zon\u0173 ki\u0161enini\u0173 spyruokli\u0173 \u010diu\u017einys. Ant miegamosios dalies u\u017ed\u0117tas 5 cm storio putplas\u010dio u\u017etiesalas. Apatin\u0117je komplekto dalyje yra \u012f \u0161onus atsidaran\u010dios patalyn\u0117s d\u0117\u017e\u0117s su automatiniais spyruokliniais mechanizmais. Visas komplektas stovi ant gra\u017ei\u0173, prabangi\u0173 kojeli\u0173. Baldams reikia minimalaus surinkimo. Audini\u0173 pavyzd\u017eius galite rasti \u201eProduct Creator\u201c svetain\u0117je.<\/p>","protected":false},"excerpt":{"rendered":"<p>Plotis: 142 cm<br \/>\nIlgis: 205 cm<br \/>\nAuk\u0161tis: 120 cm<br \/>\nMiegamasis plotas: 140 \u00d7 200 cm<br \/>\nMiegamosios dalies auk\u0161tis: 61 cm<\/p>","protected":false},"featured_media":214089,"comment_status":"open","ping_status":"closed","template":"","meta":[],"product_brand":[],"product_cat":[505,1970,514,7271],"product_tag":[],"class_list":{"0":"post-213977","1":"product","2":"type-product","3":"status-publish","4":"has-post-thumbnail","6":"product_cat-bedroom-beds","7":"product_cat-beds-140x200","8":"product_cat-continental-beds","9":"product_cat-meble-gruszka","11":"first","12":"instock","13":"shipping-taxable","14":"purchasable","15":"product-type-variable","16":"wvs-archive-product-wrapper"},"_links":{"self":[{"href":"https:\/\/baldumarket.lt\/lt\/wp-json\/wp\/v2\/product\/213977","targetHints":{"allow":["GET"]}}],"collection":[{"href":"https:\/\/baldumarket.lt\/lt\/wp-json\/wp\/v2\/product"}],"about":[{"href":"https:\/\/baldumarket.lt\/lt\/wp-json\/wp\/v2\/types\/product"}],"replies":[{"embeddable":true,"href":"https:\/\/baldumarket.lt\/lt\/wp-json\/wp\/v2\/comments?post=213977"}],"wp:featuredmedia":[{"embeddable":true,"href":"https:\/\/baldumarket.lt\/lt\/wp-json\/wp\/v2\/media\/214089"}],"wp:attachment":[{"href":"https:\/\/baldumarket.lt\/lt\/wp-json\/wp\/v2\/media?parent=213977"}],"wp:term":[{"taxonomy":"product_brand","embeddable":true,"href":"https:\/\/baldumarket.lt\/lt\/wp-json\/wp\/v2\/product_brand?post=213977"},{"taxonomy":"product_cat","embeddable":true,"href":"https:\/\/baldumarket.lt\/lt\/wp-json\/wp\/v2\/product_cat?post=213977"},{"taxonomy":"product_tag","embeddable":true,"href":"https:\/\/baldumarket.lt\/lt\/wp-json\/wp\/v2\/product_tag?post=213977"}],"curies":[{"name":"wp","href":"https:\/\/api.w.org\/{rel}","templated":true}]}}