{"id":213961,"date":"2025-12-26T19:33:38","date_gmt":"2025-12-26T16:33:38","guid":{"rendered":"https:\/\/baldumarket.lt\/?post_type=product&#038;p=213961"},"modified":"2026-02-03T23:15:06","modified_gmt":"2026-02-03T20:15:06","slug":"lozko-kontynentalne-caschmire-160x200-tapicerowane-materac-topper-pojemnik","status":"publish","type":"product","link":"https:\/\/baldumarket.lt\/lt\/product\/lozko-kontynentalne-caschmire-160x200-tapicerowane-materac-topper-pojemnik\/","title":{"rendered":"\u201eCaschmire\u201c kontinentin\u0117 lova 160\u00d7200, apmu\u0161ta, \u010diu\u017einys, \u010diu\u017einuko u\u017etiesalas, konteineris"},"content":{"rendered":"<p>Prabangi \u201eCaschmire\u201c kontinentin\u0117 lova, kurios miegamojo plotas yra 160 \u00d7 200 cm, \u017eavi savo galv\u016bgaliu, papuo\u0161tu metalin\u0117mis knied\u0117mis. Lovoje apa\u010dioje yra du patalyn\u0117s skyriai. Juos atidaryti padeda automatiniai spyruokliniai mechanizmai, tod\u0117l tai padaryti paprasta. Ki\u0161enini\u0173 spyruokli\u0173 \u010diu\u017einys ir 5 cm storio putplas\u010dio vir\u0161utinis sluoksnis u\u017etikrina patog\u0173 poils\u012f dien\u0105 ir nakt\u012f. Visa lova remiasi \u012f gra\u017eias metalines kojeles, suteikian\u010dias lengvumo. Komplektas pristatomas paruo\u0161tas surinkimui. \u201eProduct Creator\u201c svetain\u0117je rasite plat\u0173 apmu\u0161al\u0173 audini\u0173 pasirinkim\u0105.<\/p>","protected":false},"excerpt":{"rendered":"<p>Plotis: 162 cm<br \/>\nIlgis: 205 cm<br \/>\nAuk\u0161tis: 120 cm<br \/>\nMiegamoji erdv\u0117: 160 \u00d7 200 cm<br \/>\nMiegamosios dalies auk\u0161tis: 61 cm<\/p>","protected":false},"featured_media":214084,"comment_status":"open","ping_status":"closed","template":"","meta":[],"product_brand":[],"product_cat":[505,1971,514,7271],"product_tag":[],"class_list":{"0":"post-213961","1":"product","2":"type-product","3":"status-publish","4":"has-post-thumbnail","6":"product_cat-bedroom-beds","7":"product_cat-beds-160x200","8":"product_cat-continental-beds","9":"product_cat-meble-gruszka","11":"first","12":"instock","13":"shipping-taxable","14":"purchasable","15":"product-type-variable","16":"wvs-archive-product-wrapper"},"_links":{"self":[{"href":"https:\/\/baldumarket.lt\/lt\/wp-json\/wp\/v2\/product\/213961","targetHints":{"allow":["GET"]}}],"collection":[{"href":"https:\/\/baldumarket.lt\/lt\/wp-json\/wp\/v2\/product"}],"about":[{"href":"https:\/\/baldumarket.lt\/lt\/wp-json\/wp\/v2\/types\/product"}],"replies":[{"embeddable":true,"href":"https:\/\/baldumarket.lt\/lt\/wp-json\/wp\/v2\/comments?post=213961"}],"wp:featuredmedia":[{"embeddable":true,"href":"https:\/\/baldumarket.lt\/lt\/wp-json\/wp\/v2\/media\/214084"}],"wp:attachment":[{"href":"https:\/\/baldumarket.lt\/lt\/wp-json\/wp\/v2\/media?parent=213961"}],"wp:term":[{"taxonomy":"product_brand","embeddable":true,"href":"https:\/\/baldumarket.lt\/lt\/wp-json\/wp\/v2\/product_brand?post=213961"},{"taxonomy":"product_cat","embeddable":true,"href":"https:\/\/baldumarket.lt\/lt\/wp-json\/wp\/v2\/product_cat?post=213961"},{"taxonomy":"product_tag","embeddable":true,"href":"https:\/\/baldumarket.lt\/lt\/wp-json\/wp\/v2\/product_tag?post=213961"}],"curies":[{"name":"wp","href":"https:\/\/api.w.org\/{rel}","templated":true}]}}