{"id":213952,"date":"2025-12-26T19:33:08","date_gmt":"2025-12-26T16:33:08","guid":{"rendered":"https:\/\/baldumarket.lt\/?post_type=product&#038;p=213952"},"modified":"2026-02-03T23:15:06","modified_gmt":"2026-02-03T20:15:06","slug":"lozko-kontynentalne-caschmire-180x200-tapicerowane-materac-topper-pojemnik","status":"publish","type":"product","link":"https:\/\/baldumarket.lt\/lt\/product\/lozko-kontynentalne-caschmire-180x200-tapicerowane-materac-topper-pojemnik\/","title":{"rendered":"\u201eCaschmire\u201c kontinentin\u0117 lova 180\u00d7200, apmu\u0161ta, \u010diu\u017einys, \u010diu\u017einuko u\u017etiesalas, konteineris"},"content":{"rendered":"<p>Originalaus dizaino ir gra\u017eiai pagaminta \u201eCaschmire\u201c kontinentin\u0117 lova, kurios miegamoji erdv\u0117 yra 180 \u00d7 200 cm, \u017eavi savo detal\u0117mis. Auk\u0161tas, apmu\u0161tas galv\u016bgalis, dekoruotas arkin\u0117mis si\u016bl\u0117mis, dar labiau pary\u0161kintas metalin\u0117mis knied\u0117mis, pabr\u0117\u017eian\u010diomis baldo charakter\u012f. Apatin\u0117je dalyje yra du patalyn\u0117s skyriai, kuriuose taip pat galima susid\u0117ti papildomus megztinius ar antklodes. Septyni\u0173 zon\u0173 ki\u0161enini\u0173 spyruokli\u0173 \u010diu\u017einys su 5 cm storio putplas\u010dio vir\u0161utiniu sluoksniu u\u017etikrina patog\u0173 poils\u012f. Visa lova remiasi \u012f gra\u017eias, prabangias chromuotas kojeles. Komplekt\u0105 surinkti reikia minimaliai. I\u0161sam\u0173 audini\u0173 pavyzd\u012f rasite \u201eProduct Creator\u201c svetain\u0117je.<\/p>","protected":false},"excerpt":{"rendered":"<p>Plotis: 182 cm<br \/>\nIlgis: 205 cm<br \/>\nAuk\u0161tis: 120 cm<br \/>\nMiegamoji erdv\u0117: 180 \u00d7 200 cm<br \/>\nMiegamosios dalies auk\u0161tis: 61 cm<\/p>","protected":false},"featured_media":214075,"comment_status":"open","ping_status":"closed","template":"","meta":[],"product_brand":[],"product_cat":[505,1972,514,7271],"product_tag":[],"class_list":{"0":"post-213952","1":"product","2":"type-product","3":"status-publish","4":"has-post-thumbnail","6":"product_cat-bedroom-beds","7":"product_cat-beds-180x200","8":"product_cat-continental-beds","9":"product_cat-meble-gruszka","11":"first","12":"instock","13":"shipping-taxable","14":"purchasable","15":"product-type-variable","16":"wvs-archive-product-wrapper"},"_links":{"self":[{"href":"https:\/\/baldumarket.lt\/lt\/wp-json\/wp\/v2\/product\/213952","targetHints":{"allow":["GET"]}}],"collection":[{"href":"https:\/\/baldumarket.lt\/lt\/wp-json\/wp\/v2\/product"}],"about":[{"href":"https:\/\/baldumarket.lt\/lt\/wp-json\/wp\/v2\/types\/product"}],"replies":[{"embeddable":true,"href":"https:\/\/baldumarket.lt\/lt\/wp-json\/wp\/v2\/comments?post=213952"}],"wp:featuredmedia":[{"embeddable":true,"href":"https:\/\/baldumarket.lt\/lt\/wp-json\/wp\/v2\/media\/214075"}],"wp:attachment":[{"href":"https:\/\/baldumarket.lt\/lt\/wp-json\/wp\/v2\/media?parent=213952"}],"wp:term":[{"taxonomy":"product_brand","embeddable":true,"href":"https:\/\/baldumarket.lt\/lt\/wp-json\/wp\/v2\/product_brand?post=213952"},{"taxonomy":"product_cat","embeddable":true,"href":"https:\/\/baldumarket.lt\/lt\/wp-json\/wp\/v2\/product_cat?post=213952"},{"taxonomy":"product_tag","embeddable":true,"href":"https:\/\/baldumarket.lt\/lt\/wp-json\/wp\/v2\/product_tag?post=213952"}],"curies":[{"name":"wp","href":"https:\/\/api.w.org\/{rel}","templated":true}]}}