{"id":213950,"date":"2025-12-26T19:33:05","date_gmt":"2025-12-26T16:33:05","guid":{"rendered":"https:\/\/baldumarket.lt\/?post_type=product&#038;p=213950"},"modified":"2026-02-03T23:15:07","modified_gmt":"2026-02-03T20:15:07","slug":"lozko-kontynentalne-caschmire-200x200-tapicerowane-materac-topper-pojemnik","status":"publish","type":"product","link":"https:\/\/baldumarket.lt\/lt\/product\/lozko-kontynentalne-caschmire-200x200-tapicerowane-materac-topper-pojemnik\/","title":{"rendered":"\u201eCaschmire\u201c kontinentin\u0117 lova 200\u00d7200, apmu\u0161ta, \u010diu\u017einys, \u010diu\u017einuko u\u017etiesalas, konteineris"},"content":{"rendered":"<p>Didel\u0117, erdvi \u201eCaschmire\u201c kontinentin\u0117 lova, kurios miegamoji erdv\u0117 yra 200 \u00d7 200 cm, \u017eavi savo dizainu, atspindin\u010diu prabangaus stiliaus standartus. Mink\u0161tas galv\u016bgalis, papuo\u0161tas metalin\u0117mis knied\u0117mis, pabr\u0117\u017eia klasikin\u012f charakter\u012f. Lovoje yra du erdv\u016bs patalyn\u0117s skyriai, kurie atsidaro i\u0161 abiej\u0173 pusi\u0173. Siekiant suma\u017einti pastangas, naudojami automatiniai spyruokli\u0173 mechanizmai. Vir\u0161utin\u0117je lovos dalyje yra septyni\u0173 zon\u0173 ki\u0161enini\u0173 spyruokli\u0173 \u010diu\u017einys, kur\u012f laiko 5 cm storio putplas\u010dio \u010diu\u017einys. Lova pristatoma paruo\u0161ta surinkti, tod\u0117l surinkimas reikalauja minimalaus darbo. Baldini\u0173 audini\u0173 pavyzd\u012f galite rasti gamini\u0173 vedlyje.<\/p>","protected":false},"excerpt":{"rendered":"<p>Plotis: 202 cm<br \/>\nIlgis: 205 cm<br \/>\nAuk\u0161tis: 120 cm<br \/>\nMiegamasis plotas: 200 \u00d7 200 cm<br \/>\nMiegojimo auk\u0161tis: 61 cm<\/p>","protected":false},"featured_media":214070,"comment_status":"open","ping_status":"closed","template":"","meta":[],"product_brand":[],"product_cat":[505,9143,514,7271],"product_tag":[],"class_list":{"0":"post-213950","1":"product","2":"type-product","3":"status-publish","4":"has-post-thumbnail","6":"product_cat-bedroom-beds","7":"product_cat-beds-200x200","8":"product_cat-continental-beds","9":"product_cat-meble-gruszka","11":"first","12":"instock","13":"shipping-taxable","14":"purchasable","15":"product-type-variable","16":"wvs-archive-product-wrapper"},"_links":{"self":[{"href":"https:\/\/baldumarket.lt\/lt\/wp-json\/wp\/v2\/product\/213950","targetHints":{"allow":["GET"]}}],"collection":[{"href":"https:\/\/baldumarket.lt\/lt\/wp-json\/wp\/v2\/product"}],"about":[{"href":"https:\/\/baldumarket.lt\/lt\/wp-json\/wp\/v2\/types\/product"}],"replies":[{"embeddable":true,"href":"https:\/\/baldumarket.lt\/lt\/wp-json\/wp\/v2\/comments?post=213950"}],"wp:featuredmedia":[{"embeddable":true,"href":"https:\/\/baldumarket.lt\/lt\/wp-json\/wp\/v2\/media\/214070"}],"wp:attachment":[{"href":"https:\/\/baldumarket.lt\/lt\/wp-json\/wp\/v2\/media?parent=213950"}],"wp:term":[{"taxonomy":"product_brand","embeddable":true,"href":"https:\/\/baldumarket.lt\/lt\/wp-json\/wp\/v2\/product_brand?post=213950"},{"taxonomy":"product_cat","embeddable":true,"href":"https:\/\/baldumarket.lt\/lt\/wp-json\/wp\/v2\/product_cat?post=213950"},{"taxonomy":"product_tag","embeddable":true,"href":"https:\/\/baldumarket.lt\/lt\/wp-json\/wp\/v2\/product_tag?post=213950"}],"curies":[{"name":"wp","href":"https:\/\/api.w.org\/{rel}","templated":true}]}}