{"id":213916,"date":"2025-12-26T19:31:45","date_gmt":"2025-12-26T16:31:45","guid":{"rendered":"https:\/\/baldumarket.lt\/?post_type=product&#038;p=213916"},"modified":"2026-02-03T23:15:07","modified_gmt":"2026-02-03T20:15:07","slug":"lozko-kontynentalne-castel-160x200-tapicerowane-materace-topper-pojemnik","status":"publish","type":"product","link":"https:\/\/baldumarket.lt\/lt\/product\/lozko-kontynentalne-castel-160x200-tapicerowane-materace-topper-pojemnik\/","title":{"rendered":"\u201eCastel\u201c kontinentin\u0117 lova 160\u00d7200, apmu\u0161ta, \u010diu\u017einiai, \u010diu\u017einys ant\u010diu\u017einiui, konteineris"},"content":{"rendered":"<p>Svajojate apie lov\u0105, kurioje eleganti\u0161kas dizainas der\u0117t\u0173 su maksimaliu miego komfortu? \u201eCastel 160\u00d7200\u201c \u2013 tai mink\u0161ta kontinentin\u0117 lova, sukurta galvojant apie reikliausius vartotojus. Ji pasi\u017eymi auk\u0161tu, dygsniuotu galv\u016bgaliu, \u0161oniniais patalyn\u0117s skyriais ir patogia \u010diu\u017eini\u0173 sistema. Visa tai \u2013 eleganti\u0161kas, modernus dizainas.<\/p>","protected":false},"excerpt":{"rendered":"<p>Plotis: 167 cm<br \/>\nIlgis: 217 cm<br \/>\n\u016agis: 121 cm<br \/>\nMiegamoji erdv\u0117: 160 \u00d7 200 cm<br \/>\nMiegojimo auk\u0161tis: 59 cm<\/p>","protected":false},"featured_media":214042,"comment_status":"open","ping_status":"closed","template":"","meta":[],"product_brand":[],"product_cat":[505,1971,514,7271],"product_tag":[],"class_list":{"0":"post-213916","1":"product","2":"type-product","3":"status-publish","4":"has-post-thumbnail","6":"product_cat-bedroom-beds","7":"product_cat-beds-160x200","8":"product_cat-continental-beds","9":"product_cat-meble-gruszka","11":"first","12":"instock","13":"shipping-taxable","14":"purchasable","15":"product-type-variable","16":"wvs-archive-product-wrapper"},"_links":{"self":[{"href":"https:\/\/baldumarket.lt\/lt\/wp-json\/wp\/v2\/product\/213916","targetHints":{"allow":["GET"]}}],"collection":[{"href":"https:\/\/baldumarket.lt\/lt\/wp-json\/wp\/v2\/product"}],"about":[{"href":"https:\/\/baldumarket.lt\/lt\/wp-json\/wp\/v2\/types\/product"}],"replies":[{"embeddable":true,"href":"https:\/\/baldumarket.lt\/lt\/wp-json\/wp\/v2\/comments?post=213916"}],"wp:featuredmedia":[{"embeddable":true,"href":"https:\/\/baldumarket.lt\/lt\/wp-json\/wp\/v2\/media\/214042"}],"wp:attachment":[{"href":"https:\/\/baldumarket.lt\/lt\/wp-json\/wp\/v2\/media?parent=213916"}],"wp:term":[{"taxonomy":"product_brand","embeddable":true,"href":"https:\/\/baldumarket.lt\/lt\/wp-json\/wp\/v2\/product_brand?post=213916"},{"taxonomy":"product_cat","embeddable":true,"href":"https:\/\/baldumarket.lt\/lt\/wp-json\/wp\/v2\/product_cat?post=213916"},{"taxonomy":"product_tag","embeddable":true,"href":"https:\/\/baldumarket.lt\/lt\/wp-json\/wp\/v2\/product_tag?post=213916"}],"curies":[{"name":"wp","href":"https:\/\/api.w.org\/{rel}","templated":true}]}}