{"id":213914,"date":"2025-12-26T19:31:43","date_gmt":"2025-12-26T16:31:43","guid":{"rendered":"https:\/\/baldumarket.lt\/?post_type=product&#038;p=213914"},"modified":"2026-02-03T23:15:08","modified_gmt":"2026-02-03T20:15:08","slug":"lozko-kontynentalne-castel-180x200-tapicerowane-materace-topper-pojemnik","status":"publish","type":"product","link":"https:\/\/baldumarket.lt\/lt\/product\/lozko-kontynentalne-castel-180x200-tapicerowane-materace-topper-pojemnik\/","title":{"rendered":"\u201eCastel\u201c kontinentin\u0117 lova 180\u00d7200, apmu\u0161ta, \u010diu\u017einiai, \u010diu\u017einys ant\u010diu\u017einys, konteineris"},"content":{"rendered":"<p>Ie\u0161kote eleganti\u0161kos ir patogios dvigul\u0117s lovos? \u201eCastel\u201c 180 \u00d7 200 cm \u2013 puikus sprendimas poroms, vertinan\u010dioms erdv\u0119 ir prabangi\u0105 i\u0161vaizd\u0105. Apmu\u0161ta, kruop\u0161\u010diai apdirbta, su dideliu galv\u016bgaliu ir prakti\u0161kais daiktad\u0117\u017e\u0117mis \u2013 sukurta atsi\u017evelgiant \u012f miego komfort\u0105 ir miegamojo estetik\u0105.<\/p>","protected":false},"excerpt":{"rendered":"<p>Plotis: 187 cm<br \/>\nIlgis: 217 cm<br \/>\n\u016agis: 121 cm<br \/>\nMiegamoji erdv\u0117: 180 \u00d7 200 cm<br \/>\nMiegojimo auk\u0161tis: 59 cm<\/p>","protected":false},"featured_media":214035,"comment_status":"open","ping_status":"closed","template":"","meta":[],"product_brand":[],"product_cat":[505,1972,514,7271],"product_tag":[],"class_list":{"0":"post-213914","1":"product","2":"type-product","3":"status-publish","4":"has-post-thumbnail","6":"product_cat-bedroom-beds","7":"product_cat-beds-180x200","8":"product_cat-continental-beds","9":"product_cat-meble-gruszka","11":"first","12":"instock","13":"shipping-taxable","14":"purchasable","15":"product-type-variable","16":"wvs-archive-product-wrapper"},"_links":{"self":[{"href":"https:\/\/baldumarket.lt\/lt\/wp-json\/wp\/v2\/product\/213914","targetHints":{"allow":["GET"]}}],"collection":[{"href":"https:\/\/baldumarket.lt\/lt\/wp-json\/wp\/v2\/product"}],"about":[{"href":"https:\/\/baldumarket.lt\/lt\/wp-json\/wp\/v2\/types\/product"}],"replies":[{"embeddable":true,"href":"https:\/\/baldumarket.lt\/lt\/wp-json\/wp\/v2\/comments?post=213914"}],"wp:featuredmedia":[{"embeddable":true,"href":"https:\/\/baldumarket.lt\/lt\/wp-json\/wp\/v2\/media\/214035"}],"wp:attachment":[{"href":"https:\/\/baldumarket.lt\/lt\/wp-json\/wp\/v2\/media?parent=213914"}],"wp:term":[{"taxonomy":"product_brand","embeddable":true,"href":"https:\/\/baldumarket.lt\/lt\/wp-json\/wp\/v2\/product_brand?post=213914"},{"taxonomy":"product_cat","embeddable":true,"href":"https:\/\/baldumarket.lt\/lt\/wp-json\/wp\/v2\/product_cat?post=213914"},{"taxonomy":"product_tag","embeddable":true,"href":"https:\/\/baldumarket.lt\/lt\/wp-json\/wp\/v2\/product_tag?post=213914"}],"curies":[{"name":"wp","href":"https:\/\/api.w.org\/{rel}","templated":true}]}}