{"id":213898,"date":"2025-12-26T19:31:09","date_gmt":"2025-12-26T16:31:09","guid":{"rendered":"https:\/\/baldumarket.lt\/?post_type=product&#038;p=213898"},"modified":"2026-02-03T23:15:08","modified_gmt":"2026-02-03T20:15:08","slug":"lozko-kontynentalne-castel-200x200-tapicerowane-materace-topper-pojemnik","status":"publish","type":"product","link":"https:\/\/baldumarket.lt\/lt\/product\/lozko-kontynentalne-castel-200x200-tapicerowane-materace-topper-pojemnik\/","title":{"rendered":"\u201eCastel\u201c kontinentin\u0117 lova 200\u00d7200, apmu\u0161ta, \u010diu\u017einiai, \u010diu\u017einys ant\u010diu\u017einiui, konteineris"},"content":{"rendered":"<p>Ie\u0161kote 200 \u00d7 200 cm kontinentin\u0117s lovos, kurioje der\u0117t\u0173 patogumas, erdv\u0117 ir eleganti\u0161kas dizainas? \u201eCastel\u201c 200 \u00d7 200 cm lova yra puikus pasirinkimas poroms, kurioms reikia patogaus, erdvaus miegojimo pavir\u0161iaus ir kurios vertina modern\u0173 dizain\u0105. \u0160i dvigul\u0117 lova turi mink\u0161t\u0105 galv\u016bgal\u012f ir prakti\u0161k\u0105, \u0161onuose atidarom\u0105 patalyn\u0117s d\u0117\u017e\u0119, puikiai tinkan\u010di\u0105 bet kokiam miegamajam.<\/p>","protected":false},"excerpt":{"rendered":"<p>Plotis: 207 cm<br \/>\nIlgis: 217 cm<br \/>\n\u016agis: 121 cm<br \/>\nMiegamasis plotas: 200 \u00d7 200 cm<br \/>\nMiegojimo auk\u0161tis: 59 cm<\/p>","protected":false},"featured_media":214025,"comment_status":"open","ping_status":"closed","template":"","meta":[],"product_brand":[],"product_cat":[505,9143,514,7271],"product_tag":[],"class_list":{"0":"post-213898","1":"product","2":"type-product","3":"status-publish","4":"has-post-thumbnail","6":"product_cat-bedroom-beds","7":"product_cat-beds-200x200","8":"product_cat-continental-beds","9":"product_cat-meble-gruszka","11":"first","12":"instock","13":"shipping-taxable","14":"purchasable","15":"product-type-variable","16":"wvs-archive-product-wrapper"},"_links":{"self":[{"href":"https:\/\/baldumarket.lt\/lt\/wp-json\/wp\/v2\/product\/213898","targetHints":{"allow":["GET"]}}],"collection":[{"href":"https:\/\/baldumarket.lt\/lt\/wp-json\/wp\/v2\/product"}],"about":[{"href":"https:\/\/baldumarket.lt\/lt\/wp-json\/wp\/v2\/types\/product"}],"replies":[{"embeddable":true,"href":"https:\/\/baldumarket.lt\/lt\/wp-json\/wp\/v2\/comments?post=213898"}],"wp:featuredmedia":[{"embeddable":true,"href":"https:\/\/baldumarket.lt\/lt\/wp-json\/wp\/v2\/media\/214025"}],"wp:attachment":[{"href":"https:\/\/baldumarket.lt\/lt\/wp-json\/wp\/v2\/media?parent=213898"}],"wp:term":[{"taxonomy":"product_brand","embeddable":true,"href":"https:\/\/baldumarket.lt\/lt\/wp-json\/wp\/v2\/product_brand?post=213898"},{"taxonomy":"product_cat","embeddable":true,"href":"https:\/\/baldumarket.lt\/lt\/wp-json\/wp\/v2\/product_cat?post=213898"},{"taxonomy":"product_tag","embeddable":true,"href":"https:\/\/baldumarket.lt\/lt\/wp-json\/wp\/v2\/product_tag?post=213898"}],"curies":[{"name":"wp","href":"https:\/\/api.w.org\/{rel}","templated":true}]}}