{"id":213844,"date":"2025-12-26T19:29:06","date_gmt":"2025-12-26T16:29:06","guid":{"rendered":"https:\/\/baldumarket.lt\/?post_type=product&#038;p=213844"},"modified":"2026-02-03T23:15:09","modified_gmt":"2026-02-03T20:15:09","slug":"lozko-kontynentalne-chesterfield-120x200-tapicerowane-materac-topper-pojemnik","status":"publish","type":"product","link":"https:\/\/baldumarket.lt\/lt\/product\/lozko-kontynentalne-chesterfield-120x200-tapicerowane-materac-topper-pojemnik\/","title":{"rendered":"\u010cesterfildo kontinentin\u0117 lova 120\u00d7200, apmu\u0161ta, \u010diu\u017einys, \u010diu\u017einuko u\u017etiesalas, konteineris"},"content":{"rendered":"<p>\u201eChesterfield\u201c kontinentin\u0117 lova, kurios miegamojo plotas yra 120 \u00d7 200 cm, i\u0161siskiria gausiai dygsniuotu galv\u016bgaliu. Ji pasi\u017eymi nesenstan\u010diu dizainu, kuris niekada nei\u0161bl\u0117s. \u0160i kompakti\u0161ka lova puikiai tinka ma\u017eiems miegamiesiems ir jaunimo kambariams. \u012erengtas patogus ki\u0161enini\u0173 spyruokli\u0173 \u010diu\u017einys ir putplas\u010dio \u010diu\u017einys u\u017etikrina auk\u0161t\u0105 poilsio standart\u0105 tiek nakt\u012f, tiek dien\u0105. Spyruoklin\u0117s pavaros padeda atidaryti dvi patalyn\u0117s d\u0117\u017ees, tod\u0117l \u0161i operacija yra paprasta. Produkto k\u016br\u0117jas pateikia plat\u0173 apmu\u0161al\u0173 audini\u0173 pasirinkim\u0105. Komplekt\u0105 reikia surinkti minimaliai.<\/p>","protected":false},"excerpt":{"rendered":"<p>Plotis: 124 cm<br \/>\nIlgis: 213 cm<br \/>\n\u016agis: 123 cm<br \/>\nMiegamasis plotas: 120 \u00d7 200 cm<br \/>\nMiegojimo auk\u0161tis: 64 cm<\/p>","protected":false},"featured_media":213970,"comment_status":"open","ping_status":"closed","template":"","meta":[],"product_brand":[],"product_cat":[505,1969,514,7271],"product_tag":[],"class_list":{"0":"post-213844","1":"product","2":"type-product","3":"status-publish","4":"has-post-thumbnail","6":"product_cat-bedroom-beds","7":"product_cat-beds-120x200","8":"product_cat-continental-beds","9":"product_cat-meble-gruszka","11":"first","12":"instock","13":"shipping-taxable","14":"purchasable","15":"product-type-variable","16":"wvs-archive-product-wrapper"},"_links":{"self":[{"href":"https:\/\/baldumarket.lt\/lt\/wp-json\/wp\/v2\/product\/213844","targetHints":{"allow":["GET"]}}],"collection":[{"href":"https:\/\/baldumarket.lt\/lt\/wp-json\/wp\/v2\/product"}],"about":[{"href":"https:\/\/baldumarket.lt\/lt\/wp-json\/wp\/v2\/types\/product"}],"replies":[{"embeddable":true,"href":"https:\/\/baldumarket.lt\/lt\/wp-json\/wp\/v2\/comments?post=213844"}],"wp:featuredmedia":[{"embeddable":true,"href":"https:\/\/baldumarket.lt\/lt\/wp-json\/wp\/v2\/media\/213970"}],"wp:attachment":[{"href":"https:\/\/baldumarket.lt\/lt\/wp-json\/wp\/v2\/media?parent=213844"}],"wp:term":[{"taxonomy":"product_brand","embeddable":true,"href":"https:\/\/baldumarket.lt\/lt\/wp-json\/wp\/v2\/product_brand?post=213844"},{"taxonomy":"product_cat","embeddable":true,"href":"https:\/\/baldumarket.lt\/lt\/wp-json\/wp\/v2\/product_cat?post=213844"},{"taxonomy":"product_tag","embeddable":true,"href":"https:\/\/baldumarket.lt\/lt\/wp-json\/wp\/v2\/product_tag?post=213844"}],"curies":[{"name":"wp","href":"https:\/\/api.w.org\/{rel}","templated":true}]}}