{"id":213842,"date":"2025-12-26T19:29:04","date_gmt":"2025-12-26T16:29:04","guid":{"rendered":"https:\/\/baldumarket.lt\/?post_type=product&#038;p=213842"},"modified":"2026-02-03T23:15:09","modified_gmt":"2026-02-03T20:15:09","slug":"lozko-kontynentalne-chesterfield-140x200-tapicerowane-materac-topper-pojemnik","status":"publish","type":"product","link":"https:\/\/baldumarket.lt\/lt\/product\/lozko-kontynentalne-chesterfield-140x200-tapicerowane-materac-topper-pojemnik\/","title":{"rendered":"\u010cesterfildo kontinentin\u0117 lova 140\u00d7200, apmu\u0161ta, \u010diu\u017einys, \u010diu\u017einuko u\u017etiesalas, konteineris"},"content":{"rendered":"<p>\u0160i angli\u0161ko stiliaus \u201eChesterfield\u201c lova, 140 \u00d7 200 cm, patraukia d\u0117mes\u012f gausiai dygsniuotu galv\u016bgaliu ir panaudot\u0173 med\u017eiag\u0173 kokybe. Nepaisant klasikinio dizaino, ji puikiai atrodys ir moderniame miegamajame. Eleganti\u0161kas ir nesenstantis dizainas niekada nei\u0161eis i\u0161 mados ir visada bus stilingas. Lova turi erdvius patalyn\u0117s skyrius, kuriuose telpa pagrindiniai vidutinio kietumo ki\u0161enini\u0173 spyruokli\u0173 \u010diu\u017einiai. Vis\u0105 lov\u0105 dengia putplas\u010dio u\u017etiesalas. Baldai si\u016blomi su \u012fvairiais audiniais, kuriuos galite rasti gamini\u0173 konfig\u016bratoriuje.<\/p>","protected":false},"excerpt":{"rendered":"<p>Plotis: 144 cm<br \/>\nIlgis: 213 cm<br \/>\n\u016agis: 123 cm<br \/>\nMiegamasis plotas: 140 \u00d7 200 cm<br \/>\nMiegojimo auk\u0161tis: 64 cm<\/p>","protected":false},"featured_media":213963,"comment_status":"open","ping_status":"closed","template":"","meta":[],"product_brand":[],"product_cat":[505,1970,514,7271],"product_tag":[],"class_list":{"0":"post-213842","1":"product","2":"type-product","3":"status-publish","4":"has-post-thumbnail","6":"product_cat-bedroom-beds","7":"product_cat-beds-140x200","8":"product_cat-continental-beds","9":"product_cat-meble-gruszka","11":"first","12":"instock","13":"shipping-taxable","14":"purchasable","15":"product-type-variable","16":"wvs-archive-product-wrapper"},"_links":{"self":[{"href":"https:\/\/baldumarket.lt\/lt\/wp-json\/wp\/v2\/product\/213842","targetHints":{"allow":["GET"]}}],"collection":[{"href":"https:\/\/baldumarket.lt\/lt\/wp-json\/wp\/v2\/product"}],"about":[{"href":"https:\/\/baldumarket.lt\/lt\/wp-json\/wp\/v2\/types\/product"}],"replies":[{"embeddable":true,"href":"https:\/\/baldumarket.lt\/lt\/wp-json\/wp\/v2\/comments?post=213842"}],"wp:featuredmedia":[{"embeddable":true,"href":"https:\/\/baldumarket.lt\/lt\/wp-json\/wp\/v2\/media\/213963"}],"wp:attachment":[{"href":"https:\/\/baldumarket.lt\/lt\/wp-json\/wp\/v2\/media?parent=213842"}],"wp:term":[{"taxonomy":"product_brand","embeddable":true,"href":"https:\/\/baldumarket.lt\/lt\/wp-json\/wp\/v2\/product_brand?post=213842"},{"taxonomy":"product_cat","embeddable":true,"href":"https:\/\/baldumarket.lt\/lt\/wp-json\/wp\/v2\/product_cat?post=213842"},{"taxonomy":"product_tag","embeddable":true,"href":"https:\/\/baldumarket.lt\/lt\/wp-json\/wp\/v2\/product_tag?post=213842"}],"curies":[{"name":"wp","href":"https:\/\/api.w.org\/{rel}","templated":true}]}}