{"id":213824,"date":"2025-12-26T19:28:26","date_gmt":"2025-12-26T16:28:26","guid":{"rendered":"https:\/\/baldumarket.lt\/?post_type=product&#038;p=213824"},"modified":"2026-02-03T23:15:09","modified_gmt":"2026-02-03T20:15:09","slug":"lozko-kontynentalne-chesterfield-180x200-tapicerowane-materac-topper-pojemnik","status":"publish","type":"product","link":"https:\/\/baldumarket.lt\/lt\/product\/lozko-kontynentalne-chesterfield-180x200-tapicerowane-materac-topper-pojemnik\/","title":{"rendered":"\u010cesterfildo kontinentin\u0117 lova 180\u00d7200, apmu\u0161ta, \u010diu\u017einys, \u010diu\u017einuko u\u017etiesalas, konteineris"},"content":{"rendered":"<p>\u0160i apmu\u0161ta kontinentinio stiliaus \u010cesterfildo lova, kurios miegamojo plotas yra 180 \u00d7 200 cm, yra pagaminta eleganti\u0161ku, tvirtu angli\u0161ku stiliumi. Ry\u0161kus jos bruo\u017eas \u2013 gausiai dygsniuotas galv\u016bgalis. \u010ciu\u017einys apr\u016bpintas septyni\u0173 zon\u0173 ki\u0161enini\u0173 spyruokli\u0173 \u010diu\u017einiu, kuris kartu su putplas\u010dio \u010diu\u017einiu u\u017etikrina patog\u0173 poils\u012f tiek dien\u0105, tiek nakt\u012f. Apatin\u0117je lovos dalyje yra du patalyn\u0117s skyriai, atidaromi spyruokliniais mechanizmais. Lova visi\u0161kai remiasi \u012f grindis. J\u0105 surinkti reikia minimaliai. I\u0161sam\u0173 audini\u0173 pavyzd\u012f rasite gamini\u0173 vedlyje.<\/p>","protected":false},"excerpt":{"rendered":"<p>Plotis: 184 cm<br \/>\nIlgis: 213 cm<br \/>\n\u016agis: 123 cm<br \/>\nMiegamoji erdv\u0117: 180 \u00d7 200 cm<br \/>\nMiegojimo auk\u0161tis: 64 cm<\/p>","protected":false},"featured_media":213942,"comment_status":"open","ping_status":"closed","template":"","meta":[],"product_brand":[],"product_cat":[505,1972,514,7271],"product_tag":[],"class_list":{"0":"post-213824","1":"product","2":"type-product","3":"status-publish","4":"has-post-thumbnail","6":"product_cat-bedroom-beds","7":"product_cat-beds-180x200","8":"product_cat-continental-beds","9":"product_cat-meble-gruszka","11":"first","12":"instock","13":"shipping-taxable","14":"purchasable","15":"product-type-variable","16":"wvs-archive-product-wrapper"},"_links":{"self":[{"href":"https:\/\/baldumarket.lt\/lt\/wp-json\/wp\/v2\/product\/213824","targetHints":{"allow":["GET"]}}],"collection":[{"href":"https:\/\/baldumarket.lt\/lt\/wp-json\/wp\/v2\/product"}],"about":[{"href":"https:\/\/baldumarket.lt\/lt\/wp-json\/wp\/v2\/types\/product"}],"replies":[{"embeddable":true,"href":"https:\/\/baldumarket.lt\/lt\/wp-json\/wp\/v2\/comments?post=213824"}],"wp:featuredmedia":[{"embeddable":true,"href":"https:\/\/baldumarket.lt\/lt\/wp-json\/wp\/v2\/media\/213942"}],"wp:attachment":[{"href":"https:\/\/baldumarket.lt\/lt\/wp-json\/wp\/v2\/media?parent=213824"}],"wp:term":[{"taxonomy":"product_brand","embeddable":true,"href":"https:\/\/baldumarket.lt\/lt\/wp-json\/wp\/v2\/product_brand?post=213824"},{"taxonomy":"product_cat","embeddable":true,"href":"https:\/\/baldumarket.lt\/lt\/wp-json\/wp\/v2\/product_cat?post=213824"},{"taxonomy":"product_tag","embeddable":true,"href":"https:\/\/baldumarket.lt\/lt\/wp-json\/wp\/v2\/product_tag?post=213824"}],"curies":[{"name":"wp","href":"https:\/\/api.w.org\/{rel}","templated":true}]}}