{"id":213808,"date":"2025-12-26T19:27:46","date_gmt":"2025-12-26T16:27:46","guid":{"rendered":"https:\/\/baldumarket.lt\/?post_type=product&#038;p=213808"},"modified":"2026-02-03T23:15:09","modified_gmt":"2026-02-03T20:15:09","slug":"lozko-kontynentalne-chesterfield-200x200-tapicerowane-materac-topper-pojemnik","status":"publish","type":"product","link":"https:\/\/baldumarket.lt\/lt\/product\/lozko-kontynentalne-chesterfield-200x200-tapicerowane-materac-topper-pojemnik\/","title":{"rendered":"\u010cesterfildo kontinentin\u0117 lova 200&#215;200, apmu\u0161ta, \u010diu\u017einys, \u010diu\u017einuko u\u017etiesalas, konteineris"},"content":{"rendered":"<p>\u201eChesterfield\u201c kontinentin\u0117 lova, kurios miegamojo plotas yra 200 \u00d7 200 cm, yra puikus baldas, si\u016blantis patog\u0173 poils\u012f. Gausiai dygsniuotas galv\u016bgalis \u017eavi savo meistri\u0161kumu. Jis taip pat suteikia puiki\u0105 nugaros atram\u0105 vakare skaitant knyg\u0105 ar \u017ei\u016brint m\u0117gstam\u0105 serial\u0105. Balde yra du erdv\u016bs patalyn\u0117s skyriai, kurie atidaromi spyruoklin\u0117mis pavaromis. \u0160iuose skyriuose taip pat galima laikyti papildom\u0105 antklod\u0119 ar lovaties\u0119, \u0161iuo metu esan\u010di\u0105 spintoje. Septyni\u0173 zon\u0173 ki\u0161enini\u0173 spyruokli\u0173 \u010diu\u017einys ir storas putplas\u010dio u\u017etiesalas u\u017etikrina patog\u0173 dienos ir nakties poils\u012f. Baldai si\u016blomi su \u012fvairiomis apmu\u0161al\u0173 med\u017eiagomis, kurios yra \u012ftrauktos \u012f gaminio k\u016br\u0117jo rinkin\u012f. Komplekt\u0105 reikia minimalaus surinkimo.<\/p>","protected":false},"excerpt":{"rendered":"<p>Plotis: 204 cm<br \/>\nIlgis: 213 cm<br \/>\n\u016agis: 123 cm<br \/>\nMiegamasis plotas: 200 \u00d7 200 cm<br \/>\nMiegojimo auk\u0161tis: 64 cm<\/p>","protected":false},"featured_media":213935,"comment_status":"open","ping_status":"closed","template":"","meta":[],"product_brand":[],"product_cat":[505,9143,514,7271],"product_tag":[],"class_list":{"0":"post-213808","1":"product","2":"type-product","3":"status-publish","4":"has-post-thumbnail","6":"product_cat-bedroom-beds","7":"product_cat-beds-200x200","8":"product_cat-continental-beds","9":"product_cat-meble-gruszka","11":"first","12":"instock","13":"shipping-taxable","14":"purchasable","15":"product-type-variable","16":"wvs-archive-product-wrapper"},"_links":{"self":[{"href":"https:\/\/baldumarket.lt\/lt\/wp-json\/wp\/v2\/product\/213808","targetHints":{"allow":["GET"]}}],"collection":[{"href":"https:\/\/baldumarket.lt\/lt\/wp-json\/wp\/v2\/product"}],"about":[{"href":"https:\/\/baldumarket.lt\/lt\/wp-json\/wp\/v2\/types\/product"}],"replies":[{"embeddable":true,"href":"https:\/\/baldumarket.lt\/lt\/wp-json\/wp\/v2\/comments?post=213808"}],"wp:featuredmedia":[{"embeddable":true,"href":"https:\/\/baldumarket.lt\/lt\/wp-json\/wp\/v2\/media\/213935"}],"wp:attachment":[{"href":"https:\/\/baldumarket.lt\/lt\/wp-json\/wp\/v2\/media?parent=213808"}],"wp:term":[{"taxonomy":"product_brand","embeddable":true,"href":"https:\/\/baldumarket.lt\/lt\/wp-json\/wp\/v2\/product_brand?post=213808"},{"taxonomy":"product_cat","embeddable":true,"href":"https:\/\/baldumarket.lt\/lt\/wp-json\/wp\/v2\/product_cat?post=213808"},{"taxonomy":"product_tag","embeddable":true,"href":"https:\/\/baldumarket.lt\/lt\/wp-json\/wp\/v2\/product_tag?post=213808"}],"curies":[{"name":"wp","href":"https:\/\/api.w.org\/{rel}","templated":true}]}}