{"id":213806,"date":"2025-12-26T19:27:43","date_gmt":"2025-12-26T16:27:43","guid":{"rendered":"https:\/\/baldumarket.lt\/?post_type=product&#038;p=213806"},"modified":"2026-02-03T23:15:09","modified_gmt":"2026-02-03T20:15:09","slug":"lozko-kontynentalne-chloe-120x200-tapicerowane-materac-topper-pojemnik","status":"publish","type":"product","link":"https:\/\/baldumarket.lt\/lt\/product\/lozko-kontynentalne-chloe-120x200-tapicerowane-materac-topper-pojemnik\/","title":{"rendered":"Chloe kontinentin\u0117 lova 120&#215;200, apmu\u0161ta, \u010diu\u017einys, \u010diu\u017einuko u\u017etiesalas, konteineris"},"content":{"rendered":"<p>\u201eChloe\u201c kontinentin\u0117 lova \u2013 tai kruop\u0161\u010diai suprojektuotas baldas, kuriame dera moderni estetika, auk\u0161tos kokyb\u0117s meistri\u0161kumas ir i\u0161skirtinis komfortas. \u0160is 120 \u00d7 200 cm dyd\u017eio modelis puikiai tinka vienam miegamajam, jaunimo kambariui ar studijos tipo butui, kur svarbus kiekvienas erdv\u0117s centimetras, ta\u010diau neaukojant komforto ir stiliaus.<\/p>","protected":false},"excerpt":{"rendered":"<p>Plotis: 128 cm<br \/>\nIlgis: 228 cm<br \/>\nAuk\u0161tis: 125 cm<br \/>\nMiegamasis plotas: 120 \u00d7 200 cm<br \/>\nMiegamosios dalies auk\u0161tis: 59 cm<\/p>","protected":false},"featured_media":213924,"comment_status":"open","ping_status":"closed","template":"","meta":[],"product_brand":[],"product_cat":[505,1969,514,7271],"product_tag":[],"class_list":{"0":"post-213806","1":"product","2":"type-product","3":"status-publish","4":"has-post-thumbnail","6":"product_cat-bedroom-beds","7":"product_cat-beds-120x200","8":"product_cat-continental-beds","9":"product_cat-meble-gruszka","11":"first","12":"instock","13":"shipping-taxable","14":"purchasable","15":"product-type-variable","16":"wvs-archive-product-wrapper"},"_links":{"self":[{"href":"https:\/\/baldumarket.lt\/lt\/wp-json\/wp\/v2\/product\/213806","targetHints":{"allow":["GET"]}}],"collection":[{"href":"https:\/\/baldumarket.lt\/lt\/wp-json\/wp\/v2\/product"}],"about":[{"href":"https:\/\/baldumarket.lt\/lt\/wp-json\/wp\/v2\/types\/product"}],"replies":[{"embeddable":true,"href":"https:\/\/baldumarket.lt\/lt\/wp-json\/wp\/v2\/comments?post=213806"}],"wp:featuredmedia":[{"embeddable":true,"href":"https:\/\/baldumarket.lt\/lt\/wp-json\/wp\/v2\/media\/213924"}],"wp:attachment":[{"href":"https:\/\/baldumarket.lt\/lt\/wp-json\/wp\/v2\/media?parent=213806"}],"wp:term":[{"taxonomy":"product_brand","embeddable":true,"href":"https:\/\/baldumarket.lt\/lt\/wp-json\/wp\/v2\/product_brand?post=213806"},{"taxonomy":"product_cat","embeddable":true,"href":"https:\/\/baldumarket.lt\/lt\/wp-json\/wp\/v2\/product_cat?post=213806"},{"taxonomy":"product_tag","embeddable":true,"href":"https:\/\/baldumarket.lt\/lt\/wp-json\/wp\/v2\/product_tag?post=213806"}],"curies":[{"name":"wp","href":"https:\/\/api.w.org\/{rel}","templated":true}]}}