{"id":21378,"date":"2025-11-14T13:16:44","date_gmt":"2025-11-14T10:16:44","guid":{"rendered":"https:\/\/baldumarket.lt\/product\/aruba-czarny\/"},"modified":"2026-03-24T18:26:27","modified_gmt":"2026-03-24T15:26:27","slug":"aruba-czarny","status":"publish","type":"product","link":"https:\/\/baldumarket.lt\/lt\/product\/aruba-czarny\/","title":{"rendered":"Arubos juoda"},"content":{"rendered":"<p>Dekoratyvinis veidrodis \u201eAruba\u201c yra eleganti\u0161kas horizontalus arba vertikalus sieninis veidrodis, puikiai tinkantis vonios kambariui, miegamajam, svetainei, prie\u0161kambariui ar persirengimo kambariui. Jo 175 x 65 cm matmenys leid\u017eia matyti vis\u0105 k\u016bn\u0105. Paprastas dizainas leid\u017eia jam skland\u017eiai \u012fsilieti tiek \u012f modern\u0173, tiek \u012f klasikin\u012f interjer\u0105. Juoda ir balta r\u0117mo spalvos puikiai tinka bet kokiam dekorui, tiek sant\u016briam, tiek ry\u0161kiam. Universalus dekoratyvinio veidrod\u017eio \u201eAruba\u201c dizainas leid\u017eia j\u012f pastatyti ant grind\u0173, atremti \u012f sien\u0105 arba pritvirtinti prie bet kurios sienos, kad b\u016bt\u0173 sutaupyta vietos. Pridedami pakabinimo kabliukai, kad b\u016bt\u0173 lengva pritvirtinti.<\/p>","protected":false},"excerpt":{"rendered":"<p>Dekoratyvinis veidrodis \u201eAruba\u201c yra eleganti\u0161kas horizontalus arba vertikalus sieninis veidrodis, puikiai tinkantis vonios kambariui, miegamajam, svetainei, prie\u0161kambariui ar persirengimo kambariui. Jo 175 x 65 cm matmenys leid\u017eia matyti vis\u0105 k\u016bn\u0105. Paprastas dizainas leid\u017eia jam skland\u017eiai \u012fsilieti tiek \u012f modern\u0173, tiek \u012f klasikin\u012f interjer\u0105. Juodos ir baltos spalvos r\u0117meliai [\u2026]<\/p>","protected":false},"featured_media":21379,"comment_status":"open","ping_status":"open","template":"","meta":[],"product_brand":[],"product_cat":[2012,9165,1108],"product_tag":[],"class_list":{"0":"post-21378","1":"product","2":"type-product","3":"status-publish","4":"has-post-thumbnail","6":"product_cat-eltap","7":"product_cat-lustra-eltap","8":"product_cat-mirrors","10":"first","11":"instock","12":"purchasable","13":"product-type-simple"},"_links":{"self":[{"href":"https:\/\/baldumarket.lt\/lt\/wp-json\/wp\/v2\/product\/21378","targetHints":{"allow":["GET"]}}],"collection":[{"href":"https:\/\/baldumarket.lt\/lt\/wp-json\/wp\/v2\/product"}],"about":[{"href":"https:\/\/baldumarket.lt\/lt\/wp-json\/wp\/v2\/types\/product"}],"replies":[{"embeddable":true,"href":"https:\/\/baldumarket.lt\/lt\/wp-json\/wp\/v2\/comments?post=21378"}],"wp:featuredmedia":[{"embeddable":true,"href":"https:\/\/baldumarket.lt\/lt\/wp-json\/wp\/v2\/media\/21379"}],"wp:attachment":[{"href":"https:\/\/baldumarket.lt\/lt\/wp-json\/wp\/v2\/media?parent=21378"}],"wp:term":[{"taxonomy":"product_brand","embeddable":true,"href":"https:\/\/baldumarket.lt\/lt\/wp-json\/wp\/v2\/product_brand?post=21378"},{"taxonomy":"product_cat","embeddable":true,"href":"https:\/\/baldumarket.lt\/lt\/wp-json\/wp\/v2\/product_cat?post=21378"},{"taxonomy":"product_tag","embeddable":true,"href":"https:\/\/baldumarket.lt\/lt\/wp-json\/wp\/v2\/product_tag?post=21378"}],"curies":[{"name":"wp","href":"https:\/\/api.w.org\/{rel}","templated":true}]}}