{"id":213773,"date":"2025-12-26T19:26:21","date_gmt":"2025-12-26T16:26:21","guid":{"rendered":"https:\/\/baldumarket.lt\/?post_type=product&#038;p=213773"},"modified":"2026-02-03T23:15:10","modified_gmt":"2026-02-03T20:15:10","slug":"lozko-kontynentalne-chloe-180x200-tapicerowane-materac-topper-pojemnik","status":"publish","type":"product","link":"https:\/\/baldumarket.lt\/lt\/product\/lozko-kontynentalne-chloe-180x200-tapicerowane-materac-topper-pojemnik\/","title":{"rendered":"Chloe kontinentin\u0117 lova 180&#215;200, apmu\u0161ta, \u010diu\u017einys, \u010diu\u017einuko u\u017etiesalas, konteineris"},"content":{"rendered":"<p>Ie\u0161kote erdvios, patogios lovos savo miegamajam, kuri atitikt\u0173 ir estetinius, ir funkcinius l\u016bkes\u010dius? \u201eChloe\u201c 180\u00d7200 cm kontinentin\u0117 lova i\u0161 garsaus prek\u0117s \u017eenklo \u201eGruszka Meble\u201c yra puikus pasirinkimas poroms, kurios vertina patog\u0173 mieg\u0105 ir modern\u0173 dizain\u0105. \u0160is modelis puikiai tinka dideliems miegamiesiems, tarnaudamas kaip eleganti\u0161kas ir patogus centrinis kambario akcentas.<\/p>","protected":false},"excerpt":{"rendered":"<p>Plotis: 188 cm<br \/>\nIlgis: 228 cm<br \/>\nAuk\u0161tis: 125 cm<br \/>\nMiegamoji erdv\u0117: 180 \u00d7 200 cm<br \/>\nMiegojimo auk\u0161tis: 59 cm<\/p>","protected":false},"featured_media":213899,"comment_status":"open","ping_status":"closed","template":"","meta":[],"product_brand":[],"product_cat":[505,1972,514,7271],"product_tag":[],"class_list":{"0":"post-213773","1":"product","2":"type-product","3":"status-publish","4":"has-post-thumbnail","6":"product_cat-bedroom-beds","7":"product_cat-beds-180x200","8":"product_cat-continental-beds","9":"product_cat-meble-gruszka","11":"first","12":"instock","13":"shipping-taxable","14":"purchasable","15":"product-type-variable","16":"wvs-archive-product-wrapper"},"_links":{"self":[{"href":"https:\/\/baldumarket.lt\/lt\/wp-json\/wp\/v2\/product\/213773","targetHints":{"allow":["GET"]}}],"collection":[{"href":"https:\/\/baldumarket.lt\/lt\/wp-json\/wp\/v2\/product"}],"about":[{"href":"https:\/\/baldumarket.lt\/lt\/wp-json\/wp\/v2\/types\/product"}],"replies":[{"embeddable":true,"href":"https:\/\/baldumarket.lt\/lt\/wp-json\/wp\/v2\/comments?post=213773"}],"wp:featuredmedia":[{"embeddable":true,"href":"https:\/\/baldumarket.lt\/lt\/wp-json\/wp\/v2\/media\/213899"}],"wp:attachment":[{"href":"https:\/\/baldumarket.lt\/lt\/wp-json\/wp\/v2\/media?parent=213773"}],"wp:term":[{"taxonomy":"product_brand","embeddable":true,"href":"https:\/\/baldumarket.lt\/lt\/wp-json\/wp\/v2\/product_brand?post=213773"},{"taxonomy":"product_cat","embeddable":true,"href":"https:\/\/baldumarket.lt\/lt\/wp-json\/wp\/v2\/product_cat?post=213773"},{"taxonomy":"product_tag","embeddable":true,"href":"https:\/\/baldumarket.lt\/lt\/wp-json\/wp\/v2\/product_tag?post=213773"}],"curies":[{"name":"wp","href":"https:\/\/api.w.org\/{rel}","templated":true}]}}