{"id":21374,"date":"2025-11-14T13:16:39","date_gmt":"2025-11-14T10:16:39","guid":{"rendered":"https:\/\/baldumarket.lt\/product\/arizona-bialy\/"},"modified":"2026-03-24T18:26:27","modified_gmt":"2026-03-24T15:26:27","slug":"arizona-bialy","status":"publish","type":"product","link":"https:\/\/baldumarket.lt\/lt\/product\/arizona-bialy\/","title":{"rendered":"Arizonos balta"},"content":{"rendered":"<p>Dekoratyvinis veidrodis \u201eArizona\u201c pad\u0117s pakeisti bet koki\u0105 j\u016bs\u0173 nam\u0173 erdv\u0119. \u012etraukus \u0161\u012f element\u0105 \u012f j\u016bs\u0173 interjer\u0105, jis \u012fgauna klasikin\u012f akcent\u0105, o jo 40 x 130 cm dydis puikiai tinka daugumai \u0161iuolaikini\u0173 erdvi\u0173. Veidrodis tiekiamas baltuose ir juoduose mediniuose r\u0117muose. Pridedami sieniniai kai\u0161\u010diai, kad b\u016bt\u0173 galima greitai, lengvai ir patogiai sumontuoti. Sta\u010diakamp\u0117 forma ir daugiau nei metro auk\u0161\u010dio veidrodis leid\u017eia matyti vis\u0105 savo k\u016bn\u0105. Mes taip pat labai kruop\u0161\u010diai supakuojame savo veidrod\u017eius, kad jie b\u016bt\u0173 nepriekai\u0161tingos b\u016bkl\u0117s. Tod\u0117l veidrodis yra apsaugotas HDF plok\u0161te ir apsaugine pl\u0117vele. Kampai ir putplas\u010dio kanalai, kuriuose supakuotas \u201eArizona\u201c veidrodis, apsaugo ir izoliuoja visus sm\u016bgiams ir sm\u016bgiams jautrius elementus. Dar vienas pakabinamo \u201eArizona\u201c veidrod\u017eio privalumas yra tas, kad jis netrukdo valyti nam\u0173, nes neu\u017eima vietos ant grind\u0173.<\/p>","protected":false},"excerpt":{"rendered":"<p>Dekoratyvinis veidrodis \u201eArizona\u201c pad\u0117s paversti bet kuri\u0105 j\u016bs\u0173 nam\u0173 erdv\u0119. \u012etraukus \u0161\u012f element\u0105 \u012f j\u016bs\u0173 interjer\u0105, jis atrodys klasikinio stiliaus, o jo 40 x 130 cm dydis puikiai tinka daugumai \u0161iuolaikini\u0173 erdvi\u0173. Veidrodis tiekiamas balto ir juodo medinio r\u0117mo. Pridedami sieniniai kai\u0161\u010diai, kad b\u016bt\u0173 galima greitai, lengvai ir patogiai sumontuoti. [\u2026]<\/p>","protected":false},"featured_media":21375,"comment_status":"open","ping_status":"open","template":"","meta":[],"product_brand":[],"product_cat":[2012,9165,1108],"product_tag":[],"class_list":{"0":"post-21374","1":"product","2":"type-product","3":"status-publish","4":"has-post-thumbnail","6":"product_cat-eltap","7":"product_cat-lustra-eltap","8":"product_cat-mirrors","10":"first","11":"instock","12":"purchasable","13":"product-type-simple"},"_links":{"self":[{"href":"https:\/\/baldumarket.lt\/lt\/wp-json\/wp\/v2\/product\/21374","targetHints":{"allow":["GET"]}}],"collection":[{"href":"https:\/\/baldumarket.lt\/lt\/wp-json\/wp\/v2\/product"}],"about":[{"href":"https:\/\/baldumarket.lt\/lt\/wp-json\/wp\/v2\/types\/product"}],"replies":[{"embeddable":true,"href":"https:\/\/baldumarket.lt\/lt\/wp-json\/wp\/v2\/comments?post=21374"}],"wp:featuredmedia":[{"embeddable":true,"href":"https:\/\/baldumarket.lt\/lt\/wp-json\/wp\/v2\/media\/21375"}],"wp:attachment":[{"href":"https:\/\/baldumarket.lt\/lt\/wp-json\/wp\/v2\/media?parent=21374"}],"wp:term":[{"taxonomy":"product_brand","embeddable":true,"href":"https:\/\/baldumarket.lt\/lt\/wp-json\/wp\/v2\/product_brand?post=21374"},{"taxonomy":"product_cat","embeddable":true,"href":"https:\/\/baldumarket.lt\/lt\/wp-json\/wp\/v2\/product_cat?post=21374"},{"taxonomy":"product_tag","embeddable":true,"href":"https:\/\/baldumarket.lt\/lt\/wp-json\/wp\/v2\/product_tag?post=21374"}],"curies":[{"name":"wp","href":"https:\/\/api.w.org\/{rel}","templated":true}]}}