{"id":213688,"date":"2025-12-26T19:23:11","date_gmt":"2025-12-26T16:23:11","guid":{"rendered":"https:\/\/baldumarket.lt\/?post_type=product&#038;p=213688"},"modified":"2026-02-03T23:15:11","modified_gmt":"2026-02-03T20:15:11","slug":"lozko-kontynentalne-crystal-180x200-tapicerowane-materac-topper-pojemnik","status":"publish","type":"product","link":"https:\/\/baldumarket.lt\/lt\/product\/lozko-kontynentalne-crystal-180x200-tapicerowane-materac-topper-pojemnik\/","title":{"rendered":"Kri\u0161tolin\u0117 kontinentin\u0117 lova 180\u00d7200, apmu\u0161ta, \u010diu\u017einys, \u010diu\u017einuko u\u017etiesalas, konteineris"},"content":{"rendered":"<p>180 \u00d7 200 cm dyd\u017eio \u201eCrystal\u201c kontinentin\u0117 lova derina rafinuot\u0105 stili\u0173 ir funkcionalum\u0105. I\u0161skirtinis, auk\u0161tas, dygsniuotas galv\u016bgalis, papuo\u0161tas kri\u0161tolo sagomis, suteikia jai unikalaus blizgesio ir elegancijos, kuri puikiai papildys miegamuosius, dekoruotus prabangiu, klasikiniu ar moderniu stiliumi. \u0160is modelis \u2013 puikus b\u016bdas suteikti j\u016bs\u0173 interjerui prabangos ir elegancijos.<\/p>","protected":false},"excerpt":{"rendered":"<p>Plotis: 184 cm<br \/>\nIlgis: 208 cm<br \/>\nAuk\u0161tis: 103 cm<br \/>\nMiegamoji erdv\u0117: 180 \u00d7 200 cm<br \/>\nMiegojimo auk\u0161tis: 52 cm<\/p>","protected":false},"featured_media":213809,"comment_status":"open","ping_status":"closed","template":"","meta":[],"product_brand":[],"product_cat":[505,1972,514,7271],"product_tag":[],"class_list":{"0":"post-213688","1":"product","2":"type-product","3":"status-publish","4":"has-post-thumbnail","6":"product_cat-bedroom-beds","7":"product_cat-beds-180x200","8":"product_cat-continental-beds","9":"product_cat-meble-gruszka","11":"first","12":"instock","13":"shipping-taxable","14":"purchasable","15":"product-type-variable","16":"wvs-archive-product-wrapper"},"_links":{"self":[{"href":"https:\/\/baldumarket.lt\/lt\/wp-json\/wp\/v2\/product\/213688","targetHints":{"allow":["GET"]}}],"collection":[{"href":"https:\/\/baldumarket.lt\/lt\/wp-json\/wp\/v2\/product"}],"about":[{"href":"https:\/\/baldumarket.lt\/lt\/wp-json\/wp\/v2\/types\/product"}],"replies":[{"embeddable":true,"href":"https:\/\/baldumarket.lt\/lt\/wp-json\/wp\/v2\/comments?post=213688"}],"wp:featuredmedia":[{"embeddable":true,"href":"https:\/\/baldumarket.lt\/lt\/wp-json\/wp\/v2\/media\/213809"}],"wp:attachment":[{"href":"https:\/\/baldumarket.lt\/lt\/wp-json\/wp\/v2\/media?parent=213688"}],"wp:term":[{"taxonomy":"product_brand","embeddable":true,"href":"https:\/\/baldumarket.lt\/lt\/wp-json\/wp\/v2\/product_brand?post=213688"},{"taxonomy":"product_cat","embeddable":true,"href":"https:\/\/baldumarket.lt\/lt\/wp-json\/wp\/v2\/product_cat?post=213688"},{"taxonomy":"product_tag","embeddable":true,"href":"https:\/\/baldumarket.lt\/lt\/wp-json\/wp\/v2\/product_tag?post=213688"}],"curies":[{"name":"wp","href":"https:\/\/api.w.org\/{rel}","templated":true}]}}