{"id":213686,"date":"2025-12-26T19:23:08","date_gmt":"2025-12-26T16:23:08","guid":{"rendered":"https:\/\/baldumarket.lt\/?post_type=product&#038;p=213686"},"modified":"2026-02-03T23:15:11","modified_gmt":"2026-02-03T20:15:11","slug":"lozko-kontynentalne-crystal-200x200-tapicerowane-materac-topper-pojemnik","status":"publish","type":"product","link":"https:\/\/baldumarket.lt\/lt\/product\/lozko-kontynentalne-crystal-200x200-tapicerowane-materac-topper-pojemnik\/","title":{"rendered":"Kri\u0161tolin\u0117 kontinentin\u0117 lova 200\u00d7200, apmu\u0161ta, \u010diu\u017einys, \u010diu\u017einuko u\u017etiesalas, konteineris"},"content":{"rendered":"<p>200 \u00d7 200 cm dyd\u017eio kontinentin\u0117 lova \u201eCrystal\u201c \u2013 puikus pasirinkimas tiems, kurie vertina elegancij\u0105, komfort\u0105 ir modern\u0173 funkcionalum\u0105. I\u0161skirtinis, auk\u0161tas, dygsniuotas galv\u016bgalis, papuo\u0161tas kri\u0161tolo sagomis, suteikia baldui unikalaus blizgesio, miegamajam suteikdamas prabangos ir klas\u0117s atmosfer\u0105. \u0160i ry\u0161ki detal\u0117 paver\u010dia \u201eCrystal\u201c lov\u0105 bet kokio interjero traukos centru, puikiai papildan\u010diu tiek prabang\u0173, tiek modern\u0173, tiek klasikin\u012f dizain\u0105.<\/p>","protected":false},"excerpt":{"rendered":"<p>Plotis: 204 cm<br \/>\nIlgis: 208 cm<br \/>\nAuk\u0161tis: 103 cm<br \/>\nMiegamasis plotas: 200 \u00d7 200 cm<br \/>\nMiegojimo auk\u0161tis: 52 cm<\/p>","protected":false},"featured_media":213798,"comment_status":"open","ping_status":"closed","template":"","meta":[],"product_brand":[],"product_cat":[505,9143,514,7271],"product_tag":[],"class_list":{"0":"post-213686","1":"product","2":"type-product","3":"status-publish","4":"has-post-thumbnail","6":"product_cat-bedroom-beds","7":"product_cat-beds-200x200","8":"product_cat-continental-beds","9":"product_cat-meble-gruszka","11":"first","12":"instock","13":"shipping-taxable","14":"purchasable","15":"product-type-variable","16":"wvs-archive-product-wrapper"},"_links":{"self":[{"href":"https:\/\/baldumarket.lt\/lt\/wp-json\/wp\/v2\/product\/213686","targetHints":{"allow":["GET"]}}],"collection":[{"href":"https:\/\/baldumarket.lt\/lt\/wp-json\/wp\/v2\/product"}],"about":[{"href":"https:\/\/baldumarket.lt\/lt\/wp-json\/wp\/v2\/types\/product"}],"replies":[{"embeddable":true,"href":"https:\/\/baldumarket.lt\/lt\/wp-json\/wp\/v2\/comments?post=213686"}],"wp:featuredmedia":[{"embeddable":true,"href":"https:\/\/baldumarket.lt\/lt\/wp-json\/wp\/v2\/media\/213798"}],"wp:attachment":[{"href":"https:\/\/baldumarket.lt\/lt\/wp-json\/wp\/v2\/media?parent=213686"}],"wp:term":[{"taxonomy":"product_brand","embeddable":true,"href":"https:\/\/baldumarket.lt\/lt\/wp-json\/wp\/v2\/product_brand?post=213686"},{"taxonomy":"product_cat","embeddable":true,"href":"https:\/\/baldumarket.lt\/lt\/wp-json\/wp\/v2\/product_cat?post=213686"},{"taxonomy":"product_tag","embeddable":true,"href":"https:\/\/baldumarket.lt\/lt\/wp-json\/wp\/v2\/product_tag?post=213686"}],"curies":[{"name":"wp","href":"https:\/\/api.w.org\/{rel}","templated":true}]}}