{"id":213670,"date":"2025-12-26T19:22:31","date_gmt":"2025-12-26T16:22:31","guid":{"rendered":"https:\/\/baldumarket.lt\/?post_type=product&#038;p=213670"},"modified":"2026-02-03T23:15:12","modified_gmt":"2026-02-03T20:15:12","slug":"lozko-kontynentalne-crystal-lux-120x200-tapicerowane-materac-topper-pojemnik","status":"publish","type":"product","link":"https:\/\/baldumarket.lt\/lt\/product\/lozko-kontynentalne-crystal-lux-120x200-tapicerowane-materac-topper-pojemnik\/","title":{"rendered":"\u201eCrystal Lux\u201c kontinentin\u0117 lova 120\u00d7200, apmu\u0161ta, \u010diu\u017einys, \u010diu\u017einuko u\u017etiesalas, konteineris"},"content":{"rendered":"<p>\u201eCrystal Lux\u201c 120 \u00d7 200 cm kontinentin\u0117 lova \u017eavi savo nesenstan\u010diu, eleganti\u0161ku dizainu. I\u0161skirtinis, auk\u0161tas lovos galv\u016bgalis ir priekin\u0117 dalis puo\u0161ti dygsniais, audiniu aptrauktomis sagomis ir ry\u0161kiomis si\u016bl\u0117mis, suteikian\u010diomis baldui unikal\u0173 charakter\u012f. Tradicini\u0173 koj\u0173 nebuvimas pakeistas plastikin\u0117mis slydimo kojel\u0117mis, pabr\u0117\u017eian\u010diomis modern\u0173 ir minimalistin\u012f lovos stili\u0173, kartu u\u017etikrinant stabilum\u0105 ir saugum\u0105.<\/p>","protected":false},"excerpt":{"rendered":"<p>Plotis: 124 cm<br \/>\nIlgis: 213 cm<br \/>\nAuk\u0161tis: 103 cm<br \/>\nMiegamasis plotas: 120 \u00d7 200 cm<br \/>\nMiegamosios dalies auk\u0161tis: 52 cm<\/p>","protected":false},"featured_media":213792,"comment_status":"open","ping_status":"closed","template":"","meta":[],"product_brand":[],"product_cat":[505,1969,514,7271],"product_tag":[],"class_list":{"0":"post-213670","1":"product","2":"type-product","3":"status-publish","4":"has-post-thumbnail","6":"product_cat-bedroom-beds","7":"product_cat-beds-120x200","8":"product_cat-continental-beds","9":"product_cat-meble-gruszka","11":"first","12":"instock","13":"shipping-taxable","14":"purchasable","15":"product-type-variable","16":"wvs-archive-product-wrapper"},"_links":{"self":[{"href":"https:\/\/baldumarket.lt\/lt\/wp-json\/wp\/v2\/product\/213670","targetHints":{"allow":["GET"]}}],"collection":[{"href":"https:\/\/baldumarket.lt\/lt\/wp-json\/wp\/v2\/product"}],"about":[{"href":"https:\/\/baldumarket.lt\/lt\/wp-json\/wp\/v2\/types\/product"}],"replies":[{"embeddable":true,"href":"https:\/\/baldumarket.lt\/lt\/wp-json\/wp\/v2\/comments?post=213670"}],"wp:featuredmedia":[{"embeddable":true,"href":"https:\/\/baldumarket.lt\/lt\/wp-json\/wp\/v2\/media\/213792"}],"wp:attachment":[{"href":"https:\/\/baldumarket.lt\/lt\/wp-json\/wp\/v2\/media?parent=213670"}],"wp:term":[{"taxonomy":"product_brand","embeddable":true,"href":"https:\/\/baldumarket.lt\/lt\/wp-json\/wp\/v2\/product_brand?post=213670"},{"taxonomy":"product_cat","embeddable":true,"href":"https:\/\/baldumarket.lt\/lt\/wp-json\/wp\/v2\/product_cat?post=213670"},{"taxonomy":"product_tag","embeddable":true,"href":"https:\/\/baldumarket.lt\/lt\/wp-json\/wp\/v2\/product_tag?post=213670"}],"curies":[{"name":"wp","href":"https:\/\/api.w.org\/{rel}","templated":true}]}}