{"id":213652,"date":"2025-12-26T19:21:50","date_gmt":"2025-12-26T16:21:50","guid":{"rendered":"https:\/\/baldumarket.lt\/?post_type=product&#038;p=213652"},"modified":"2026-02-03T23:15:12","modified_gmt":"2026-02-03T20:15:12","slug":"lozko-kontynentalne-crystal-lux-160x200-tapicerowane-materac-topper-pojemnik","status":"publish","type":"product","link":"https:\/\/baldumarket.lt\/lt\/product\/lozko-kontynentalne-crystal-lux-160x200-tapicerowane-materac-topper-pojemnik\/","title":{"rendered":"\u201eCrystal Lux\u201c kontinentin\u0117 lova 160\u00d7200, apmu\u0161ta, \u010diu\u017einys, \u010diu\u017einuko u\u017etiesalas, konteineris"},"content":{"rendered":"<p>\u201eCrystal Lux\u201c 160\u00d7200 cm kontinentin\u0117 lova \u2013 puikus pasirinkimas tiems, kurie vertina rafinuot\u0105 stili\u0173 ir auk\u0161t\u0105 miego komfort\u0105. I\u0161skirtinis, auk\u0161tas lovos galv\u016bgalis ir priekin\u0117 dalis puo\u0161ti dygsniais, audiniu aptrauktomis sagomis ir dekoratyvin\u0117mis si\u016bl\u0117mis, suteikian\u010diomis visam baldui unikali\u0105 elegancij\u0105. Modern\u0173 charakter\u012f pabr\u0117\u017eia tradicini\u0173 kojeli\u0173 nebuvimas \u2013 baldas remiasi \u012f patvarius plastikinius b\u0117gelius, u\u017etikrinan\u010dius stabilum\u0105 ir subtili\u0105 i\u0161vaizd\u0105.<\/p>","protected":false},"excerpt":{"rendered":"<p>Plotis: 164 cm<br \/>\nIlgis: 213 cm<br \/>\nAuk\u0161tis: 103 cm<br \/>\nMiegamoji erdv\u0117: 160 \u00d7 200 cm<br \/>\nMiegamosios dalies auk\u0161tis: 52 cm<\/p>","protected":false},"featured_media":213774,"comment_status":"open","ping_status":"closed","template":"","meta":[],"product_brand":[],"product_cat":[505,1971,514,7271],"product_tag":[],"class_list":{"0":"post-213652","1":"product","2":"type-product","3":"status-publish","4":"has-post-thumbnail","6":"product_cat-bedroom-beds","7":"product_cat-beds-160x200","8":"product_cat-continental-beds","9":"product_cat-meble-gruszka","11":"first","12":"instock","13":"shipping-taxable","14":"purchasable","15":"product-type-variable","16":"wvs-archive-product-wrapper"},"_links":{"self":[{"href":"https:\/\/baldumarket.lt\/lt\/wp-json\/wp\/v2\/product\/213652","targetHints":{"allow":["GET"]}}],"collection":[{"href":"https:\/\/baldumarket.lt\/lt\/wp-json\/wp\/v2\/product"}],"about":[{"href":"https:\/\/baldumarket.lt\/lt\/wp-json\/wp\/v2\/types\/product"}],"replies":[{"embeddable":true,"href":"https:\/\/baldumarket.lt\/lt\/wp-json\/wp\/v2\/comments?post=213652"}],"wp:featuredmedia":[{"embeddable":true,"href":"https:\/\/baldumarket.lt\/lt\/wp-json\/wp\/v2\/media\/213774"}],"wp:attachment":[{"href":"https:\/\/baldumarket.lt\/lt\/wp-json\/wp\/v2\/media?parent=213652"}],"wp:term":[{"taxonomy":"product_brand","embeddable":true,"href":"https:\/\/baldumarket.lt\/lt\/wp-json\/wp\/v2\/product_brand?post=213652"},{"taxonomy":"product_cat","embeddable":true,"href":"https:\/\/baldumarket.lt\/lt\/wp-json\/wp\/v2\/product_cat?post=213652"},{"taxonomy":"product_tag","embeddable":true,"href":"https:\/\/baldumarket.lt\/lt\/wp-json\/wp\/v2\/product_tag?post=213652"}],"curies":[{"name":"wp","href":"https:\/\/api.w.org\/{rel}","templated":true}]}}