{"id":213598,"date":"2025-12-26T19:19:42","date_gmt":"2025-12-26T16:19:42","guid":{"rendered":"https:\/\/baldumarket.lt\/?post_type=product&#038;p=213598"},"modified":"2026-02-03T23:15:13","modified_gmt":"2026-02-03T20:15:13","slug":"lozko-kontynentalne-dakota-180x200-tapicerowane-materac-topper-pojemnik","status":"publish","type":"product","link":"https:\/\/baldumarket.lt\/lt\/product\/lozko-kontynentalne-dakota-180x200-tapicerowane-materac-topper-pojemnik\/","title":{"rendered":"\u201eDakota\u201c kontinentin\u0117 lova 180\u00d7200, apmu\u0161ta, \u010diu\u017einys, \u010diu\u017einuko u\u017etiesalas, konteineris"},"content":{"rendered":"<p>\u201eDakota\u201c 180\u00d7200 cm kontinentin\u0117 lova \u2013 tai puikus eleganti\u0161ko dizaino, komforto ir prakti\u0161k\u0173 sprendim\u0173 derinys. Sukurta tiems, kurie vertina patog\u0173 mieg\u0105 ir esteti\u0161kai patraukl\u0173 interjer\u0105, ji puikiai tinka didesniems miegamiesiems, si\u016blydama ir erdv\u0119, ir funkcionalum\u0105.<\/p>","protected":false},"excerpt":{"rendered":"<p>Plotis: 184 cm<br \/>\nIlgis: 208 cm<br \/>\nAuk\u0161tis: 115 cm<br \/>\nMiegamoji erdv\u0117: 180 \u00d7 200 cm<br \/>\nMiegojimo auk\u0161tis: 58 cm<\/p>","protected":false},"featured_media":213724,"comment_status":"open","ping_status":"closed","template":"","meta":[],"product_brand":[],"product_cat":[505,1972,514,7271],"product_tag":[],"class_list":{"0":"post-213598","1":"product","2":"type-product","3":"status-publish","4":"has-post-thumbnail","6":"product_cat-bedroom-beds","7":"product_cat-beds-180x200","8":"product_cat-continental-beds","9":"product_cat-meble-gruszka","11":"first","12":"instock","13":"shipping-taxable","14":"purchasable","15":"product-type-variable","16":"wvs-archive-product-wrapper"},"_links":{"self":[{"href":"https:\/\/baldumarket.lt\/lt\/wp-json\/wp\/v2\/product\/213598","targetHints":{"allow":["GET"]}}],"collection":[{"href":"https:\/\/baldumarket.lt\/lt\/wp-json\/wp\/v2\/product"}],"about":[{"href":"https:\/\/baldumarket.lt\/lt\/wp-json\/wp\/v2\/types\/product"}],"replies":[{"embeddable":true,"href":"https:\/\/baldumarket.lt\/lt\/wp-json\/wp\/v2\/comments?post=213598"}],"wp:featuredmedia":[{"embeddable":true,"href":"https:\/\/baldumarket.lt\/lt\/wp-json\/wp\/v2\/media\/213724"}],"wp:attachment":[{"href":"https:\/\/baldumarket.lt\/lt\/wp-json\/wp\/v2\/media?parent=213598"}],"wp:term":[{"taxonomy":"product_brand","embeddable":true,"href":"https:\/\/baldumarket.lt\/lt\/wp-json\/wp\/v2\/product_brand?post=213598"},{"taxonomy":"product_cat","embeddable":true,"href":"https:\/\/baldumarket.lt\/lt\/wp-json\/wp\/v2\/product_cat?post=213598"},{"taxonomy":"product_tag","embeddable":true,"href":"https:\/\/baldumarket.lt\/lt\/wp-json\/wp\/v2\/product_tag?post=213598"}],"curies":[{"name":"wp","href":"https:\/\/api.w.org\/{rel}","templated":true}]}}