{"id":213580,"date":"2025-12-26T19:19:03","date_gmt":"2025-12-26T16:19:03","guid":{"rendered":"https:\/\/baldumarket.lt\/?post_type=product&#038;p=213580"},"modified":"2026-02-03T23:15:14","modified_gmt":"2026-02-03T20:15:14","slug":"lozko-kontynentalne-delos-led-120x200-z-oswietleniem-tapicerowane-materace-topper-pojemnik","status":"publish","type":"product","link":"https:\/\/baldumarket.lt\/lt\/product\/lozko-kontynentalne-delos-led-120x200-z-oswietleniem-tapicerowane-materace-topper-pojemnik\/","title":{"rendered":"Delos LED kontinentin\u0117 lova 120\u00d7200, su ap\u0161vietimu, apmu\u0161ta, \u010diu\u017einiais, \u010diu\u017einio u\u017etiesalu, konteineriu"},"content":{"rendered":"<p>\u201eDelos\u201c LED kontinentin\u0117 lova apjungia funkcionalum\u0105, komfort\u0105 ir \u012fsp\u016bding\u0105 dizain\u0105. Sukurta galvojant apie modern\u0173 interjer\u0105, ji puikiai tinka bet kokiam miegamajam \u2013 tiek klasikiniam, tiek moderniam. \u0160is modelis turi standartin\u012f \u012fmontuot\u0105 LED ap\u0161vietim\u0105, didel\u0119 patalyn\u0117s d\u0117\u017e\u0119 ir patog\u0173 \u201eBonnell\u201c spyruoklin\u012f \u010diu\u017ein\u012f su \u010diu\u017einio u\u017etiesalu.<\/p>","protected":false},"excerpt":{"rendered":"<p>Plotis: 120 cm<br \/>\nIlgis: 211 cm<br \/>\nAuk\u0161tis: 120 cm<br \/>\nMiegamasis plotas: 120 \u00d7 200 cm<br \/>\nMiegamosios dalies auk\u0161tis: 60 cm<\/p>","protected":false},"featured_media":213707,"comment_status":"open","ping_status":"closed","template":"","meta":[],"product_brand":[],"product_cat":[505,1969,514,7271],"product_tag":[],"class_list":{"0":"post-213580","1":"product","2":"type-product","3":"status-publish","4":"has-post-thumbnail","6":"product_cat-bedroom-beds","7":"product_cat-beds-120x200","8":"product_cat-continental-beds","9":"product_cat-meble-gruszka","11":"first","12":"instock","13":"shipping-taxable","14":"purchasable","15":"product-type-variable","16":"wvs-archive-product-wrapper"},"_links":{"self":[{"href":"https:\/\/baldumarket.lt\/lt\/wp-json\/wp\/v2\/product\/213580","targetHints":{"allow":["GET"]}}],"collection":[{"href":"https:\/\/baldumarket.lt\/lt\/wp-json\/wp\/v2\/product"}],"about":[{"href":"https:\/\/baldumarket.lt\/lt\/wp-json\/wp\/v2\/types\/product"}],"replies":[{"embeddable":true,"href":"https:\/\/baldumarket.lt\/lt\/wp-json\/wp\/v2\/comments?post=213580"}],"wp:featuredmedia":[{"embeddable":true,"href":"https:\/\/baldumarket.lt\/lt\/wp-json\/wp\/v2\/media\/213707"}],"wp:attachment":[{"href":"https:\/\/baldumarket.lt\/lt\/wp-json\/wp\/v2\/media?parent=213580"}],"wp:term":[{"taxonomy":"product_brand","embeddable":true,"href":"https:\/\/baldumarket.lt\/lt\/wp-json\/wp\/v2\/product_brand?post=213580"},{"taxonomy":"product_cat","embeddable":true,"href":"https:\/\/baldumarket.lt\/lt\/wp-json\/wp\/v2\/product_cat?post=213580"},{"taxonomy":"product_tag","embeddable":true,"href":"https:\/\/baldumarket.lt\/lt\/wp-json\/wp\/v2\/product_tag?post=213580"}],"curies":[{"name":"wp","href":"https:\/\/api.w.org\/{rel}","templated":true}]}}