{"id":213560,"date":"2025-12-26T19:18:15","date_gmt":"2025-12-26T16:18:15","guid":{"rendered":"https:\/\/baldumarket.lt\/?post_type=product&#038;p=213560"},"modified":"2026-02-03T23:15:14","modified_gmt":"2026-02-03T20:15:14","slug":"lozko-kontynentalne-delos-led-180x200-z-oswietleniem-tapicerowane-materace-topper-pojemnik","status":"publish","type":"product","link":"https:\/\/baldumarket.lt\/lt\/product\/lozko-kontynentalne-delos-led-180x200-z-oswietleniem-tapicerowane-materace-topper-pojemnik\/","title":{"rendered":"Delos LED kontinentin\u0117 lova 180&#215;200, su ap\u0161vietimu, apmu\u0161ta, \u010diu\u017einiais, \u010diu\u017einio u\u017etiesalu, konteineriu"},"content":{"rendered":"<p>180\u00d7200 Delos LED kontinentin\u0117 lova \u2013 puikus pasirinkimas tiems, kurie ie\u0161ko erdv\u0117s ir komforto savo miegamajame. 180\u00d7200 cm dydis suteikia optimal\u0173 miegojimo plot\u0105 poroms ir individualiems asmenims, vertinantiems komfort\u0105. \u0160is modelis turi du patalyn\u0117s skyrius, \u201eBonnell\u201c spyruoklin\u012f \u010diu\u017ein\u012f ir T-25 putplas\u010dio \u010diu\u017ein\u012f, taip pat standartin\u012f LED ap\u0161vietim\u0105, kur\u012f galima valdyti nuotolinio valdymo pultu.<\/p>","protected":false},"excerpt":{"rendered":"<p>Plotis: 180 cm<br \/>\nIlgis: 211 cm<br \/>\nAuk\u0161tis: 120 cm<br \/>\nMiegamoji erdv\u0117: 180 \u00d7 200 cm<br \/>\nMiegojimo auk\u0161tis: 60 cm<\/p>","protected":false},"featured_media":213678,"comment_status":"open","ping_status":"closed","template":"","meta":[],"product_brand":[],"product_cat":[505,1972,514,7271],"product_tag":[],"class_list":{"0":"post-213560","1":"product","2":"type-product","3":"status-publish","4":"has-post-thumbnail","6":"product_cat-bedroom-beds","7":"product_cat-beds-180x200","8":"product_cat-continental-beds","9":"product_cat-meble-gruszka","11":"first","12":"instock","13":"shipping-taxable","14":"purchasable","15":"product-type-variable","16":"wvs-archive-product-wrapper"},"_links":{"self":[{"href":"https:\/\/baldumarket.lt\/lt\/wp-json\/wp\/v2\/product\/213560","targetHints":{"allow":["GET"]}}],"collection":[{"href":"https:\/\/baldumarket.lt\/lt\/wp-json\/wp\/v2\/product"}],"about":[{"href":"https:\/\/baldumarket.lt\/lt\/wp-json\/wp\/v2\/types\/product"}],"replies":[{"embeddable":true,"href":"https:\/\/baldumarket.lt\/lt\/wp-json\/wp\/v2\/comments?post=213560"}],"wp:featuredmedia":[{"embeddable":true,"href":"https:\/\/baldumarket.lt\/lt\/wp-json\/wp\/v2\/media\/213678"}],"wp:attachment":[{"href":"https:\/\/baldumarket.lt\/lt\/wp-json\/wp\/v2\/media?parent=213560"}],"wp:term":[{"taxonomy":"product_brand","embeddable":true,"href":"https:\/\/baldumarket.lt\/lt\/wp-json\/wp\/v2\/product_brand?post=213560"},{"taxonomy":"product_cat","embeddable":true,"href":"https:\/\/baldumarket.lt\/lt\/wp-json\/wp\/v2\/product_cat?post=213560"},{"taxonomy":"product_tag","embeddable":true,"href":"https:\/\/baldumarket.lt\/lt\/wp-json\/wp\/v2\/product_tag?post=213560"}],"curies":[{"name":"wp","href":"https:\/\/api.w.org\/{rel}","templated":true}]}}