{"id":213526,"date":"2025-12-26T19:17:03","date_gmt":"2025-12-26T16:17:03","guid":{"rendered":"https:\/\/baldumarket.lt\/?post_type=product&#038;p=213526"},"modified":"2026-02-03T23:15:14","modified_gmt":"2026-02-03T20:15:14","slug":"lozko-kontynentalne-denver-140x200-z-oswietleniem-tapicerowane-materace-topper-pojemnik","status":"publish","type":"product","link":"https:\/\/baldumarket.lt\/lt\/product\/lozko-kontynentalne-denver-140x200-z-oswietleniem-tapicerowane-materace-topper-pojemnik\/","title":{"rendered":"Denver kontinentin\u0117 lova 140\u00d7200, su ap\u0161vietimu, apmu\u0161ta, \u010diu\u017einiai, \u010diu\u017einys, \u010diu\u017einuko u\u017etiesalas, konteineris"},"content":{"rendered":"<p>\u201eDenver 140\u00d7200\u201c spyruoklin\u0117 lova yra puikus pasirinkimas ie\u0161kantiems modernaus, kompakti\u0161ko miegamojo sprendimo, kuriame der\u0117t\u0173 auk\u0161tos kokyb\u0117s miegas, funkcionalumas ir eleganti\u0161kas dizainas. \u0160is dydis puikiai tinka kaip viengul\u0117 lova didesn\u0117je erdv\u0117je arba kaip patogi dvigul\u0117 lova ma\u017eame miegamajame.<\/p>","protected":false},"excerpt":{"rendered":"<p>Plotis: 172 cm<br \/>\nIlgis: 208 cm<br \/>\n\u016agis: 118 cm<br \/>\nMiegamasis plotas: 140 \u00d7 200 cm<br \/>\nMiegojimo auk\u0161tis: 51 cm<\/p>","protected":false},"featured_media":213653,"comment_status":"open","ping_status":"closed","template":"","meta":[],"product_brand":[],"product_cat":[505,1970,514,7271],"product_tag":[],"class_list":{"0":"post-213526","1":"product","2":"type-product","3":"status-publish","4":"has-post-thumbnail","6":"product_cat-bedroom-beds","7":"product_cat-beds-140x200","8":"product_cat-continental-beds","9":"product_cat-meble-gruszka","11":"first","12":"instock","13":"shipping-taxable","14":"purchasable","15":"product-type-variable","16":"wvs-archive-product-wrapper"},"_links":{"self":[{"href":"https:\/\/baldumarket.lt\/lt\/wp-json\/wp\/v2\/product\/213526","targetHints":{"allow":["GET"]}}],"collection":[{"href":"https:\/\/baldumarket.lt\/lt\/wp-json\/wp\/v2\/product"}],"about":[{"href":"https:\/\/baldumarket.lt\/lt\/wp-json\/wp\/v2\/types\/product"}],"replies":[{"embeddable":true,"href":"https:\/\/baldumarket.lt\/lt\/wp-json\/wp\/v2\/comments?post=213526"}],"wp:featuredmedia":[{"embeddable":true,"href":"https:\/\/baldumarket.lt\/lt\/wp-json\/wp\/v2\/media\/213653"}],"wp:attachment":[{"href":"https:\/\/baldumarket.lt\/lt\/wp-json\/wp\/v2\/media?parent=213526"}],"wp:term":[{"taxonomy":"product_brand","embeddable":true,"href":"https:\/\/baldumarket.lt\/lt\/wp-json\/wp\/v2\/product_brand?post=213526"},{"taxonomy":"product_cat","embeddable":true,"href":"https:\/\/baldumarket.lt\/lt\/wp-json\/wp\/v2\/product_cat?post=213526"},{"taxonomy":"product_tag","embeddable":true,"href":"https:\/\/baldumarket.lt\/lt\/wp-json\/wp\/v2\/product_tag?post=213526"}],"curies":[{"name":"wp","href":"https:\/\/api.w.org\/{rel}","templated":true}]}}