{"id":213517,"date":"2025-12-26T19:16:35","date_gmt":"2025-12-26T16:16:35","guid":{"rendered":"https:\/\/baldumarket.lt\/?post_type=product&#038;p=213517"},"modified":"2026-02-03T23:15:14","modified_gmt":"2026-02-03T20:15:14","slug":"lozko-kontynentalne-denver-160x200-z-oswietleniem-tapicerowane-materace-topper-pojemnik","status":"publish","type":"product","link":"https:\/\/baldumarket.lt\/lt\/product\/lozko-kontynentalne-denver-160x200-z-oswietleniem-tapicerowane-materace-topper-pojemnik\/","title":{"rendered":"Denver kontinentin\u0117 lova 160\u00d7200, su ap\u0161vietimu, apmu\u0161ta, \u010diu\u017einiai, \u010diu\u017einys, \u010diu\u017einuko u\u017etiesalas, konteineris"},"content":{"rendered":"<p>\u201eDenver 160\u00d7200\u201c kontinentin\u0117 lova puikiai tinka tiems, kurie vertina modern\u0173 stili\u0173, maksimal\u0173 funkcionalum\u0105 ir didel\u012f miego komfort\u0105. \u0160is modelis apjungia eleganti\u0161k\u0105 dizain\u0105, prakti\u0161kus daikt\u0173 laikymo sprendimus ir patogi\u0105 atram\u0105, kuri\u0105 suteikia patikrintos med\u017eiagos.<\/p>","protected":false},"excerpt":{"rendered":"<p>Plotis: 192 cm<br \/>\nIlgis: 208 cm<br \/>\n\u016agis: 118 cm<br \/>\nMiegamoji erdv\u0117: 160 \u00d7 200 cm<br \/>\nMiegojimo auk\u0161tis: 51 cm<\/p>","protected":false},"featured_media":213642,"comment_status":"open","ping_status":"closed","template":"","meta":[],"product_brand":[],"product_cat":[505,1971,514,7271],"product_tag":[],"class_list":{"0":"post-213517","1":"product","2":"type-product","3":"status-publish","4":"has-post-thumbnail","6":"product_cat-bedroom-beds","7":"product_cat-beds-160x200","8":"product_cat-continental-beds","9":"product_cat-meble-gruszka","11":"first","12":"instock","13":"shipping-taxable","14":"purchasable","15":"product-type-variable","16":"wvs-archive-product-wrapper"},"_links":{"self":[{"href":"https:\/\/baldumarket.lt\/lt\/wp-json\/wp\/v2\/product\/213517","targetHints":{"allow":["GET"]}}],"collection":[{"href":"https:\/\/baldumarket.lt\/lt\/wp-json\/wp\/v2\/product"}],"about":[{"href":"https:\/\/baldumarket.lt\/lt\/wp-json\/wp\/v2\/types\/product"}],"replies":[{"embeddable":true,"href":"https:\/\/baldumarket.lt\/lt\/wp-json\/wp\/v2\/comments?post=213517"}],"wp:featuredmedia":[{"embeddable":true,"href":"https:\/\/baldumarket.lt\/lt\/wp-json\/wp\/v2\/media\/213642"}],"wp:attachment":[{"href":"https:\/\/baldumarket.lt\/lt\/wp-json\/wp\/v2\/media?parent=213517"}],"wp:term":[{"taxonomy":"product_brand","embeddable":true,"href":"https:\/\/baldumarket.lt\/lt\/wp-json\/wp\/v2\/product_brand?post=213517"},{"taxonomy":"product_cat","embeddable":true,"href":"https:\/\/baldumarket.lt\/lt\/wp-json\/wp\/v2\/product_cat?post=213517"},{"taxonomy":"product_tag","embeddable":true,"href":"https:\/\/baldumarket.lt\/lt\/wp-json\/wp\/v2\/product_tag?post=213517"}],"curies":[{"name":"wp","href":"https:\/\/api.w.org\/{rel}","templated":true}]}}