{"id":213499,"date":"2025-12-26T19:16:01","date_gmt":"2025-12-26T16:16:01","guid":{"rendered":"https:\/\/baldumarket.lt\/?post_type=product&#038;p=213499"},"modified":"2026-02-03T23:15:15","modified_gmt":"2026-02-03T20:15:15","slug":"lozko-kontynentalne-denver-200x200-z-oswietleniem-tapicerowane-materace-topper-pojemnik","status":"publish","type":"product","link":"https:\/\/baldumarket.lt\/lt\/product\/lozko-kontynentalne-denver-200x200-z-oswietleniem-tapicerowane-materace-topper-pojemnik\/","title":{"rendered":"Denver kontinentin\u0117 lova 200\u00d7200, su ap\u0161vietimu, apmu\u0161ta, \u010diu\u017einiai, \u010diu\u017einys, \u010diu\u017einuko u\u017etiesalas, konteineris"},"content":{"rendered":"<p>\u201eDenver\u201c 200 \u00d7 200 cm kontinentin\u0117 lova \u2013 puikus sprendimas tiems, kurie vertina erdv\u0119, komfort\u0105 ir modern\u0173 dizain\u0105. \u0160is modelis sukurtas dideliems miegamiesiems, butams ir prabangiems interjerams, kur svarbiausia yra patogumas ir prakti\u0161kumas.<\/p>","protected":false},"excerpt":{"rendered":"<p>Plotis: 232 cm<br \/>\nIlgis: 208 cm<br \/>\n\u016agis: 118 cm<br \/>\nMiegamasis plotas: 200 \u00d7 200 cm<br \/>\nMiegojimo auk\u0161tis: 51 cm<\/p>","protected":false},"featured_media":213625,"comment_status":"open","ping_status":"closed","template":"","meta":[],"product_brand":[],"product_cat":[505,9143,514,7271],"product_tag":[],"class_list":{"0":"post-213499","1":"product","2":"type-product","3":"status-publish","4":"has-post-thumbnail","6":"product_cat-bedroom-beds","7":"product_cat-beds-200x200","8":"product_cat-continental-beds","9":"product_cat-meble-gruszka","11":"first","12":"instock","13":"shipping-taxable","14":"purchasable","15":"product-type-variable","16":"wvs-archive-product-wrapper"},"_links":{"self":[{"href":"https:\/\/baldumarket.lt\/lt\/wp-json\/wp\/v2\/product\/213499","targetHints":{"allow":["GET"]}}],"collection":[{"href":"https:\/\/baldumarket.lt\/lt\/wp-json\/wp\/v2\/product"}],"about":[{"href":"https:\/\/baldumarket.lt\/lt\/wp-json\/wp\/v2\/types\/product"}],"replies":[{"embeddable":true,"href":"https:\/\/baldumarket.lt\/lt\/wp-json\/wp\/v2\/comments?post=213499"}],"wp:featuredmedia":[{"embeddable":true,"href":"https:\/\/baldumarket.lt\/lt\/wp-json\/wp\/v2\/media\/213625"}],"wp:attachment":[{"href":"https:\/\/baldumarket.lt\/lt\/wp-json\/wp\/v2\/media?parent=213499"}],"wp:term":[{"taxonomy":"product_brand","embeddable":true,"href":"https:\/\/baldumarket.lt\/lt\/wp-json\/wp\/v2\/product_brand?post=213499"},{"taxonomy":"product_cat","embeddable":true,"href":"https:\/\/baldumarket.lt\/lt\/wp-json\/wp\/v2\/product_cat?post=213499"},{"taxonomy":"product_tag","embeddable":true,"href":"https:\/\/baldumarket.lt\/lt\/wp-json\/wp\/v2\/product_tag?post=213499"}],"curies":[{"name":"wp","href":"https:\/\/api.w.org\/{rel}","templated":true}]}}