{"id":213490,"date":"2025-12-26T19:15:36","date_gmt":"2025-12-26T16:15:36","guid":{"rendered":"https:\/\/baldumarket.lt\/?post_type=product&#038;p=213490"},"modified":"2026-02-03T23:15:15","modified_gmt":"2026-02-03T20:15:15","slug":"lozko-kontynentalne-diego-120x200-tapicerowane-materac-topper-pojemnik","status":"publish","type":"product","link":"https:\/\/baldumarket.lt\/lt\/product\/lozko-kontynentalne-diego-120x200-tapicerowane-materac-topper-pojemnik\/","title":{"rendered":"Diego kontinentin\u0117 lova 120\u00d7200, apmu\u0161ta, \u010diu\u017einys, \u010diu\u017einuko u\u017etiesalas, konteineris"},"content":{"rendered":"<p>\u201eDiego\u201c apmu\u0161ta kontinentin\u0117 lova, kurios miegamojo plotas yra 120 \u00d7 200 cm, yra modernus pasirinkimas tiek jaunimo kambariams, tiek ma\u017eiems miegamiesiems. Neabejotinas komplekto akcentas \u2013 auk\u0161tas, dygsniuotas ir dygsniuotas galv\u016bgalis, kuris taip pat gali b\u016bti naudojamas kaip nugaros atrama skaitant vakare. Balduose yra septyni\u0173 zon\u0173 ki\u0161enini\u0173 spyruokli\u0173 \u010diu\u017einys, kuris kartu su put\u0173 \u010diu\u017einiu u\u017etikrina patog\u0173 nakties mieg\u0105 ir dienos poils\u012f. Apatin\u0117je lovos dalyje yra du atidaromi patalyn\u0117s skyriai. Baldus galima \u012fsigyti su \u012fvairiais apmu\u0161al\u0173 audiniais, kuriuos galite \u012fsigyti \u201eProduct Creator\u201c parduotuv\u0117je. Reikalingas minimalus surinkimas.<\/p>","protected":false},"excerpt":{"rendered":"<p>Plotis: 120 cm<br \/>\nIlgis: 217 cm<br \/>\n\u016agis: 123 cm<br \/>\nMiegamasis plotas: 120 \u00d7 200 cm<br \/>\nMiegojimo auk\u0161tis: 64 cm<\/p>","protected":false},"featured_media":213618,"comment_status":"open","ping_status":"closed","template":"","meta":[],"product_brand":[],"product_cat":[505,1969,514,7271],"product_tag":[],"class_list":{"0":"post-213490","1":"product","2":"type-product","3":"status-publish","4":"has-post-thumbnail","6":"product_cat-bedroom-beds","7":"product_cat-beds-120x200","8":"product_cat-continental-beds","9":"product_cat-meble-gruszka","11":"first","12":"instock","13":"shipping-taxable","14":"purchasable","15":"product-type-variable","16":"wvs-archive-product-wrapper"},"_links":{"self":[{"href":"https:\/\/baldumarket.lt\/lt\/wp-json\/wp\/v2\/product\/213490","targetHints":{"allow":["GET"]}}],"collection":[{"href":"https:\/\/baldumarket.lt\/lt\/wp-json\/wp\/v2\/product"}],"about":[{"href":"https:\/\/baldumarket.lt\/lt\/wp-json\/wp\/v2\/types\/product"}],"replies":[{"embeddable":true,"href":"https:\/\/baldumarket.lt\/lt\/wp-json\/wp\/v2\/comments?post=213490"}],"wp:featuredmedia":[{"embeddable":true,"href":"https:\/\/baldumarket.lt\/lt\/wp-json\/wp\/v2\/media\/213618"}],"wp:attachment":[{"href":"https:\/\/baldumarket.lt\/lt\/wp-json\/wp\/v2\/media?parent=213490"}],"wp:term":[{"taxonomy":"product_brand","embeddable":true,"href":"https:\/\/baldumarket.lt\/lt\/wp-json\/wp\/v2\/product_brand?post=213490"},{"taxonomy":"product_cat","embeddable":true,"href":"https:\/\/baldumarket.lt\/lt\/wp-json\/wp\/v2\/product_cat?post=213490"},{"taxonomy":"product_tag","embeddable":true,"href":"https:\/\/baldumarket.lt\/lt\/wp-json\/wp\/v2\/product_tag?post=213490"}],"curies":[{"name":"wp","href":"https:\/\/api.w.org\/{rel}","templated":true}]}}