{"id":213472,"date":"2025-12-26T19:14:47","date_gmt":"2025-12-26T16:14:47","guid":{"rendered":"https:\/\/baldumarket.lt\/?post_type=product&#038;p=213472"},"modified":"2026-02-03T23:15:15","modified_gmt":"2026-02-03T20:15:15","slug":"lozko-kontynentalne-diego-160x200-tapicerowane-materac-topper-pojemnik","status":"publish","type":"product","link":"https:\/\/baldumarket.lt\/lt\/product\/lozko-kontynentalne-diego-160x200-tapicerowane-materac-topper-pojemnik\/","title":{"rendered":"Diego kontinentin\u0117 lova 160\u00d7200, apmu\u0161ta, \u010diu\u017einys, \u010diu\u017einuko u\u017etiesalas, konteineris"},"content":{"rendered":"<p>Moderni \u201eDiego\u201c kontinentin\u0117 lova \u017eavi savo dygsniuotu, modernistiniu galv\u016bgaliu. Gausiai dygsniuotas galv\u016bgalis ne tik pagerina lovos i\u0161vaizd\u0105, bet ir tarnauja kaip atrama vakare skaitant ar \u017ei\u016brint m\u0117gstamus serialus. D\u0117l modernaus stiliaus ji puikiai dera prie \u0161iuolaikinio interjero. Lovoje yra du patalyn\u0117s skyriai, kuri\u0173 kiekviename yra ki\u0161enini\u0173 spyruokli\u0173 \u010diu\u017einys. Ant vir\u0161aus u\u017ededamas 5 cm storio putplas\u010diu u\u017epildytas \u010diu\u017einio u\u017etiesalas. Lova pagaminta pagal u\u017esakym\u0105 pagal i\u0161sam\u0173 audini\u0173 pavyzd\u012f, kur\u012f rasite \u201eProduct Creator\u201c svetain\u0117je. Baldams reikia minimalaus surinkimo.<\/p>","protected":false},"excerpt":{"rendered":"<p>Plotis: 160 cm<br \/>\nIlgis: 217 cm<br \/>\n\u016agis: 123 cm<br \/>\nMiegamoji erdv\u0117: 160 \u00d7 200 cm<br \/>\nMiegojimo auk\u0161tis: 64 cm<\/p>","protected":false},"featured_media":213599,"comment_status":"open","ping_status":"closed","template":"","meta":[],"product_brand":[],"product_cat":[505,1971,514,7271],"product_tag":[],"class_list":{"0":"post-213472","1":"product","2":"type-product","3":"status-publish","4":"has-post-thumbnail","6":"product_cat-bedroom-beds","7":"product_cat-beds-160x200","8":"product_cat-continental-beds","9":"product_cat-meble-gruszka","11":"first","12":"instock","13":"shipping-taxable","14":"purchasable","15":"product-type-variable","16":"wvs-archive-product-wrapper"},"_links":{"self":[{"href":"https:\/\/baldumarket.lt\/lt\/wp-json\/wp\/v2\/product\/213472","targetHints":{"allow":["GET"]}}],"collection":[{"href":"https:\/\/baldumarket.lt\/lt\/wp-json\/wp\/v2\/product"}],"about":[{"href":"https:\/\/baldumarket.lt\/lt\/wp-json\/wp\/v2\/types\/product"}],"replies":[{"embeddable":true,"href":"https:\/\/baldumarket.lt\/lt\/wp-json\/wp\/v2\/comments?post=213472"}],"wp:featuredmedia":[{"embeddable":true,"href":"https:\/\/baldumarket.lt\/lt\/wp-json\/wp\/v2\/media\/213599"}],"wp:attachment":[{"href":"https:\/\/baldumarket.lt\/lt\/wp-json\/wp\/v2\/media?parent=213472"}],"wp:term":[{"taxonomy":"product_brand","embeddable":true,"href":"https:\/\/baldumarket.lt\/lt\/wp-json\/wp\/v2\/product_brand?post=213472"},{"taxonomy":"product_cat","embeddable":true,"href":"https:\/\/baldumarket.lt\/lt\/wp-json\/wp\/v2\/product_cat?post=213472"},{"taxonomy":"product_tag","embeddable":true,"href":"https:\/\/baldumarket.lt\/lt\/wp-json\/wp\/v2\/product_tag?post=213472"}],"curies":[{"name":"wp","href":"https:\/\/api.w.org\/{rel}","templated":true}]}}