{"id":213470,"date":"2025-12-26T19:14:44","date_gmt":"2025-12-26T16:14:44","guid":{"rendered":"https:\/\/baldumarket.lt\/?post_type=product&#038;p=213470"},"modified":"2026-02-03T23:15:15","modified_gmt":"2026-02-03T20:15:15","slug":"lozko-kontynentalne-diego-180x200-tapicerowane-materac-topper-pojemnik","status":"publish","type":"product","link":"https:\/\/baldumarket.lt\/lt\/product\/lozko-kontynentalne-diego-180x200-tapicerowane-materac-topper-pojemnik\/","title":{"rendered":"Diego kontinentin\u0117 lova 180\u00d7200, apmu\u0161ta, \u010diu\u017einys, \u010diu\u017einuko u\u017etiesalas, konteineris"},"content":{"rendered":"<p>Moderni \u201eDiego\u201c kontinentin\u0117 lova, kurios miegamojo plotas yra 180 \u00d7 200 cm, i\u0161siskiria savo sant\u016briu dizainu, kur\u012f pary\u0161kina dygsniuotas ir dygsniuotas galv\u016bgalis. Septyni\u0173 zon\u0173 ki\u0161enini\u0173 spyruokli\u0173 \u010diu\u017einys ir 5 cm storio putplas\u010dio \u010diu\u017einys su nuimamu u\u017evalkalu u\u017etikrina visi\u0161k\u0105 komfort\u0105. Apatin\u0117je komplekto dalyje yra dvi erdvios patalyn\u0117s d\u0117\u017e\u0117s, kuriose galima susid\u0117ti papildomus daiktus i\u0161 spintos ar komodos. Baldai pagaminti i\u0161 gausios audini\u0173 kolekcijos, kuri\u0105 galima rasti \u201eProduct Creator\u201c parduotuv\u0117je. Surinkimas yra minimalus.<\/p>","protected":false},"excerpt":{"rendered":"<p>Plotis: 180 cm<br \/>\nIlgis: 217 cm<br \/>\n\u016agis: 123 cm<br \/>\nMiegamoji erdv\u0117: 180 \u00d7 200 cm<br \/>\nMiegojimo auk\u0161tis: 64 cm<\/p>","protected":false},"featured_media":213588,"comment_status":"open","ping_status":"closed","template":"","meta":[],"product_brand":[],"product_cat":[505,1972,514,7271],"product_tag":[],"class_list":{"0":"post-213470","1":"product","2":"type-product","3":"status-publish","4":"has-post-thumbnail","6":"product_cat-bedroom-beds","7":"product_cat-beds-180x200","8":"product_cat-continental-beds","9":"product_cat-meble-gruszka","11":"first","12":"instock","13":"shipping-taxable","14":"purchasable","15":"product-type-variable","16":"wvs-archive-product-wrapper"},"_links":{"self":[{"href":"https:\/\/baldumarket.lt\/lt\/wp-json\/wp\/v2\/product\/213470","targetHints":{"allow":["GET"]}}],"collection":[{"href":"https:\/\/baldumarket.lt\/lt\/wp-json\/wp\/v2\/product"}],"about":[{"href":"https:\/\/baldumarket.lt\/lt\/wp-json\/wp\/v2\/types\/product"}],"replies":[{"embeddable":true,"href":"https:\/\/baldumarket.lt\/lt\/wp-json\/wp\/v2\/comments?post=213470"}],"wp:featuredmedia":[{"embeddable":true,"href":"https:\/\/baldumarket.lt\/lt\/wp-json\/wp\/v2\/media\/213588"}],"wp:attachment":[{"href":"https:\/\/baldumarket.lt\/lt\/wp-json\/wp\/v2\/media?parent=213470"}],"wp:term":[{"taxonomy":"product_brand","embeddable":true,"href":"https:\/\/baldumarket.lt\/lt\/wp-json\/wp\/v2\/product_brand?post=213470"},{"taxonomy":"product_cat","embeddable":true,"href":"https:\/\/baldumarket.lt\/lt\/wp-json\/wp\/v2\/product_cat?post=213470"},{"taxonomy":"product_tag","embeddable":true,"href":"https:\/\/baldumarket.lt\/lt\/wp-json\/wp\/v2\/product_tag?post=213470"}],"curies":[{"name":"wp","href":"https:\/\/api.w.org\/{rel}","templated":true}]}}