{"id":213454,"date":"2025-12-26T19:14:05","date_gmt":"2025-12-26T16:14:05","guid":{"rendered":"https:\/\/baldumarket.lt\/?post_type=product&#038;p=213454"},"modified":"2026-02-03T23:15:16","modified_gmt":"2026-02-03T20:15:16","slug":"lozko-kontynentalne-diego-200x200-tapicerowane-materac-topper-pojemnik","status":"publish","type":"product","link":"https:\/\/baldumarket.lt\/lt\/product\/lozko-kontynentalne-diego-200x200-tapicerowane-materac-topper-pojemnik\/","title":{"rendered":"Diego kontinentin\u0117 lova 200\u00d7200, apmu\u0161ta, \u010diu\u017einys, \u010diu\u017einuko u\u017etiesalas, konteineris"},"content":{"rendered":"<p>\u201eDiego\u201c apmu\u0161ta kontinentin\u0117 lova, kurios miegamojo plotas yra 200 \u00d7 200 cm, i\u0161siskiria moderniu, dygsniuotu ir dygsniuotu galv\u016bgaliu. \u0160is baldas puikiai papildys \u0161iuolaikin\u012f interjer\u0105 ir taps miegamojo \u017evaig\u017ede. Lova apr\u016bpinta dviem erdviomis patalyn\u0117s d\u0117\u017e\u0117mis, kuriose tilps ir re\u010diau naudojami daiktai i\u0161 spintos. Automatinis patalyn\u0117s d\u0117\u017ei\u0173 atidarymas leid\u017eia tai padaryti nesunkiai. Septyni\u0173 zon\u0173 ki\u0161enini\u0173 spyruokli\u0173 \u010diu\u017einys ir 5 cm auk\u0161\u010dio putplas\u010dio vir\u0161utinis sluoksnis u\u017etikrina patog\u0173 poils\u012f. Baldai si\u016blomi su \u012fvairiais audiniais, kurie yra \u012ftraukti \u012f gaminio k\u016br\u0117jo rinkin\u012f. Komplektas pristatomas paruo\u0161tas surinkti, tod\u0117l surinkimas reikalauja minimalaus darbo.<\/p>","protected":false},"excerpt":{"rendered":"<p>Plotis: 200 cm<br \/>\nIlgis: 217 cm<br \/>\n\u016agis: 123 cm<br \/>\nMiegamasis plotas: 200 \u00d7 200 cm<br \/>\nMiegojimo auk\u0161tis: 64 cm<\/p>","protected":false},"featured_media":213581,"comment_status":"open","ping_status":"closed","template":"","meta":[],"product_brand":[],"product_cat":[505,9143,514,7271],"product_tag":[],"class_list":{"0":"post-213454","1":"product","2":"type-product","3":"status-publish","4":"has-post-thumbnail","6":"product_cat-bedroom-beds","7":"product_cat-beds-200x200","8":"product_cat-continental-beds","9":"product_cat-meble-gruszka","11":"first","12":"instock","13":"shipping-taxable","14":"purchasable","15":"product-type-variable","16":"wvs-archive-product-wrapper"},"_links":{"self":[{"href":"https:\/\/baldumarket.lt\/lt\/wp-json\/wp\/v2\/product\/213454","targetHints":{"allow":["GET"]}}],"collection":[{"href":"https:\/\/baldumarket.lt\/lt\/wp-json\/wp\/v2\/product"}],"about":[{"href":"https:\/\/baldumarket.lt\/lt\/wp-json\/wp\/v2\/types\/product"}],"replies":[{"embeddable":true,"href":"https:\/\/baldumarket.lt\/lt\/wp-json\/wp\/v2\/comments?post=213454"}],"wp:featuredmedia":[{"embeddable":true,"href":"https:\/\/baldumarket.lt\/lt\/wp-json\/wp\/v2\/media\/213581"}],"wp:attachment":[{"href":"https:\/\/baldumarket.lt\/lt\/wp-json\/wp\/v2\/media?parent=213454"}],"wp:term":[{"taxonomy":"product_brand","embeddable":true,"href":"https:\/\/baldumarket.lt\/lt\/wp-json\/wp\/v2\/product_brand?post=213454"},{"taxonomy":"product_cat","embeddable":true,"href":"https:\/\/baldumarket.lt\/lt\/wp-json\/wp\/v2\/product_cat?post=213454"},{"taxonomy":"product_tag","embeddable":true,"href":"https:\/\/baldumarket.lt\/lt\/wp-json\/wp\/v2\/product_tag?post=213454"}],"curies":[{"name":"wp","href":"https:\/\/api.w.org\/{rel}","templated":true}]}}