{"id":213434,"date":"2025-12-26T19:13:20","date_gmt":"2025-12-26T16:13:20","guid":{"rendered":"https:\/\/baldumarket.lt\/?post_type=product&#038;p=213434"},"modified":"2026-02-03T23:15:16","modified_gmt":"2026-02-03T20:15:16","slug":"lozko-kontynentalne-emporio-160x200-tapicerowane-materac-topper-pojemnik","status":"publish","type":"product","link":"https:\/\/baldumarket.lt\/lt\/product\/lozko-kontynentalne-emporio-160x200-tapicerowane-materac-topper-pojemnik\/","title":{"rendered":"Emporio kontinentin\u0117 lova 160\u00d7200, apmu\u0161ta, \u010diu\u017einys, \u010diu\u017einuko u\u017etiesalas, konteineris"},"content":{"rendered":"<p>\u201eEmporio\u201c 160\u00d7200 cm kontinentin\u0117 lova \u2013 puikus sprendimas ie\u0161kantiems patogios ir funkcionalios didesn\u0117s lovos, idealiai tinkan\u010dios vidutinio ir didesnio dyd\u017eio miegamiesiems. \u0160is modelis turi du \u0161onuose atidaromus patalyn\u0117s skyrius, kuriuose patogu ir prakti\u0161ka laikyti antklodes, patalyn\u0119 ir kitus tekstil\u0117s gaminius, padedant palaikyti tvark\u0105 miegamajame.<\/p>","protected":false},"excerpt":{"rendered":"<p>Plotis: 164 cm<br \/>\nIlgis: 208 cm<br \/>\nAuk\u0161tis: 103 cm<br \/>\nMiegamoji erdv\u0117: 160 \u00d7 200 cm<br \/>\nMiegojimo auk\u0161tis: 52 cm<\/p>","protected":false},"featured_media":213552,"comment_status":"open","ping_status":"closed","template":"","meta":[],"product_brand":[],"product_cat":[505,1971,514,7271],"product_tag":[],"class_list":{"0":"post-213434","1":"product","2":"type-product","3":"status-publish","4":"has-post-thumbnail","6":"product_cat-bedroom-beds","7":"product_cat-beds-160x200","8":"product_cat-continental-beds","9":"product_cat-meble-gruszka","11":"first","12":"instock","13":"shipping-taxable","14":"purchasable","15":"product-type-variable","16":"wvs-archive-product-wrapper"},"_links":{"self":[{"href":"https:\/\/baldumarket.lt\/lt\/wp-json\/wp\/v2\/product\/213434","targetHints":{"allow":["GET"]}}],"collection":[{"href":"https:\/\/baldumarket.lt\/lt\/wp-json\/wp\/v2\/product"}],"about":[{"href":"https:\/\/baldumarket.lt\/lt\/wp-json\/wp\/v2\/types\/product"}],"replies":[{"embeddable":true,"href":"https:\/\/baldumarket.lt\/lt\/wp-json\/wp\/v2\/comments?post=213434"}],"wp:featuredmedia":[{"embeddable":true,"href":"https:\/\/baldumarket.lt\/lt\/wp-json\/wp\/v2\/media\/213552"}],"wp:attachment":[{"href":"https:\/\/baldumarket.lt\/lt\/wp-json\/wp\/v2\/media?parent=213434"}],"wp:term":[{"taxonomy":"product_brand","embeddable":true,"href":"https:\/\/baldumarket.lt\/lt\/wp-json\/wp\/v2\/product_brand?post=213434"},{"taxonomy":"product_cat","embeddable":true,"href":"https:\/\/baldumarket.lt\/lt\/wp-json\/wp\/v2\/product_cat?post=213434"},{"taxonomy":"product_tag","embeddable":true,"href":"https:\/\/baldumarket.lt\/lt\/wp-json\/wp\/v2\/product_tag?post=213434"}],"curies":[{"name":"wp","href":"https:\/\/api.w.org\/{rel}","templated":true}]}}