{"id":213409,"date":"2025-12-26T19:12:21","date_gmt":"2025-12-26T16:12:21","guid":{"rendered":"https:\/\/baldumarket.lt\/?post_type=product&#038;p=213409"},"modified":"2026-02-03T23:15:16","modified_gmt":"2026-02-03T20:15:16","slug":"lozko-kontynentalne-emporio-200x200-tapicerowane-materac-topper-pojemnik","status":"publish","type":"product","link":"https:\/\/baldumarket.lt\/lt\/product\/lozko-kontynentalne-emporio-200x200-tapicerowane-materac-topper-pojemnik\/","title":{"rendered":"Emporio kontinentin\u0117 lova 200\u00d7200, apmu\u0161ta, \u010diu\u017einys, \u010diu\u017einuko u\u017etiesalas, konteineris"},"content":{"rendered":"<p>\u201eEmporio\u201c 200\u00d7200 cm kontinentin\u0117 lova \u2013 puikus pasirinkimas ie\u0161kantiems didel\u0117s, patogios ir stilingos lovos erdviam miegamajam. \u0160is baldas, turintis du \u0161onuose atsidaran\u010dius patalyn\u0117s skyrius su automatiniais spyruokliniais mechanizmais, yra funkcionalus daikt\u0173 laikymo sprendimas, neaukojant komforto ar prakti\u0161kumo.<\/p>","protected":false},"excerpt":{"rendered":"<p>Plotis: 204 cm<br \/>\nIlgis: 208 cm<br \/>\nAuk\u0161tis: 103 cm<br \/>\nMiegamasis plotas: 200 \u00d7 200 cm<br \/>\nMiegojimo auk\u0161tis: 52 cm<\/p>","protected":false},"featured_media":213534,"comment_status":"open","ping_status":"closed","template":"","meta":[],"product_brand":[],"product_cat":[505,9143,514,7271],"product_tag":[],"class_list":{"0":"post-213409","1":"product","2":"type-product","3":"status-publish","4":"has-post-thumbnail","6":"product_cat-bedroom-beds","7":"product_cat-beds-200x200","8":"product_cat-continental-beds","9":"product_cat-meble-gruszka","11":"first","12":"instock","13":"shipping-taxable","14":"purchasable","15":"product-type-variable","16":"wvs-archive-product-wrapper"},"_links":{"self":[{"href":"https:\/\/baldumarket.lt\/lt\/wp-json\/wp\/v2\/product\/213409","targetHints":{"allow":["GET"]}}],"collection":[{"href":"https:\/\/baldumarket.lt\/lt\/wp-json\/wp\/v2\/product"}],"about":[{"href":"https:\/\/baldumarket.lt\/lt\/wp-json\/wp\/v2\/types\/product"}],"replies":[{"embeddable":true,"href":"https:\/\/baldumarket.lt\/lt\/wp-json\/wp\/v2\/comments?post=213409"}],"wp:featuredmedia":[{"embeddable":true,"href":"https:\/\/baldumarket.lt\/lt\/wp-json\/wp\/v2\/media\/213534"}],"wp:attachment":[{"href":"https:\/\/baldumarket.lt\/lt\/wp-json\/wp\/v2\/media?parent=213409"}],"wp:term":[{"taxonomy":"product_brand","embeddable":true,"href":"https:\/\/baldumarket.lt\/lt\/wp-json\/wp\/v2\/product_brand?post=213409"},{"taxonomy":"product_cat","embeddable":true,"href":"https:\/\/baldumarket.lt\/lt\/wp-json\/wp\/v2\/product_cat?post=213409"},{"taxonomy":"product_tag","embeddable":true,"href":"https:\/\/baldumarket.lt\/lt\/wp-json\/wp\/v2\/product_tag?post=213409"}],"curies":[{"name":"wp","href":"https:\/\/api.w.org\/{rel}","templated":true}]}}