{"id":213407,"date":"2025-12-26T19:12:18","date_gmt":"2025-12-26T16:12:18","guid":{"rendered":"https:\/\/baldumarket.lt\/?post_type=product&#038;p=213407"},"modified":"2026-02-03T23:15:17","modified_gmt":"2026-02-03T20:15:17","slug":"lozko-kontynentalne-enzo-120x200-tapicerowane-materac-topper-pojemnik","status":"publish","type":"product","link":"https:\/\/baldumarket.lt\/lt\/product\/lozko-kontynentalne-enzo-120x200-tapicerowane-materac-topper-pojemnik\/","title":{"rendered":"Enzo kontinentin\u0117 lova 120\u00d7200, apmu\u0161ta, \u010diu\u017einys, \u010diu\u017einuko u\u017etiesalas, konteineris"},"content":{"rendered":"<p>\u201eEnzo\u201c kontinentin\u0117 lova, kurios miegamojo plotas yra 120 \u00d7 200 cm, idealiai tinka jaunimo kambariui arba ma\u017eam miegamajam. I\u0161 kit\u0173 pana\u0161i\u0173 bald\u0173 ji i\u0161siskiria i\u0161skirtiniu galv\u016bgalio si\u016bli\u0173 ra\u0161tu. \u0160i apmu\u0161ta lova gali b\u016bti dviej\u0173 audini\u0173 arba vientiso audinio. Ji turi ki\u0161enini\u0173 spyruokli\u0173 \u010diu\u017ein\u012f ir 5 cm storio putplas\u010dio vir\u0161utin\u012f sluoksn\u012f. Apatin\u0117je dalyje yra \u0161onuose atidaromi patalyn\u0117s skyriai. Komplekt\u0105 galima u\u017esisakyti i\u0161 plataus audini\u0173 rinkinio. Baldams reikia minimalaus surinkimo.<\/p>","protected":false},"excerpt":{"rendered":"<p>Plotis: 120 cm<br \/>\nIlgis: 213 cm<br \/>\nAuk\u0161tis: 120 cm<br \/>\nMiegamasis plotas: 120 \u00d7 200 cm<br \/>\nMiegamosios dalies auk\u0161tis: 64 cm<\/p>","protected":false},"featured_media":213527,"comment_status":"open","ping_status":"closed","template":"","meta":[],"product_brand":[],"product_cat":[505,1969,514,7271],"product_tag":[],"class_list":{"0":"post-213407","1":"product","2":"type-product","3":"status-publish","4":"has-post-thumbnail","6":"product_cat-bedroom-beds","7":"product_cat-beds-120x200","8":"product_cat-continental-beds","9":"product_cat-meble-gruszka","11":"first","12":"instock","13":"shipping-taxable","14":"purchasable","15":"product-type-variable","16":"wvs-archive-product-wrapper"},"_links":{"self":[{"href":"https:\/\/baldumarket.lt\/lt\/wp-json\/wp\/v2\/product\/213407","targetHints":{"allow":["GET"]}}],"collection":[{"href":"https:\/\/baldumarket.lt\/lt\/wp-json\/wp\/v2\/product"}],"about":[{"href":"https:\/\/baldumarket.lt\/lt\/wp-json\/wp\/v2\/types\/product"}],"replies":[{"embeddable":true,"href":"https:\/\/baldumarket.lt\/lt\/wp-json\/wp\/v2\/comments?post=213407"}],"wp:featuredmedia":[{"embeddable":true,"href":"https:\/\/baldumarket.lt\/lt\/wp-json\/wp\/v2\/media\/213527"}],"wp:attachment":[{"href":"https:\/\/baldumarket.lt\/lt\/wp-json\/wp\/v2\/media?parent=213407"}],"wp:term":[{"taxonomy":"product_brand","embeddable":true,"href":"https:\/\/baldumarket.lt\/lt\/wp-json\/wp\/v2\/product_brand?post=213407"},{"taxonomy":"product_cat","embeddable":true,"href":"https:\/\/baldumarket.lt\/lt\/wp-json\/wp\/v2\/product_cat?post=213407"},{"taxonomy":"product_tag","embeddable":true,"href":"https:\/\/baldumarket.lt\/lt\/wp-json\/wp\/v2\/product_tag?post=213407"}],"curies":[{"name":"wp","href":"https:\/\/api.w.org\/{rel}","templated":true}]}}