{"id":213393,"date":"2025-12-26T19:11:35","date_gmt":"2025-12-26T16:11:35","guid":{"rendered":"https:\/\/baldumarket.lt\/?post_type=product&#038;p=213393"},"modified":"2026-02-03T23:15:17","modified_gmt":"2026-02-03T20:15:17","slug":"lozko-kontynentalne-enzo-140x200-tapicerowane-materac-topper-pojemnik","status":"publish","type":"product","link":"https:\/\/baldumarket.lt\/lt\/product\/lozko-kontynentalne-enzo-140x200-tapicerowane-materac-topper-pojemnik\/","title":{"rendered":"Enzo kontinentin\u0117 lova 140\u00d7200, apmu\u0161ta, \u010diu\u017einys, \u010diu\u017einuko u\u017etiesalas, konteineris"},"content":{"rendered":"<p>Jei ie\u0161kote eleganti\u0161kos, modernios ir vidutinio dyd\u017eio lovos, turime jums puik\u0173 pasirinkim\u0105: \u201eEnzo\u201c kontinentin\u0119 lov\u0105, kurios miegamojo plotas yra 140 \u00d7 200 cm. I\u0161skirtinis \u0161ios lovos bruo\u017eas \u2013 didelis, unikaliai dygsniuotas galv\u016bgalis, suteikiantis jai modern\u0173 dizain\u0105. Lovoje yra septyni\u0173 zon\u0173 ki\u0161enini\u0173 spyruokli\u0173 \u010diu\u017einys ir putplas\u010dio vir\u0161utinis sluoksnis, u\u017etikrinantis auk\u0161t\u0105 komforto lyg\u012f tiek dien\u0105, tiek nakt\u012f. Komplekto apa\u010dioje yra du patalyn\u0117s skyriai. J\u0173 \u0161onin\u012f atidarym\u0105 palaiko automatiniai spyruokliniai mechanizmai, tod\u0117l surinkimas yra paprastas. Lova gali b\u016bti dviej\u0173 tip\u0173 apmu\u0161al\u0173. Produkto vedlyje yra audini\u0173 pavyzdys. Komplektas pristatomas su minimaliu surinkimu.<\/p>","protected":false},"excerpt":{"rendered":"<p>Plotis: 140 cm<br \/>\nIlgis: 213 cm<br \/>\nAuk\u0161tis: 120 cm<br \/>\nMiegamasis plotas: 140 \u00d7 200 cm<br \/>\nMiegamosios dalies auk\u0161tis: 64 cm<\/p>","protected":false},"featured_media":213518,"comment_status":"open","ping_status":"closed","template":"","meta":[],"product_brand":[],"product_cat":[505,1970,514,7271],"product_tag":[],"class_list":{"0":"post-213393","1":"product","2":"type-product","3":"status-publish","4":"has-post-thumbnail","6":"product_cat-bedroom-beds","7":"product_cat-beds-140x200","8":"product_cat-continental-beds","9":"product_cat-meble-gruszka","11":"first","12":"instock","13":"shipping-taxable","14":"purchasable","15":"product-type-variable","16":"wvs-archive-product-wrapper"},"_links":{"self":[{"href":"https:\/\/baldumarket.lt\/lt\/wp-json\/wp\/v2\/product\/213393","targetHints":{"allow":["GET"]}}],"collection":[{"href":"https:\/\/baldumarket.lt\/lt\/wp-json\/wp\/v2\/product"}],"about":[{"href":"https:\/\/baldumarket.lt\/lt\/wp-json\/wp\/v2\/types\/product"}],"replies":[{"embeddable":true,"href":"https:\/\/baldumarket.lt\/lt\/wp-json\/wp\/v2\/comments?post=213393"}],"wp:featuredmedia":[{"embeddable":true,"href":"https:\/\/baldumarket.lt\/lt\/wp-json\/wp\/v2\/media\/213518"}],"wp:attachment":[{"href":"https:\/\/baldumarket.lt\/lt\/wp-json\/wp\/v2\/media?parent=213393"}],"wp:term":[{"taxonomy":"product_brand","embeddable":true,"href":"https:\/\/baldumarket.lt\/lt\/wp-json\/wp\/v2\/product_brand?post=213393"},{"taxonomy":"product_cat","embeddable":true,"href":"https:\/\/baldumarket.lt\/lt\/wp-json\/wp\/v2\/product_cat?post=213393"},{"taxonomy":"product_tag","embeddable":true,"href":"https:\/\/baldumarket.lt\/lt\/wp-json\/wp\/v2\/product_tag?post=213393"}],"curies":[{"name":"wp","href":"https:\/\/api.w.org\/{rel}","templated":true}]}}