{"id":213391,"date":"2025-12-26T19:11:32","date_gmt":"2025-12-26T16:11:32","guid":{"rendered":"https:\/\/baldumarket.lt\/?post_type=product&#038;p=213391"},"modified":"2026-02-03T23:15:17","modified_gmt":"2026-02-03T20:15:17","slug":"lozko-kontynentalne-enzo-160x200-tapicerowane-materac-topper-pojemnik","status":"publish","type":"product","link":"https:\/\/baldumarket.lt\/lt\/product\/lozko-kontynentalne-enzo-160x200-tapicerowane-materac-topper-pojemnik\/","title":{"rendered":"Enzo kontinentin\u0117 lova 160\u00d7200, apmu\u0161ta, \u010diu\u017einys, \u010diu\u017einuko u\u017etiesalas, konteineris"},"content":{"rendered":"<p>\u201eEnzo\u201c kontinentin\u0117 lova nuo kit\u0173 pana\u0161i\u0173 modeli\u0173 i\u0161siskiria eleganti\u0161ka i\u0161vaizda. Jai b\u016bdingas kruop\u0161tus meistri\u0161kumas, matomas, pavyzd\u017eiui, galv\u016bgalio si\u016bl\u0117se. Lova ypa\u010d \u012fsp\u016bdingai atrodo derinama su dviem kontrastingais audiniais, kurie pabr\u0117\u017eia unikal\u0173 jos dizain\u0105. \u010ciu\u017einys patogus, vidutinio kietumo ki\u0161enini\u0173 spyruokli\u0173, u\u017edengtas mink\u0161tu, ma\u017edaug 5 cm storio putplas\u010dio vir\u0161utiniu sluoksniu. Po jais yra du patalyn\u0117s skyriai, kurie atsidaro spyruokliniais mechanizmais. Lov\u0105 galima u\u017esisakyti i\u0161 plataus audini\u0173 pavyzd\u017ei\u0173 pasirinkimo, kur\u012f rasite m\u016bs\u0173 salone.<\/p>","protected":false},"excerpt":{"rendered":"<p>Plotis: 160 cm<br \/>\nIlgis: 213 cm<br \/>\nAuk\u0161tis: 120 cm<br \/>\nMiegamoji erdv\u0117: 160 \u00d7 200 cm<br \/>\nMiegamosios dalies auk\u0161tis: 64 cm<\/p>","protected":false},"featured_media":213508,"comment_status":"open","ping_status":"closed","template":"","meta":[],"product_brand":[],"product_cat":[505,1971,514,7271],"product_tag":[],"class_list":{"0":"post-213391","1":"product","2":"type-product","3":"status-publish","4":"has-post-thumbnail","6":"product_cat-bedroom-beds","7":"product_cat-beds-160x200","8":"product_cat-continental-beds","9":"product_cat-meble-gruszka","11":"first","12":"instock","13":"shipping-taxable","14":"purchasable","15":"product-type-variable","16":"wvs-archive-product-wrapper"},"_links":{"self":[{"href":"https:\/\/baldumarket.lt\/lt\/wp-json\/wp\/v2\/product\/213391","targetHints":{"allow":["GET"]}}],"collection":[{"href":"https:\/\/baldumarket.lt\/lt\/wp-json\/wp\/v2\/product"}],"about":[{"href":"https:\/\/baldumarket.lt\/lt\/wp-json\/wp\/v2\/types\/product"}],"replies":[{"embeddable":true,"href":"https:\/\/baldumarket.lt\/lt\/wp-json\/wp\/v2\/comments?post=213391"}],"wp:featuredmedia":[{"embeddable":true,"href":"https:\/\/baldumarket.lt\/lt\/wp-json\/wp\/v2\/media\/213508"}],"wp:attachment":[{"href":"https:\/\/baldumarket.lt\/lt\/wp-json\/wp\/v2\/media?parent=213391"}],"wp:term":[{"taxonomy":"product_brand","embeddable":true,"href":"https:\/\/baldumarket.lt\/lt\/wp-json\/wp\/v2\/product_brand?post=213391"},{"taxonomy":"product_cat","embeddable":true,"href":"https:\/\/baldumarket.lt\/lt\/wp-json\/wp\/v2\/product_cat?post=213391"},{"taxonomy":"product_tag","embeddable":true,"href":"https:\/\/baldumarket.lt\/lt\/wp-json\/wp\/v2\/product_tag?post=213391"}],"curies":[{"name":"wp","href":"https:\/\/api.w.org\/{rel}","templated":true}]}}