{"id":213377,"date":"2025-12-26T19:10:50","date_gmt":"2025-12-26T16:10:50","guid":{"rendered":"https:\/\/baldumarket.lt\/?post_type=product&#038;p=213377"},"modified":"2026-02-03T23:15:17","modified_gmt":"2026-02-03T20:15:17","slug":"lozko-kontynentalne-enzo-180x200-tapicerowane-materac-topper-pojemnik","status":"publish","type":"product","link":"https:\/\/baldumarket.lt\/lt\/product\/lozko-kontynentalne-enzo-180x200-tapicerowane-materac-topper-pojemnik\/","title":{"rendered":"Enzo kontinentin\u0117 lova 180\u00d7200, apmu\u0161ta, \u010diu\u017einys, \u010diu\u017einuko u\u017etiesalas, konteineris"},"content":{"rendered":"<p>\u201eEnzo\u201c kontinentin\u0117 lova, kurios miegamojo plotas yra 180 \u00d7 200 cm, pasi\u017eymi moderniu dizainu, kur\u012f pabr\u0117\u017eia i\u0161skirtinai siuvin\u0117tas galv\u016bgalis. Komplekt\u0105 galima \u012fsigyti i\u0161 vieno audinio arba dviej\u0173 skirting\u0173 apmu\u0161al\u0173 med\u017eiag\u0173 derinio. Apatin\u0117je lovos dalyje yra du erdv\u016bs patalyn\u0117s skyriai, kurie atsidaro \u012f \u0161onus spyruokli\u0173 pagalba. Septyni\u0173 zon\u0173 ki\u0161enini\u0173 spyruokli\u0173 \u010diu\u017einys su 5 cm storio putplas\u010dio vir\u0161utiniu sluoksniu u\u017etikrina auk\u0161t\u0105 poilsio standart\u0105. Lova si\u016bloma su \u012fvairiais apmu\u0161alais, kuri\u0173 pavyzd\u017eius galite rasti \u201eProduct Creator\u201c svetain\u0117je. Baldai pristatomi su minimaliu surinkimu.<\/p>","protected":false},"excerpt":{"rendered":"<p>Plotis: 180 cm<br \/>\nIlgis: 213 cm<br \/>\nAuk\u0161tis: 120 cm<br \/>\nMiegamoji erdv\u0117: 180 \u00d7 200 cm<br \/>\nMiegamosios dalies auk\u0161tis: 64 cm<\/p>","protected":false},"featured_media":213501,"comment_status":"open","ping_status":"closed","template":"","meta":[],"product_brand":[],"product_cat":[505,1972,514,7271],"product_tag":[],"class_list":{"0":"post-213377","1":"product","2":"type-product","3":"status-publish","4":"has-post-thumbnail","6":"product_cat-bedroom-beds","7":"product_cat-beds-180x200","8":"product_cat-continental-beds","9":"product_cat-meble-gruszka","11":"first","12":"instock","13":"shipping-taxable","14":"purchasable","15":"product-type-variable","16":"wvs-archive-product-wrapper"},"_links":{"self":[{"href":"https:\/\/baldumarket.lt\/lt\/wp-json\/wp\/v2\/product\/213377","targetHints":{"allow":["GET"]}}],"collection":[{"href":"https:\/\/baldumarket.lt\/lt\/wp-json\/wp\/v2\/product"}],"about":[{"href":"https:\/\/baldumarket.lt\/lt\/wp-json\/wp\/v2\/types\/product"}],"replies":[{"embeddable":true,"href":"https:\/\/baldumarket.lt\/lt\/wp-json\/wp\/v2\/comments?post=213377"}],"wp:featuredmedia":[{"embeddable":true,"href":"https:\/\/baldumarket.lt\/lt\/wp-json\/wp\/v2\/media\/213501"}],"wp:attachment":[{"href":"https:\/\/baldumarket.lt\/lt\/wp-json\/wp\/v2\/media?parent=213377"}],"wp:term":[{"taxonomy":"product_brand","embeddable":true,"href":"https:\/\/baldumarket.lt\/lt\/wp-json\/wp\/v2\/product_brand?post=213377"},{"taxonomy":"product_cat","embeddable":true,"href":"https:\/\/baldumarket.lt\/lt\/wp-json\/wp\/v2\/product_cat?post=213377"},{"taxonomy":"product_tag","embeddable":true,"href":"https:\/\/baldumarket.lt\/lt\/wp-json\/wp\/v2\/product_tag?post=213377"}],"curies":[{"name":"wp","href":"https:\/\/api.w.org\/{rel}","templated":true}]}}