{"id":213375,"date":"2025-12-26T19:10:47","date_gmt":"2025-12-26T16:10:47","guid":{"rendered":"https:\/\/baldumarket.lt\/?post_type=product&#038;p=213375"},"modified":"2026-02-03T23:15:17","modified_gmt":"2026-02-03T20:15:17","slug":"lozko-kontynentalne-enzo-200x200-tapicerowane-materac-topper-pojemnik","status":"publish","type":"product","link":"https:\/\/baldumarket.lt\/lt\/product\/lozko-kontynentalne-enzo-200x200-tapicerowane-materac-topper-pojemnik\/","title":{"rendered":"Enzo kontinentin\u0117 lova 200\u00d7200, apmu\u0161ta, \u010diu\u017einys, \u010diu\u017einuko u\u017etiesalas, konteineris"},"content":{"rendered":"<p>Moderni, mink\u0161ta \u201eEnzo\u201c kontinentin\u0117 lova, kurios miegamojo plotas yra 200 \u00d7 200 cm, pasi\u017eymi modernistiniu stiliumi, kur\u012f pabr\u0117\u017eia dygsniuotas galv\u016bgalis. Lova pasi\u017eymi labai dideliu miegojimo pavir\u0161iumi, o komfort\u0105 garantuoja septyni\u0173 zon\u0173 ki\u0161enini\u0173 spyruokli\u0173 \u010diu\u017einys ir 5 cm storio putplas\u010dio vir\u0161utinis sluoksnis. Apatin\u0117je komplekto dalyje yra dvi erdvios patalyn\u0117s d\u0117\u017e\u0117s su \u0161oniniu atidarymu. \u0160\u012f atidarym\u0105 palengvina automatiniai spyruokli\u0173 mechanizmai, tod\u0117l tai paprasta. Lova si\u016bloma su pla\u010diu audini\u0173 pasirinkimu, kur\u012f rasite gaminio vedlyje. Komplekt\u0105 reikia surinkti minimaliai.<\/p>","protected":false},"excerpt":{"rendered":"<p>Plotis: 200 cm<br \/>\nIlgis: 213 cm<br \/>\nAuk\u0161tis: 120 cm<br \/>\nMiegamasis plotas: 200 \u00d7 200 cm<br \/>\nMiegojimo auk\u0161tis: 64 cm<\/p>","protected":false},"featured_media":213491,"comment_status":"open","ping_status":"closed","template":"","meta":[],"product_brand":[],"product_cat":[505,9143,514,7271],"product_tag":[],"class_list":{"0":"post-213375","1":"product","2":"type-product","3":"status-publish","4":"has-post-thumbnail","6":"product_cat-bedroom-beds","7":"product_cat-beds-200x200","8":"product_cat-continental-beds","9":"product_cat-meble-gruszka","11":"first","12":"instock","13":"shipping-taxable","14":"purchasable","15":"product-type-variable","16":"wvs-archive-product-wrapper"},"_links":{"self":[{"href":"https:\/\/baldumarket.lt\/lt\/wp-json\/wp\/v2\/product\/213375","targetHints":{"allow":["GET"]}}],"collection":[{"href":"https:\/\/baldumarket.lt\/lt\/wp-json\/wp\/v2\/product"}],"about":[{"href":"https:\/\/baldumarket.lt\/lt\/wp-json\/wp\/v2\/types\/product"}],"replies":[{"embeddable":true,"href":"https:\/\/baldumarket.lt\/lt\/wp-json\/wp\/v2\/comments?post=213375"}],"wp:featuredmedia":[{"embeddable":true,"href":"https:\/\/baldumarket.lt\/lt\/wp-json\/wp\/v2\/media\/213491"}],"wp:attachment":[{"href":"https:\/\/baldumarket.lt\/lt\/wp-json\/wp\/v2\/media?parent=213375"}],"wp:term":[{"taxonomy":"product_brand","embeddable":true,"href":"https:\/\/baldumarket.lt\/lt\/wp-json\/wp\/v2\/product_brand?post=213375"},{"taxonomy":"product_cat","embeddable":true,"href":"https:\/\/baldumarket.lt\/lt\/wp-json\/wp\/v2\/product_cat?post=213375"},{"taxonomy":"product_tag","embeddable":true,"href":"https:\/\/baldumarket.lt\/lt\/wp-json\/wp\/v2\/product_tag?post=213375"}],"curies":[{"name":"wp","href":"https:\/\/api.w.org\/{rel}","templated":true}]}}