{"id":213358,"date":"2025-12-26T19:10:02","date_gmt":"2025-12-26T16:10:02","guid":{"rendered":"https:\/\/baldumarket.lt\/?post_type=product&#038;p=213358"},"modified":"2026-02-03T23:15:18","modified_gmt":"2026-02-03T20:15:18","slug":"lozko-kontynentalne-fandy-140x200-tapicerowane-materace-topper-pojemnik","status":"publish","type":"product","link":"https:\/\/baldumarket.lt\/lt\/product\/lozko-kontynentalne-fandy-140x200-tapicerowane-materace-topper-pojemnik\/","title":{"rendered":"Fandy kontinentin\u0117 lova 140\u00d7200, apmu\u0161ta, \u010diu\u017einiai, \u010diu\u017einys ant\u010diu\u017einys, konteineris"},"content":{"rendered":"<p>Jei svajojate apie miegam\u0105j\u012f, kuris \u017eav\u0117t\u0173 elegancija ir u\u017etikrint\u0173 auk\u0161t\u0105 miego komforto lyg\u012f, \u201eFandy 140\u00d7200\u201c kontinentin\u0117 lova yra puikus pasirinkimas. \u0160is unikalus baldas derina modern\u0173 dizain\u0105, funkcionalum\u0105 ir \u017eaves\u012f, sukurdamas unikali\u0105 atsipalaidavimo atmosfer\u0105.<\/p>","protected":false},"excerpt":{"rendered":"<p>Plotis: 170 cm<br \/>\nIlgis: 205 cm<br \/>\n\u016agis: 135 cm<br \/>\nMiegamasis plotas: 140 \u00d7 200 cm<br \/>\nMiegamosios dalies auk\u0161tis: 66 cm<\/p>","protected":false},"featured_media":213473,"comment_status":"open","ping_status":"closed","template":"","meta":[],"product_brand":[],"product_cat":[505,1970,514,7271],"product_tag":[],"class_list":{"0":"post-213358","1":"product","2":"type-product","3":"status-publish","4":"has-post-thumbnail","6":"product_cat-bedroom-beds","7":"product_cat-beds-140x200","8":"product_cat-continental-beds","9":"product_cat-meble-gruszka","11":"first","12":"instock","13":"shipping-taxable","14":"purchasable","15":"product-type-variable","16":"wvs-archive-product-wrapper"},"_links":{"self":[{"href":"https:\/\/baldumarket.lt\/lt\/wp-json\/wp\/v2\/product\/213358","targetHints":{"allow":["GET"]}}],"collection":[{"href":"https:\/\/baldumarket.lt\/lt\/wp-json\/wp\/v2\/product"}],"about":[{"href":"https:\/\/baldumarket.lt\/lt\/wp-json\/wp\/v2\/types\/product"}],"replies":[{"embeddable":true,"href":"https:\/\/baldumarket.lt\/lt\/wp-json\/wp\/v2\/comments?post=213358"}],"wp:featuredmedia":[{"embeddable":true,"href":"https:\/\/baldumarket.lt\/lt\/wp-json\/wp\/v2\/media\/213473"}],"wp:attachment":[{"href":"https:\/\/baldumarket.lt\/lt\/wp-json\/wp\/v2\/media?parent=213358"}],"wp:term":[{"taxonomy":"product_brand","embeddable":true,"href":"https:\/\/baldumarket.lt\/lt\/wp-json\/wp\/v2\/product_brand?post=213358"},{"taxonomy":"product_cat","embeddable":true,"href":"https:\/\/baldumarket.lt\/lt\/wp-json\/wp\/v2\/product_cat?post=213358"},{"taxonomy":"product_tag","embeddable":true,"href":"https:\/\/baldumarket.lt\/lt\/wp-json\/wp\/v2\/product_tag?post=213358"}],"curies":[{"name":"wp","href":"https:\/\/api.w.org\/{rel}","templated":true}]}}